{"id":986,"date":"2024-01-18T22:12:49","date_gmt":"2024-01-18T21:12:49","guid":{"rendered":"https:\/\/armyppe.com\/?post_type=product&#038;p=986"},"modified":"2024-08-19T19:38:59","modified_gmt":"2024-08-19T17:38:59","slug":"wklad-klasy-iii-2","status":"publish","type":"product","link":"https:\/\/armyppe.com\/uk\/sklep\/wklad-klasy-iii-2\/","title":{"rendered":"Wk\u0142ad klasy III+"},"content":{"rendered":"<p><iframe title=\"BulletProof PPE, p\u0142yta balistyczna, wk\u0142ad balistyczny kuloodporny, klasy III\" width=\"843\" height=\"474\" data-src=\"https:\/\/www.youtube.com\/embed\/ji9RE_XP_AU?feature=oembed\" frameborder=\"0\" allow=\"accelerometer; autoplay; clipboard-write; encrypted-media; gyroscope; picture-in-picture; web-share\" referrerpolicy=\"strict-origin-when-cross-origin\" allowfullscreen src=\"data:image\/gif;base64,R0lGODlhAQABAAAAACH5BAEKAAEALAAAAAABAAEAAAICTAEAOw==\" class=\"lazyload\" data-load-mode=\"1\"><\/iframe><\/p>\n<p>&nbsp;<\/p>\n<p>&nbsp;<\/p>","protected":false},"excerpt":{"rendered":"<p>Klasa III+ to odpowiednik: Polskiej normy K4 i Ukrai\u0144skiej 5<\/p>\n<p>P\u0142yty tej klasy maj\u0105 zatrzymywa\u0107 pociski te same co p\u0142yty klasy III a ponadto zatrzymywa\u0107<br \/>\npociski 7,62&#215;39 ze stalowym rdzeniem w zasadzie ta klasa zosta\u0142o specjalnie pod tym k\u0105tem<br \/>\nzredagowana. Dlatego te\u017c zewn\u0119trzna warstwa tej p\u0142yty to ceramika, maj\u0105ca na celu<br \/>\nspowodowanie grzybkowania i\/lub fragmentacji pocisku a spodnia warstwa HMPE<br \/>\nzatrzymuje ju\u017c \u201eotwarty\u201d pocisk, oczywi\u015bcie odbywa si\u0119 to kosztem wi\u0119kszej wagi ni\u017c p\u0142yta<br \/>\nklasy III, niemniej jednak wa\u017cy ona mniej a\u017c o 300gram ni\u017c p\u0142yta klasy IV. P\u0142yta klasy III+<br \/>\nzatrzymuje pociski kalibru:<br \/>\n\uf0b7 7,62\u00d739 pe\u0142nop\u0142aszcz z rdzeniem stalowym\/ penetruj\u0105cym<br \/>\n\uf0b7 7,62&#215;51 pe\u0142nop\u0142aszcz z rdzeniem standardowym<br \/>\n\uf0b7 7,62\u00d754 SWD pe\u0142nop\u0142aszcz z rdzeniem standardowym<br \/>\n\uf0b7 3006SPR pe\u0142nop\u0142aszcz z rdzeniem standardowym<\/p>\n<p>Waga: 2,2kg<br \/>\nWymiary: 25&#215;30(10\u201dx12\u201d)x2,2cm<\/p>\n<p>Materia\u0142: Sic + HMPE<\/p>\n<p>Gwarancja: 15 lat od daty z\u0142o\u017cenia zam\u00f3wienia<\/p>\n<p>\u0412\u0438\u0440\u043e\u0431\u043d\u0438\u043a: BulletProof PPE LLC, Wilmington Delaware USA<\/p>\n<p><strong>\u042f\u043a\u0449\u043e \u0432\u0438 \u043a\u0443\u043f\u0443\u0454\u0442\u0435 \u0431\u0456\u043b\u044c\u0448\u0435 10 \u0442\u043e\u0432\u0430\u0440\u0456\u0432, \u0431\u0443\u0434\u044c \u043b\u0430\u0441\u043a\u0430, \u0437\u0432'\u044f\u0436\u0456\u0442\u044c\u0441\u044f \u0437 \u043d\u0430\u043c\u0438 \u0435\u043b\u0435\u043a\u0442\u0440\u043e\u043d\u043d\u043e\u044e \u043f\u043e\u0448\u0442\u043e\u044e, \u0449\u043e\u0431 \u043e\u0442\u0440\u0438\u043c\u0430\u0442\u0438 \u0437\u043d\u0438\u0436\u043a\u0443<\/strong><\/p>\n<p>&nbsp;<\/p>\n<p><span style=\"font-size: 10px;\">*Produkt mo\u017ce r\u00f3\u017cni\u0107 si\u0119 nieznacznie od zdj\u0119cia, zdj\u0119cia maj\u0105 charakter pogl\u0105dowy<\/span><\/p>","protected":false},"featured_media":1370,"comment_status":"open","ping_status":"closed","template":"","meta":[],"product_cat":[36,21],"product_tag":[],"class_list":{"0":"post-986","1":"product","2":"type-product","3":"status-publish","4":"has-post-thumbnail","6":"product_cat-bestsellery-nowosci","7":"product_cat-plyty-wklady","9":"first","10":"instock","11":"shipping-taxable","12":"purchasable","13":"product-type-simple","14":"customify-col","15":"product-has-gallery"},"yoast_head":"<!-- This site is optimized with the Yoast SEO plugin v23.3 - https:\/\/yoast.com\/wordpress\/plugins\/seo\/ -->\n<title>Wk\u0142ad klasy III+ - ArmyPPE<\/title>\n<meta name=\"description\" content=\"Wk\u0142ad\/ Panel balistyczny, klasy III+ zg. z norm\u0105 NIJ 0101.06, najwy\u017csza forma ochrony kuloodpornej. Zatrzymuje pociski 7,65x39 z rdzeniem stalowym.\" \/>\n<meta name=\"robots\" content=\"index, follow, max-snippet:-1, max-image-preview:large, max-video-preview:-1\" \/>\n<link rel=\"canonical\" href=\"https:\/\/armyppe.com\/uk\/sklep\/wklad-klasy-iii-2\/\" \/>\n<meta property=\"og:locale\" content=\"uk_UA\" \/>\n<meta property=\"og:type\" content=\"article\" \/>\n<meta property=\"og:title\" content=\"Wk\u0142ad klasy III+ - ArmyPPE\" \/>\n<meta property=\"og:description\" content=\"Wk\u0142ad\/ Panel balistyczny, klasy III+ zg. z norm\u0105 NIJ 0101.06, najwy\u017csza forma ochrony kuloodpornej. Zatrzymuje pociski 7,65x39 z rdzeniem stalowym.\" \/>\n<meta property=\"og:url\" content=\"https:\/\/armyppe.com\/uk\/sklep\/wklad-klasy-iii-2\/\" \/>\n<meta property=\"og:site_name\" content=\"ArmyPPE\" \/>\n<meta property=\"article:modified_time\" content=\"2024-08-19T17:38:59+00:00\" \/>\n<meta property=\"og:image\" content=\"https:\/\/armyppe.com\/wp-content\/uploads\/2024\/01\/ARPP-22-scaled.jpg\" \/>\n\t<meta property=\"og:image:width\" content=\"1707\" \/>\n\t<meta property=\"og:image:height\" content=\"2560\" \/>\n\t<meta property=\"og:image:type\" content=\"image\/jpeg\" \/>\n<meta name=\"twitter:card\" content=\"summary_large_image\" \/>\n<meta name=\"twitter:label1\" content=\"\u041f\u0440\u0438\u0431\u043b. \u0447\u0430\u0441 \u0447\u0438\u0442\u0430\u043d\u043d\u044f\" \/>\n\t<meta name=\"twitter:data1\" content=\"1 \u0445\u0432\u0438\u043b\u0438\u043d\u0430\" \/>\n<script type=\"application\/ld+json\" class=\"yoast-schema-graph\">{\"@context\":\"https:\/\/schema.org\",\"@graph\":[{\"@type\":\"WebPage\",\"@id\":\"https:\/\/armyppe.com\/pl_pl\/sklep\/wklad-klasy-iii-2\/\",\"url\":\"https:\/\/armyppe.com\/pl_pl\/sklep\/wklad-klasy-iii-2\/\",\"name\":\"Wk\u0142ad klasy III+ - ArmyPPE\",\"isPartOf\":{\"@id\":\"https:\/\/armyppe.com\/pl_pl\/#website\"},\"primaryImageOfPage\":{\"@id\":\"https:\/\/armyppe.com\/pl_pl\/sklep\/wklad-klasy-iii-2\/#primaryimage\"},\"image\":{\"@id\":\"https:\/\/armyppe.com\/pl_pl\/sklep\/wklad-klasy-iii-2\/#primaryimage\"},\"thumbnailUrl\":\"https:\/\/armyppe.com\/wp-content\/uploads\/2024\/01\/ARPP-22-scaled.jpg\",\"datePublished\":\"2024-01-18T21:12:49+00:00\",\"dateModified\":\"2024-08-19T17:38:59+00:00\",\"description\":\"Wk\u0142ad\/ Panel balistyczny, klasy III+ zg. z norm\u0105 NIJ 0101.06, najwy\u017csza forma ochrony kuloodpornej. Zatrzymuje pociski 7,65x39 z rdzeniem stalowym.\",\"breadcrumb\":{\"@id\":\"https:\/\/armyppe.com\/pl_pl\/sklep\/wklad-klasy-iii-2\/#breadcrumb\"},\"inLanguage\":\"uk\",\"potentialAction\":[{\"@type\":\"ReadAction\",\"target\":[\"https:\/\/armyppe.com\/pl_pl\/sklep\/wklad-klasy-iii-2\/\"]}]},{\"@type\":\"ImageObject\",\"inLanguage\":\"uk\",\"@id\":\"https:\/\/armyppe.com\/pl_pl\/sklep\/wklad-klasy-iii-2\/#primaryimage\",\"url\":\"https:\/\/armyppe.com\/wp-content\/uploads\/2024\/01\/ARPP-22-scaled.jpg\",\"contentUrl\":\"https:\/\/armyppe.com\/wp-content\/uploads\/2024\/01\/ARPP-22-scaled.jpg\",\"width\":1707,\"height\":2560},{\"@type\":\"BreadcrumbList\",\"@id\":\"https:\/\/armyppe.com\/pl_pl\/sklep\/wklad-klasy-iii-2\/#breadcrumb\",\"itemListElement\":[{\"@type\":\"ListItem\",\"position\":1,\"name\":\"Strona g\u0142\u00f3wna\",\"item\":\"https:\/\/armyppe.com\/pl_pl\/\"},{\"@type\":\"ListItem\",\"position\":2,\"name\":\"Sklep\",\"item\":\"https:\/\/armyppe.com\/pl_pl\/sklep\/\"},{\"@type\":\"ListItem\",\"position\":3,\"name\":\"Wk\u0142ad klasy III+\"}]},{\"@type\":\"WebSite\",\"@id\":\"https:\/\/armyppe.com\/pl_pl\/#website\",\"url\":\"https:\/\/armyppe.com\/pl_pl\/\",\"name\":\"ArmyPPE\",\"description\":\"\",\"publisher\":{\"@id\":\"https:\/\/armyppe.com\/pl_pl\/#organization\"},\"potentialAction\":[{\"@type\":\"SearchAction\",\"target\":{\"@type\":\"EntryPoint\",\"urlTemplate\":\"https:\/\/armyppe.com\/pl_pl\/?s={search_term_string}\"},\"query-input\":\"required name=search_term_string\"}],\"inLanguage\":\"uk\"},{\"@type\":\"Organization\",\"@id\":\"https:\/\/armyppe.com\/pl_pl\/#organization\",\"name\":\"ArmyPPE\",\"url\":\"https:\/\/armyppe.com\/pl_pl\/\",\"logo\":{\"@type\":\"ImageObject\",\"inLanguage\":\"uk\",\"@id\":\"https:\/\/armyppe.com\/pl_pl\/#\/schema\/logo\/image\/\",\"url\":\"https:\/\/armyppe.com\/wp-content\/uploads\/2022\/10\/Group-5.png\",\"contentUrl\":\"https:\/\/armyppe.com\/wp-content\/uploads\/2022\/10\/Group-5.png\",\"width\":262,\"height\":308,\"caption\":\"ArmyPPE\"},\"image\":{\"@id\":\"https:\/\/armyppe.com\/pl_pl\/#\/schema\/logo\/image\/\"}}]}<\/script>\n<!-- \/ Yoast SEO plugin. -->","yoast_head_json":{"title":"Wk\u0142ad klasy III+ - ArmyPPE","description":"Wk\u0142ad\/ Panel balistyczny, klasy III+ zg. z norm\u0105 NIJ 0101.06, najwy\u017csza forma ochrony kuloodpornej. Zatrzymuje pociski 7,65x39 z rdzeniem stalowym.","robots":{"index":"index","follow":"follow","max-snippet":"max-snippet:-1","max-image-preview":"max-image-preview:large","max-video-preview":"max-video-preview:-1"},"canonical":"https:\/\/armyppe.com\/uk\/sklep\/wklad-klasy-iii-2\/","og_locale":"uk_UA","og_type":"article","og_title":"Wk\u0142ad klasy III+ - ArmyPPE","og_description":"Wk\u0142ad\/ Panel balistyczny, klasy III+ zg. z norm\u0105 NIJ 0101.06, najwy\u017csza forma ochrony kuloodpornej. Zatrzymuje pociski 7,65x39 z rdzeniem stalowym.","og_url":"https:\/\/armyppe.com\/uk\/sklep\/wklad-klasy-iii-2\/","og_site_name":"ArmyPPE","article_modified_time":"2024-08-19T17:38:59+00:00","og_image":[{"width":1707,"height":2560,"url":"https:\/\/armyppe.com\/wp-content\/uploads\/2024\/01\/ARPP-22-scaled.jpg","type":"image\/jpeg"}],"twitter_card":"summary_large_image","twitter_misc":{"\u041f\u0440\u0438\u0431\u043b. \u0447\u0430\u0441 \u0447\u0438\u0442\u0430\u043d\u043d\u044f":"1 \u0445\u0432\u0438\u043b\u0438\u043d\u0430"},"schema":{"@context":"https:\/\/schema.org","@graph":[{"@type":"WebPage","@id":"https:\/\/armyppe.com\/pl_pl\/sklep\/wklad-klasy-iii-2\/","url":"https:\/\/armyppe.com\/pl_pl\/sklep\/wklad-klasy-iii-2\/","name":"Wk\u0142ad klasy III+ - ArmyPPE","isPartOf":{"@id":"https:\/\/armyppe.com\/pl_pl\/#website"},"primaryImageOfPage":{"@id":"https:\/\/armyppe.com\/pl_pl\/sklep\/wklad-klasy-iii-2\/#primaryimage"},"image":{"@id":"https:\/\/armyppe.com\/pl_pl\/sklep\/wklad-klasy-iii-2\/#primaryimage"},"thumbnailUrl":"https:\/\/armyppe.com\/wp-content\/uploads\/2024\/01\/ARPP-22-scaled.jpg","datePublished":"2024-01-18T21:12:49+00:00","dateModified":"2024-08-19T17:38:59+00:00","description":"Wk\u0142ad\/ Panel balistyczny, klasy III+ zg. z norm\u0105 NIJ 0101.06, najwy\u017csza forma ochrony kuloodpornej. Zatrzymuje pociski 7,65x39 z rdzeniem stalowym.","breadcrumb":{"@id":"https:\/\/armyppe.com\/pl_pl\/sklep\/wklad-klasy-iii-2\/#breadcrumb"},"inLanguage":"uk","potentialAction":[{"@type":"ReadAction","target":["https:\/\/armyppe.com\/pl_pl\/sklep\/wklad-klasy-iii-2\/"]}]},{"@type":"ImageObject","inLanguage":"uk","@id":"https:\/\/armyppe.com\/pl_pl\/sklep\/wklad-klasy-iii-2\/#primaryimage","url":"https:\/\/armyppe.com\/wp-content\/uploads\/2024\/01\/ARPP-22-scaled.jpg","contentUrl":"https:\/\/armyppe.com\/wp-content\/uploads\/2024\/01\/ARPP-22-scaled.jpg","width":1707,"height":2560},{"@type":"BreadcrumbList","@id":"https:\/\/armyppe.com\/pl_pl\/sklep\/wklad-klasy-iii-2\/#breadcrumb","itemListElement":[{"@type":"ListItem","position":1,"name":"Strona g\u0142\u00f3wna","item":"https:\/\/armyppe.com\/pl_pl\/"},{"@type":"ListItem","position":2,"name":"Sklep","item":"https:\/\/armyppe.com\/pl_pl\/sklep\/"},{"@type":"ListItem","position":3,"name":"Wk\u0142ad klasy III+"}]},{"@type":"WebSite","@id":"https:\/\/armyppe.com\/pl_pl\/#website","url":"https:\/\/armyppe.com\/pl_pl\/","name":"ArmyPPE","description":"","publisher":{"@id":"https:\/\/armyppe.com\/pl_pl\/#organization"},"potentialAction":[{"@type":"SearchAction","target":{"@type":"EntryPoint","urlTemplate":"https:\/\/armyppe.com\/pl_pl\/?s={search_term_string}"},"query-input":"required name=search_term_string"}],"inLanguage":"uk"},{"@type":"Organization","@id":"https:\/\/armyppe.com\/pl_pl\/#organization","name":"ArmyPPE","url":"https:\/\/armyppe.com\/pl_pl\/","logo":{"@type":"ImageObject","inLanguage":"uk","@id":"https:\/\/armyppe.com\/pl_pl\/#\/schema\/logo\/image\/","url":"https:\/\/armyppe.com\/wp-content\/uploads\/2022\/10\/Group-5.png","contentUrl":"https:\/\/armyppe.com\/wp-content\/uploads\/2022\/10\/Group-5.png","width":262,"height":308,"caption":"ArmyPPE"},"image":{"@id":"https:\/\/armyppe.com\/pl_pl\/#\/schema\/logo\/image\/"}}]}},"_links":{"self":[{"href":"https:\/\/armyppe.com\/uk\/wp-json\/wp\/v2\/product\/986","targetHints":{"allow":["GET"]}}],"collection":[{"href":"https:\/\/armyppe.com\/uk\/wp-json\/wp\/v2\/product"}],"about":[{"href":"https:\/\/armyppe.com\/uk\/wp-json\/wp\/v2\/types\/product"}],"replies":[{"embeddable":true,"href":"https:\/\/armyppe.com\/uk\/wp-json\/wp\/v2\/comments?post=986"}],"wp:featuredmedia":[{"embeddable":true,"href":"https:\/\/armyppe.com\/uk\/wp-json\/wp\/v2\/media\/1370"}],"wp:attachment":[{"href":"https:\/\/armyppe.com\/uk\/wp-json\/wp\/v2\/media?parent=986"}],"wp:term":[{"taxonomy":"product_cat","embeddable":true,"href":"https:\/\/armyppe.com\/uk\/wp-json\/wp\/v2\/product_cat?post=986"},{"taxonomy":"product_tag","embeddable":true,"href":"https:\/\/armyppe.com\/uk\/wp-json\/wp\/v2\/product_tag?post=986"}],"curies":[{"name":"wp","href":"https:\/\/api.w.org\/{rel}","templated":true}]}}