{"id":985,"date":"2024-01-18T22:06:57","date_gmt":"2024-01-18T21:06:57","guid":{"rendered":"https:\/\/armyppe.com\/?post_type=product&#038;p=985"},"modified":"2025-04-03T14:38:31","modified_gmt":"2025-04-03T12:38:31","slug":"wklad-klasy-iiia-miekki","status":"publish","type":"product","link":"https:\/\/armyppe.com\/uk\/sklep\/wklad-klasy-iiia-miekki\/","title":{"rendered":"Wk\u0142ad klasy IIIA mi\u0119kki"},"content":{"rendered":"<p><iframe title=\"BulletProof PPE, p\u0142yta balistyczna, wk\u0142ad balistyczny kuloodporny, klasy III\" width=\"843\" height=\"474\" data-src=\"https:\/\/www.youtube.com\/embed\/ji9RE_XP_AU?feature=oembed&#038;enablejsapi=1&#038;origin=https:\/\/armyppe.com\" frameborder=\"0\" allow=\"accelerometer; autoplay; clipboard-write; encrypted-media; gyroscope; picture-in-picture; web-share\" referrerpolicy=\"strict-origin-when-cross-origin\" allowfullscreen src=\"data:image\/gif;base64,R0lGODlhAQABAAAAACH5BAEKAAEALAAAAAABAAEAAAICTAEAOw==\" class=\"lazyload\" data-load-mode=\"1\"><\/iframe><\/p>\n<p>&nbsp;<\/p>\n<p>&nbsp;<\/p>","protected":false},"excerpt":{"rendered":"<h2>Klasa IIIA to odpowiednik: Polskiej K2\/O3 i Ukrai\u0144skiej 3<\/h2>\n<p><strong>P\u0142yty\/ wk\u0142ady balistyczne mi\u0119kkie<\/strong>, oferuj\u0105 wi\u0119ksz\u0105 swobod\u0119 ruch\u00f3w i ten sam poziom<br \/>\nochrony do wszystkie wk\u0142ady klasy IIIA niezale\u017cnie od materia\u0142u, wykonane z HMPE \u2013<br \/>\nPolyetylenu o wysokiej g\u0119sto\u015bci cz\u0105steczkowej, o wadze oko\u0142o 0,5kg, lekkie, wytrzyma\u0142e<br \/>\njako wk\u0142ady do kamizelek taktycznych\/plate carrier\u00f3w. Materia\u0142 ten r\u00f3\u017cni si\u0119 od Kevlaru<br \/>\n(popularna nazwa w\u0142\u00f3kna Aramidowego) tym, \u017ce jest odrobin\u0119 l\u017cejszy, lepiej poch\u0142ania<br \/>\nenergi\u0119 kinetyczn\u0105 (bardziej si\u0119 odkszta\u0142ca), jest mniej podatny na utlenianie oraz jest<br \/>\nodrobin\u0119 ta\u0144szy.<br \/>\nZatrzymuj\u0105 pociski kalibr\u00f3w broni kr\u00f3tkiej gwintowanej: .22LR, 9&#215;19 (w tym r\u00f3wnie\u017c<br \/>\nkarabink\u00f3w na t\u0105 amunicj\u0119 np. HK MP5, Kel-Tec sub2000 i wszystkie z amunicj\u0105 9&#215;19),<br \/>\n.357SIG a nawet .44Magnum.<br \/>\nZatrzymuje wszystkie pociski broni g\u0142adkolufowej: 12\/70 a nawet 12\/76<br \/>\nJest w pe\u0142ni przeciwod\u0142amkowa.<\/p>\n<p>Waga: 0,5kg<br \/>\nWymiary: 25\u00d730 (10\u201dx12\u201d)<br \/>\nGrubo\u015b\u0107: 1cm<\/p>\n<p>Gwarancja: 15lat od daty z\u0142o\u017cenia zam\u00f3wienia<\/p>\n<p>Producent: BulletProof PPE\u00ae LLC, Wilmington Delaware USA<\/p>\n<p>P\u0142yty przesz\u0142y rygorystyczne testy balistyczne oraz s\u0105 certyfikowane przez NIJ, wszystkie certyfikaty dost\u0119pne s\u0105 w zak\u0142adce &#8222;Certyfikaty&#8221;.<br \/>\n<strong>\u042f\u043a\u0449\u043e \u0432\u0438 \u043a\u0443\u043f\u0443\u0454\u0442\u0435 \u0431\u0456\u043b\u044c\u0448\u0435 10 \u0442\u043e\u0432\u0430\u0440\u0456\u0432, \u0431\u0443\u0434\u044c \u043b\u0430\u0441\u043a\u0430, \u0437\u0432'\u044f\u0436\u0456\u0442\u044c\u0441\u044f \u0437 \u043d\u0430\u043c\u0438 \u0435\u043b\u0435\u043a\u0442\u0440\u043e\u043d\u043d\u043e\u044e \u043f\u043e\u0448\u0442\u043e\u044e, \u0449\u043e\u0431 \u043e\u0442\u0440\u0438\u043c\u0430\u0442\u0438 \u0437\u043d\u0438\u0436\u043a\u0443<\/strong><\/p>\n<p>&nbsp;<\/p>\n<p><span style=\"font-size: 10px;\">*Produkt mo\u017ce r\u00f3\u017cni\u0107 si\u0119 nieznacznie od zdj\u0119cia, zdj\u0119cia maj\u0105 charakter pogl\u0105dowy<\/span><\/p>","protected":false},"featured_media":1377,"comment_status":"open","ping_status":"closed","template":"","meta":[],"product_cat":[36,21],"product_tag":[],"class_list":{"0":"post-985","1":"product","2":"type-product","3":"status-publish","4":"has-post-thumbnail","6":"product_cat-bestsellery-nowosci","7":"product_cat-plyty-wklady","9":"first","10":"instock","11":"shipping-taxable","12":"purchasable","13":"product-type-simple","14":"customify-col","15":"product-has-gallery"},"yoast_head":"<!-- This site is optimized with the Yoast SEO plugin v23.3 - https:\/\/yoast.com\/wordpress\/plugins\/seo\/ -->\n<title>Wk\u0142ad klasy IIIA mi\u0119kki - ArmyPPE<\/title>\n<meta name=\"description\" content=\"Wk\u0142ad\/ Panel balistyczny, klasy IIIA zg. z norm\u0105 NIJ 0101.06, wersja mi\u0119kka, elastyczny panel, u\u0142atwia mobilno\u015b\u0107. Zatrzymuje wszystko z broni kr\u00f3kiej.\" \/>\n<meta name=\"robots\" content=\"index, follow, max-snippet:-1, max-image-preview:large, max-video-preview:-1\" \/>\n<link rel=\"canonical\" href=\"https:\/\/armyppe.com\/uk\/sklep\/wklad-klasy-iiia-miekki\/\" \/>\n<meta property=\"og:locale\" content=\"uk_UA\" \/>\n<meta property=\"og:type\" content=\"article\" \/>\n<meta property=\"og:title\" content=\"Wk\u0142ad klasy IIIA mi\u0119kki - ArmyPPE\" \/>\n<meta property=\"og:description\" content=\"Wk\u0142ad\/ Panel balistyczny, klasy IIIA zg. z norm\u0105 NIJ 0101.06, wersja mi\u0119kka, elastyczny panel, u\u0142atwia mobilno\u015b\u0107. Zatrzymuje wszystko z broni kr\u00f3kiej.\" \/>\n<meta property=\"og:url\" content=\"https:\/\/armyppe.com\/uk\/sklep\/wklad-klasy-iiia-miekki\/\" \/>\n<meta property=\"og:site_name\" content=\"ArmyPPE\" \/>\n<meta property=\"article:modified_time\" content=\"2025-04-03T12:38:31+00:00\" \/>\n<meta property=\"og:image\" content=\"https:\/\/armyppe.com\/wp-content\/uploads\/2024\/01\/ARPP-16-scaled.jpg\" \/>\n\t<meta property=\"og:image:width\" content=\"1707\" \/>\n\t<meta property=\"og:image:height\" content=\"2560\" \/>\n\t<meta property=\"og:image:type\" content=\"image\/jpeg\" \/>\n<meta name=\"twitter:card\" content=\"summary_large_image\" \/>\n<meta name=\"twitter:label1\" content=\"\u041f\u0440\u0438\u0431\u043b. \u0447\u0430\u0441 \u0447\u0438\u0442\u0430\u043d\u043d\u044f\" \/>\n\t<meta name=\"twitter:data1\" content=\"1 \u0445\u0432\u0438\u043b\u0438\u043d\u0430\" \/>\n<script type=\"application\/ld+json\" class=\"yoast-schema-graph\">{\"@context\":\"https:\/\/schema.org\",\"@graph\":[{\"@type\":\"WebPage\",\"@id\":\"https:\/\/armyppe.com\/pl_pl\/sklep\/wklad-klasy-iiia-miekki\/\",\"url\":\"https:\/\/armyppe.com\/pl_pl\/sklep\/wklad-klasy-iiia-miekki\/\",\"name\":\"Wk\u0142ad klasy IIIA mi\u0119kki - ArmyPPE\",\"isPartOf\":{\"@id\":\"https:\/\/armyppe.com\/pl_pl\/#website\"},\"primaryImageOfPage\":{\"@id\":\"https:\/\/armyppe.com\/pl_pl\/sklep\/wklad-klasy-iiia-miekki\/#primaryimage\"},\"image\":{\"@id\":\"https:\/\/armyppe.com\/pl_pl\/sklep\/wklad-klasy-iiia-miekki\/#primaryimage\"},\"thumbnailUrl\":\"https:\/\/armyppe.com\/wp-content\/uploads\/2024\/01\/ARPP-16-scaled.jpg\",\"datePublished\":\"2024-01-18T21:06:57+00:00\",\"dateModified\":\"2025-04-03T12:38:31+00:00\",\"description\":\"Wk\u0142ad\/ Panel balistyczny, klasy IIIA zg. z norm\u0105 NIJ 0101.06, wersja mi\u0119kka, elastyczny panel, u\u0142atwia mobilno\u015b\u0107. Zatrzymuje wszystko z broni kr\u00f3kiej.\",\"breadcrumb\":{\"@id\":\"https:\/\/armyppe.com\/pl_pl\/sklep\/wklad-klasy-iiia-miekki\/#breadcrumb\"},\"inLanguage\":\"uk\",\"potentialAction\":[{\"@type\":\"ReadAction\",\"target\":[\"https:\/\/armyppe.com\/pl_pl\/sklep\/wklad-klasy-iiia-miekki\/\"]}]},{\"@type\":\"ImageObject\",\"inLanguage\":\"uk\",\"@id\":\"https:\/\/armyppe.com\/pl_pl\/sklep\/wklad-klasy-iiia-miekki\/#primaryimage\",\"url\":\"https:\/\/armyppe.com\/wp-content\/uploads\/2024\/01\/ARPP-16-scaled.jpg\",\"contentUrl\":\"https:\/\/armyppe.com\/wp-content\/uploads\/2024\/01\/ARPP-16-scaled.jpg\",\"width\":1707,\"height\":2560},{\"@type\":\"BreadcrumbList\",\"@id\":\"https:\/\/armyppe.com\/pl_pl\/sklep\/wklad-klasy-iiia-miekki\/#breadcrumb\",\"itemListElement\":[{\"@type\":\"ListItem\",\"position\":1,\"name\":\"Strona g\u0142\u00f3wna\",\"item\":\"https:\/\/armyppe.com\/pl_pl\/\"},{\"@type\":\"ListItem\",\"position\":2,\"name\":\"Sklep\",\"item\":\"https:\/\/armyppe.com\/pl_pl\/sklep\/\"},{\"@type\":\"ListItem\",\"position\":3,\"name\":\"Wk\u0142ad klasy IIIA mi\u0119kki\"}]},{\"@type\":\"WebSite\",\"@id\":\"https:\/\/armyppe.com\/pl_pl\/#website\",\"url\":\"https:\/\/armyppe.com\/pl_pl\/\",\"name\":\"ArmyPPE\",\"description\":\"\",\"publisher\":{\"@id\":\"https:\/\/armyppe.com\/pl_pl\/#organization\"},\"potentialAction\":[{\"@type\":\"SearchAction\",\"target\":{\"@type\":\"EntryPoint\",\"urlTemplate\":\"https:\/\/armyppe.com\/pl_pl\/?s={search_term_string}\"},\"query-input\":\"required name=search_term_string\"}],\"inLanguage\":\"uk\"},{\"@type\":\"Organization\",\"@id\":\"https:\/\/armyppe.com\/pl_pl\/#organization\",\"name\":\"ArmyPPE\",\"url\":\"https:\/\/armyppe.com\/pl_pl\/\",\"logo\":{\"@type\":\"ImageObject\",\"inLanguage\":\"uk\",\"@id\":\"https:\/\/armyppe.com\/pl_pl\/#\/schema\/logo\/image\/\",\"url\":\"https:\/\/armyppe.com\/wp-content\/uploads\/2022\/10\/Group-5.png\",\"contentUrl\":\"https:\/\/armyppe.com\/wp-content\/uploads\/2022\/10\/Group-5.png\",\"width\":262,\"height\":308,\"caption\":\"ArmyPPE\"},\"image\":{\"@id\":\"https:\/\/armyppe.com\/pl_pl\/#\/schema\/logo\/image\/\"}}]}<\/script>\n<!-- \/ Yoast SEO plugin. -->","yoast_head_json":{"title":"Wk\u0142ad klasy IIIA mi\u0119kki - ArmyPPE","description":"Wk\u0142ad\/ Panel balistyczny, klasy IIIA zg. z norm\u0105 NIJ 0101.06, wersja mi\u0119kka, elastyczny panel, u\u0142atwia mobilno\u015b\u0107. Zatrzymuje wszystko z broni kr\u00f3kiej.","robots":{"index":"index","follow":"follow","max-snippet":"max-snippet:-1","max-image-preview":"max-image-preview:large","max-video-preview":"max-video-preview:-1"},"canonical":"https:\/\/armyppe.com\/uk\/sklep\/wklad-klasy-iiia-miekki\/","og_locale":"uk_UA","og_type":"article","og_title":"Wk\u0142ad klasy IIIA mi\u0119kki - ArmyPPE","og_description":"Wk\u0142ad\/ Panel balistyczny, klasy IIIA zg. z norm\u0105 NIJ 0101.06, wersja mi\u0119kka, elastyczny panel, u\u0142atwia mobilno\u015b\u0107. Zatrzymuje wszystko z broni kr\u00f3kiej.","og_url":"https:\/\/armyppe.com\/uk\/sklep\/wklad-klasy-iiia-miekki\/","og_site_name":"ArmyPPE","article_modified_time":"2025-04-03T12:38:31+00:00","og_image":[{"width":1707,"height":2560,"url":"https:\/\/armyppe.com\/wp-content\/uploads\/2024\/01\/ARPP-16-scaled.jpg","type":"image\/jpeg"}],"twitter_card":"summary_large_image","twitter_misc":{"\u041f\u0440\u0438\u0431\u043b. \u0447\u0430\u0441 \u0447\u0438\u0442\u0430\u043d\u043d\u044f":"1 \u0445\u0432\u0438\u043b\u0438\u043d\u0430"},"schema":{"@context":"https:\/\/schema.org","@graph":[{"@type":"WebPage","@id":"https:\/\/armyppe.com\/pl_pl\/sklep\/wklad-klasy-iiia-miekki\/","url":"https:\/\/armyppe.com\/pl_pl\/sklep\/wklad-klasy-iiia-miekki\/","name":"Wk\u0142ad klasy IIIA mi\u0119kki - ArmyPPE","isPartOf":{"@id":"https:\/\/armyppe.com\/pl_pl\/#website"},"primaryImageOfPage":{"@id":"https:\/\/armyppe.com\/pl_pl\/sklep\/wklad-klasy-iiia-miekki\/#primaryimage"},"image":{"@id":"https:\/\/armyppe.com\/pl_pl\/sklep\/wklad-klasy-iiia-miekki\/#primaryimage"},"thumbnailUrl":"https:\/\/armyppe.com\/wp-content\/uploads\/2024\/01\/ARPP-16-scaled.jpg","datePublished":"2024-01-18T21:06:57+00:00","dateModified":"2025-04-03T12:38:31+00:00","description":"Wk\u0142ad\/ Panel balistyczny, klasy IIIA zg. z norm\u0105 NIJ 0101.06, wersja mi\u0119kka, elastyczny panel, u\u0142atwia mobilno\u015b\u0107. Zatrzymuje wszystko z broni kr\u00f3kiej.","breadcrumb":{"@id":"https:\/\/armyppe.com\/pl_pl\/sklep\/wklad-klasy-iiia-miekki\/#breadcrumb"},"inLanguage":"uk","potentialAction":[{"@type":"ReadAction","target":["https:\/\/armyppe.com\/pl_pl\/sklep\/wklad-klasy-iiia-miekki\/"]}]},{"@type":"ImageObject","inLanguage":"uk","@id":"https:\/\/armyppe.com\/pl_pl\/sklep\/wklad-klasy-iiia-miekki\/#primaryimage","url":"https:\/\/armyppe.com\/wp-content\/uploads\/2024\/01\/ARPP-16-scaled.jpg","contentUrl":"https:\/\/armyppe.com\/wp-content\/uploads\/2024\/01\/ARPP-16-scaled.jpg","width":1707,"height":2560},{"@type":"BreadcrumbList","@id":"https:\/\/armyppe.com\/pl_pl\/sklep\/wklad-klasy-iiia-miekki\/#breadcrumb","itemListElement":[{"@type":"ListItem","position":1,"name":"Strona g\u0142\u00f3wna","item":"https:\/\/armyppe.com\/pl_pl\/"},{"@type":"ListItem","position":2,"name":"Sklep","item":"https:\/\/armyppe.com\/pl_pl\/sklep\/"},{"@type":"ListItem","position":3,"name":"Wk\u0142ad klasy IIIA mi\u0119kki"}]},{"@type":"WebSite","@id":"https:\/\/armyppe.com\/pl_pl\/#website","url":"https:\/\/armyppe.com\/pl_pl\/","name":"ArmyPPE","description":"","publisher":{"@id":"https:\/\/armyppe.com\/pl_pl\/#organization"},"potentialAction":[{"@type":"SearchAction","target":{"@type":"EntryPoint","urlTemplate":"https:\/\/armyppe.com\/pl_pl\/?s={search_term_string}"},"query-input":"required name=search_term_string"}],"inLanguage":"uk"},{"@type":"Organization","@id":"https:\/\/armyppe.com\/pl_pl\/#organization","name":"ArmyPPE","url":"https:\/\/armyppe.com\/pl_pl\/","logo":{"@type":"ImageObject","inLanguage":"uk","@id":"https:\/\/armyppe.com\/pl_pl\/#\/schema\/logo\/image\/","url":"https:\/\/armyppe.com\/wp-content\/uploads\/2022\/10\/Group-5.png","contentUrl":"https:\/\/armyppe.com\/wp-content\/uploads\/2022\/10\/Group-5.png","width":262,"height":308,"caption":"ArmyPPE"},"image":{"@id":"https:\/\/armyppe.com\/pl_pl\/#\/schema\/logo\/image\/"}}]}},"_links":{"self":[{"href":"https:\/\/armyppe.com\/uk\/wp-json\/wp\/v2\/product\/985","targetHints":{"allow":["GET"]}}],"collection":[{"href":"https:\/\/armyppe.com\/uk\/wp-json\/wp\/v2\/product"}],"about":[{"href":"https:\/\/armyppe.com\/uk\/wp-json\/wp\/v2\/types\/product"}],"replies":[{"embeddable":true,"href":"https:\/\/armyppe.com\/uk\/wp-json\/wp\/v2\/comments?post=985"}],"wp:featuredmedia":[{"embeddable":true,"href":"https:\/\/armyppe.com\/uk\/wp-json\/wp\/v2\/media\/1377"}],"wp:attachment":[{"href":"https:\/\/armyppe.com\/uk\/wp-json\/wp\/v2\/media?parent=985"}],"wp:term":[{"taxonomy":"product_cat","embeddable":true,"href":"https:\/\/armyppe.com\/uk\/wp-json\/wp\/v2\/product_cat?post=985"},{"taxonomy":"product_tag","embeddable":true,"href":"https:\/\/armyppe.com\/uk\/wp-json\/wp\/v2\/product_tag?post=985"}],"curies":[{"name":"wp","href":"https:\/\/api.w.org\/{rel}","templated":true}]}}