{"id":377,"date":"2022-11-01T00:10:37","date_gmt":"2022-10-31T23:10:37","guid":{"rendered":"https:\/\/armyppe.com\/?post_type=product&#038;p=377"},"modified":"2025-04-03T14:40:04","modified_gmt":"2025-04-03T12:40:04","slug":"dozymetr-licznik-geigera-gc01-z-akumulatorem","status":"publish","type":"product","link":"https:\/\/armyppe.com\/uk\/sklep\/dozymetr-licznik-geigera-gc01-z-akumulatorem\/","title":{"rendered":"\u041b\u0456\u0447\u0438\u043b\u044c\u043d\u0438\u043a \u0413\u0435\u0439\u0433\u0435\u0440\u0430 GC01 \u0437 \u0431\u0430\u0442\u0430\u0440\u0435\u0439\u043a\u043e\u044e"},"content":{"rendered":"","protected":false},"excerpt":{"rendered":"<h2>Licznik Geigera<\/h2>\n<p>\u0425\u0430\u0440\u0430\u043a\u0442\u0435\u0440\u0438\u0441\u0442\u0438\u043a\u0438:<\/p>\n<ul>\n<li>\u0427\u0456\u0442\u043a\u0438\u0439 \u0456 \u0435\u043a\u043e\u043d\u043e\u043c\u043d\u0438\u0439 \u043a\u043e\u043b\u044c\u043e\u0440\u043e\u0432\u0438\u0439 \u0420\u041a-\u0434\u0438\u0441\u043f\u043b\u0435\u0439<\/li>\n<li class=\" translation-block\">\u0424\u0443\u043d\u043a\u0446\u0456\u044f \u0430\u0432\u0442\u043e\u043c\u0430\u0442\u0438\u0447\u043d\u043e\u0433\u043e \u0437\u0431\u0435\u0440\u0435\u0436\u0435\u043d\u043d\u044f \u0434\u0430\u043d\u0438\u0445 (\u043d\u0430\u0432\u0456\u0442\u044c \u0443 \u0440\u0430\u0437\u0456 \u0440\u043e\u0437\u0440\u044f\u0434\u0443 \u0434\u0430\u043d\u0456 \u0437\u0431\u0435\u0440\u0456\u0433\u0430\u044e\u0442\u044c\u0441\u044f), \u0442\u0430\u043a\u0438\u043c \u0447\u0438\u043d\u043e\u043c \u043c\u0438 \u043c\u043e\u0436\u0435\u043c\u043e \u0437\u0447\u0438\u0442\u0443\u0432\u0430\u0442\u0438 \u043d\u0430\u043a\u043e\u043f\u0438\u0447\u0435\u043d\u0443 \u0434\u043e\u0437\u0443 \u0440\u0430\u0434\u0456\u0430\u0446\u0456\u0457, \u043e\u0442\u0440\u0438\u043c\u0430\u043d\u0443 \u043f\u0456\u0434 \u0447\u0430\u0441 \u043e\u043f\u0440\u043e\u043c\u0456\u043d\u0435\u043d\u043d\u044f.<\/li>\n<li>\u0412\u0440\u0443\u0447\u043d\u0443 \u043c\u043e\u0436\u043d\u0430 \u0432\u0441\u0442\u0430\u043d\u043e\u0432\u0438\u0442\u0438 \u0437\u043d\u0430\u0447\u0435\u043d\u043d\u044f \u0440\u0430\u0434\u0456\u0430\u0446\u0456\u0439\u043d\u043e\u0457 \u0442\u0440\u0438\u0432\u043e\u0433\u0438<\/li>\n<li>\u0422\u0440\u0438 \u0431\u0435\u0437\u043f\u0435\u0447\u043d\u0438\u0445 \u0432\u0438\u0434\u0438 \u0440\u0430\u0434\u0456\u0430\u0446\u0456\u0439\u043d\u043e\u0457 \u0441\u0438\u0433\u043d\u0430\u043b\u0456\u0437\u0430\u0446\u0456\u0457: \u0437\u0432\u0443\u043a\u043e\u0432\u0430, \u0441\u0432\u0456\u0442\u043b\u043e\u0432\u0430 \u0456 \u0432\u0456\u0431\u0440\u0430\u0446\u0456\u0439\u043d\u0430<\/li>\n<li>\u0417\u0440\u0443\u0447\u043d\u043e, \u043b\u0435\u0433\u043a\u043e \u043d\u043e\u0441\u0438\u0442\u0438 \u0442\u0430 \u0437\u0431\u0435\u0440\u0456\u0433\u0430\u0442\u0438.<\/li>\n<li>\u0422\u0440\u0438 \u043e\u0434\u0438\u043d\u0438\u0446\u0456 \u0432\u0438\u043c\u0456\u0440\u044e\u0432\u0430\u043d\u043d\u044f: \u043c\u043a\u0417\u0432\/\u0433\u043e\u0434, \u043c\u0413\u0440\/\u0433\u043e\u0434, \u043c\u0420\/\u0433\u043e\u0434<\/li>\n<\/ul>\n<p class=\" translation-block\">\u0422\u0435\u0445\u043d\u0456\u0447\u043d\u0456 \u0434\u0430\u043d\u0456:<br>\n\u041c\u0430\u0442\u0435\u0440\u0456\u0430\u043b: \u043f\u043b\u0430\u0441\u0442\u0438\u043a<br>\n\u0412\u0438\u044f\u0432\u043b\u0435\u043d\u043d\u044f \u043f\u0440\u043e\u043c\u0435\u043d\u0456\u0432: X, Y, \u03b2<br>\n\u0414\u043e\u0437\u0430 \u0432\u0438\u043f\u0440\u043e\u043c\u0456\u043d\u044e\u0432\u0430\u043d\u043d\u044f: 0,00 ~ 1000 \u0443\u0441\u0432 \/ \u0433\u043e\u0434 (10 \u043c\u0441\u0432 \/ \u0433\u043e\u0434)<br>\n\u041a\u0443\u043c\u0443\u043b\u044f\u0442\u0438\u0432\u043d\u0438\u0439 \u0435\u043a\u0432\u0456\u0432\u0430\u043b\u0435\u043d\u0442 \u0434\u043e\u0437\u0438: 0,00 \u043c\u0417\u0432 ~ 500,0 \u043c\u0417\u0432<br>\n\u0414\u0456\u0430\u043f\u0430\u0437\u043e\u043d\u0438 \u0435\u043d\u0435\u0440\u0433\u0456\u0457: 48 \u043a\u0435\u0412 ~ 1,5 \u043c\u0435\u0412 \u2264 \u00b1 30% (\u0434\u043b\u044f 137cs-)<br>\n\u041c\u043e\u0432\u0430: \u0430\u043d\u0433\u043b\u0456\u0439\u0441\u044c\u043a\u0430 <br>\n\u0427\u0443\u0442\u043b\u0438\u0432\u0456\u0441\u0442\u044c: 80 CPM \/ uSv (\u0434\u043b\u044f Co-60)<br>\n\u0421\u0438\u0433\u043d\u0430\u043b\u0456\u0437\u0430\u0446\u0456\u044f \u0434\u043e\u0437\u0443\u0432\u0430\u043d\u043d\u044f, \u0449\u043e \u0440\u0435\u0433\u0443\u043b\u044e\u0454\u0442\u044c\u0441\u044f \u0432\u0440\u0443\u0447\u043d\u0443: \u0434\u043e\u0441\u0442\u0443\u043f\u043d\u0456 0,5, 1,0, 1,5, 2,0, 2,5, 5,0, 10,0, 50,0, 100,0 \u043c\u043a\u0417\u0432 \/ \u0433\u043e\u0434.<br>\n\u0412\u0440\u0443\u0447\u043d\u0443 \u0432\u0441\u0442\u0430\u043d\u043e\u0432\u0438\u0442\u0438 \u0441\u0438\u0433\u043d\u0430\u043b\u0456\u0437\u0430\u0446\u0456\u044e \u0434\u043b\u044f \u043a\u0443\u043c\u0443\u043b\u044f\u0442\u0438\u0432\u043d\u043e\u0457 \u0434\u043e\u0437\u0438 \u0440\u0430\u0434\u0456\u0430\u0446\u0456\u0457: 0,05, 0,5, 1,0, 1,5, 2,0, 5,0, 10,0, 20,0, 50,0, \u0434\u043e\u0441\u0442\u0443\u043f\u043d\u043e 100,0 \u043c \u0417\u0432.<br>\n\u0416\u0438\u0432\u043b\u0435\u043d\u043d\u044f: \u0432\u043d\u0443\u0442\u0440\u0456\u0448\u043d\u0456\u0439 \u0430\u043a\u0443\u043c\u0443\u043b\u044f\u0442\u043e\u0440, \u0432\u0445\u0456\u0434 USB \u0442\u0438\u043f\u0443 C<br>\n\u0420\u043e\u0431\u043e\u0447\u0430 \u0442\u0435\u043c\u043f\u0435\u0440\u0430\u0442\u0443\u0440\u0430: -15 \u2103 - +50 \u2103<br>\n\u0412\u0430\u0433\u0430 \u0432\u0438\u0440\u043e\u0431\u0443: 140\u0433<br>\n\u0412\u0438\u0440\u043e\u0431\u043d\u0438\u043a: Fnirsi<\/p>\n<p>&nbsp;<\/p>","protected":false},"featured_media":1130,"comment_status":"open","ping_status":"closed","template":"","meta":[],"product_cat":[22],"product_tag":[],"class_list":{"0":"post-377","1":"product","2":"type-product","3":"status-publish","4":"has-post-thumbnail","6":"product_cat-ochrona-przeciwradiacyjna-biologiczna-i-chemiczna","8":"first","9":"instock","10":"shipping-taxable","11":"purchasable","12":"product-type-simple","13":"customify-col"},"yoast_head":"<!-- This site is optimized with the Yoast SEO plugin v23.3 - https:\/\/yoast.com\/wordpress\/plugins\/seo\/ -->\n<title>Licznik Geigera GC01 z akumulatorem - ArmyPPE<\/title>\n<meta name=\"description\" content=\"Licznik geigera, dozymetr. Pozwala zmierzy\u0107 promieniowanie i radiacj\u0119: powietrza, wody i jedzenia. Wbudowany akumulator oraz \u0142atwa obs\u0142uga.\" \/>\n<meta name=\"robots\" content=\"index, follow, max-snippet:-1, max-image-preview:large, max-video-preview:-1\" \/>\n<link rel=\"canonical\" href=\"https:\/\/armyppe.com\/uk\/sklep\/dozymetr-licznik-geigera-gc01-z-akumulatorem\/\" \/>\n<meta property=\"og:locale\" content=\"uk_UA\" \/>\n<meta property=\"og:type\" content=\"article\" \/>\n<meta property=\"og:title\" content=\"Licznik Geigera GC01 z akumulatorem - ArmyPPE\" \/>\n<meta property=\"og:description\" content=\"Licznik geigera, dozymetr. Pozwala zmierzy\u0107 promieniowanie i radiacj\u0119: powietrza, wody i jedzenia. Wbudowany akumulator oraz \u0142atwa obs\u0142uga.\" \/>\n<meta property=\"og:url\" content=\"https:\/\/armyppe.com\/uk\/sklep\/dozymetr-licznik-geigera-gc01-z-akumulatorem\/\" \/>\n<meta property=\"og:site_name\" content=\"ArmyPPE\" \/>\n<meta property=\"article:modified_time\" content=\"2025-04-03T12:40:04+00:00\" \/>\n<meta property=\"og:image\" content=\"https:\/\/armyppe.com\/wp-content\/uploads\/2022\/11\/Bez-tytulu.jpg\" \/>\n\t<meta property=\"og:image:width\" content=\"285\" \/>\n\t<meta property=\"og:image:height\" content=\"447\" \/>\n\t<meta property=\"og:image:type\" content=\"image\/jpeg\" \/>\n<meta name=\"twitter:card\" content=\"summary_large_image\" \/>\n<meta name=\"twitter:label1\" content=\"\u041f\u0440\u0438\u0431\u043b. \u0447\u0430\u0441 \u0447\u0438\u0442\u0430\u043d\u043d\u044f\" \/>\n\t<meta name=\"twitter:data1\" content=\"1 \u0445\u0432\u0438\u043b\u0438\u043d\u0430\" \/>\n<script type=\"application\/ld+json\" class=\"yoast-schema-graph\">{\"@context\":\"https:\/\/schema.org\",\"@graph\":[{\"@type\":\"WebPage\",\"@id\":\"https:\/\/armyppe.com\/uk\/sklep\/dozymetr-licznik-geigera-gc01-z-akumulatorem\/\",\"url\":\"https:\/\/armyppe.com\/uk\/sklep\/dozymetr-licznik-geigera-gc01-z-akumulatorem\/\",\"name\":\"Licznik Geigera GC01 z akumulatorem - ArmyPPE\",\"isPartOf\":{\"@id\":\"https:\/\/armyppe.com\/pl_pl\/#website\"},\"primaryImageOfPage\":{\"@id\":\"https:\/\/armyppe.com\/uk\/sklep\/dozymetr-licznik-geigera-gc01-z-akumulatorem\/#primaryimage\"},\"image\":{\"@id\":\"https:\/\/armyppe.com\/uk\/sklep\/dozymetr-licznik-geigera-gc01-z-akumulatorem\/#primaryimage\"},\"thumbnailUrl\":\"https:\/\/armyppe.com\/wp-content\/uploads\/2022\/11\/Bez-tytulu.jpg\",\"datePublished\":\"2022-10-31T23:10:37+00:00\",\"dateModified\":\"2025-04-03T12:40:04+00:00\",\"description\":\"Licznik geigera, dozymetr. Pozwala zmierzy\u0107 promieniowanie i radiacj\u0119: powietrza, wody i jedzenia. Wbudowany akumulator oraz \u0142atwa obs\u0142uga.\",\"breadcrumb\":{\"@id\":\"https:\/\/armyppe.com\/uk\/sklep\/dozymetr-licznik-geigera-gc01-z-akumulatorem\/#breadcrumb\"},\"inLanguage\":\"uk\",\"potentialAction\":[{\"@type\":\"ReadAction\",\"target\":[\"https:\/\/armyppe.com\/uk\/sklep\/dozymetr-licznik-geigera-gc01-z-akumulatorem\/\"]}]},{\"@type\":\"ImageObject\",\"inLanguage\":\"uk\",\"@id\":\"https:\/\/armyppe.com\/uk\/sklep\/dozymetr-licznik-geigera-gc01-z-akumulatorem\/#primaryimage\",\"url\":\"https:\/\/armyppe.com\/wp-content\/uploads\/2022\/11\/Bez-tytulu.jpg\",\"contentUrl\":\"https:\/\/armyppe.com\/wp-content\/uploads\/2022\/11\/Bez-tytulu.jpg\",\"width\":285,\"height\":447},{\"@type\":\"BreadcrumbList\",\"@id\":\"https:\/\/armyppe.com\/uk\/sklep\/dozymetr-licznik-geigera-gc01-z-akumulatorem\/#breadcrumb\",\"itemListElement\":[{\"@type\":\"ListItem\",\"position\":1,\"name\":\"Strona g\u0142\u00f3wna\",\"item\":\"https:\/\/armyppe.com\/pl_pl\/\"},{\"@type\":\"ListItem\",\"position\":2,\"name\":\"Sklep\",\"item\":\"https:\/\/armyppe.com\/pl_pl\/sklep\/\"},{\"@type\":\"ListItem\",\"position\":3,\"name\":\"Licznik Geigera GC01 z akumulatorem\"}]},{\"@type\":\"WebSite\",\"@id\":\"https:\/\/armyppe.com\/pl_pl\/#website\",\"url\":\"https:\/\/armyppe.com\/pl_pl\/\",\"name\":\"ArmyPPE\",\"description\":\"\",\"publisher\":{\"@id\":\"https:\/\/armyppe.com\/pl_pl\/#organization\"},\"potentialAction\":[{\"@type\":\"SearchAction\",\"target\":{\"@type\":\"EntryPoint\",\"urlTemplate\":\"https:\/\/armyppe.com\/pl_pl\/?s={search_term_string}\"},\"query-input\":\"required name=search_term_string\"}],\"inLanguage\":\"uk\"},{\"@type\":\"Organization\",\"@id\":\"https:\/\/armyppe.com\/pl_pl\/#organization\",\"name\":\"ArmyPPE\",\"url\":\"https:\/\/armyppe.com\/pl_pl\/\",\"logo\":{\"@type\":\"ImageObject\",\"inLanguage\":\"uk\",\"@id\":\"https:\/\/armyppe.com\/pl_pl\/#\/schema\/logo\/image\/\",\"url\":\"https:\/\/armyppe.com\/wp-content\/uploads\/2022\/10\/Group-5.png\",\"contentUrl\":\"https:\/\/armyppe.com\/wp-content\/uploads\/2022\/10\/Group-5.png\",\"width\":262,\"height\":308,\"caption\":\"ArmyPPE\"},\"image\":{\"@id\":\"https:\/\/armyppe.com\/pl_pl\/#\/schema\/logo\/image\/\"}}]}<\/script>\n<!-- \/ Yoast SEO plugin. -->","yoast_head_json":{"title":"Licznik Geigera GC01 z akumulatorem - ArmyPPE","description":"Licznik geigera, dozymetr. Pozwala zmierzy\u0107 promieniowanie i radiacj\u0119: powietrza, wody i jedzenia. Wbudowany akumulator oraz \u0142atwa obs\u0142uga.","robots":{"index":"index","follow":"follow","max-snippet":"max-snippet:-1","max-image-preview":"max-image-preview:large","max-video-preview":"max-video-preview:-1"},"canonical":"https:\/\/armyppe.com\/uk\/sklep\/dozymetr-licznik-geigera-gc01-z-akumulatorem\/","og_locale":"uk_UA","og_type":"article","og_title":"Licznik Geigera GC01 z akumulatorem - ArmyPPE","og_description":"Licznik geigera, dozymetr. Pozwala zmierzy\u0107 promieniowanie i radiacj\u0119: powietrza, wody i jedzenia. Wbudowany akumulator oraz \u0142atwa obs\u0142uga.","og_url":"https:\/\/armyppe.com\/uk\/sklep\/dozymetr-licznik-geigera-gc01-z-akumulatorem\/","og_site_name":"ArmyPPE","article_modified_time":"2025-04-03T12:40:04+00:00","og_image":[{"width":285,"height":447,"url":"https:\/\/armyppe.com\/wp-content\/uploads\/2022\/11\/Bez-tytulu.jpg","type":"image\/jpeg"}],"twitter_card":"summary_large_image","twitter_misc":{"\u041f\u0440\u0438\u0431\u043b. \u0447\u0430\u0441 \u0447\u0438\u0442\u0430\u043d\u043d\u044f":"1 \u0445\u0432\u0438\u043b\u0438\u043d\u0430"},"schema":{"@context":"https:\/\/schema.org","@graph":[{"@type":"WebPage","@id":"https:\/\/armyppe.com\/uk\/sklep\/dozymetr-licznik-geigera-gc01-z-akumulatorem\/","url":"https:\/\/armyppe.com\/uk\/sklep\/dozymetr-licznik-geigera-gc01-z-akumulatorem\/","name":"Licznik Geigera GC01 z akumulatorem - ArmyPPE","isPartOf":{"@id":"https:\/\/armyppe.com\/pl_pl\/#website"},"primaryImageOfPage":{"@id":"https:\/\/armyppe.com\/uk\/sklep\/dozymetr-licznik-geigera-gc01-z-akumulatorem\/#primaryimage"},"image":{"@id":"https:\/\/armyppe.com\/uk\/sklep\/dozymetr-licznik-geigera-gc01-z-akumulatorem\/#primaryimage"},"thumbnailUrl":"https:\/\/armyppe.com\/wp-content\/uploads\/2022\/11\/Bez-tytulu.jpg","datePublished":"2022-10-31T23:10:37+00:00","dateModified":"2025-04-03T12:40:04+00:00","description":"Licznik geigera, dozymetr. Pozwala zmierzy\u0107 promieniowanie i radiacj\u0119: powietrza, wody i jedzenia. Wbudowany akumulator oraz \u0142atwa obs\u0142uga.","breadcrumb":{"@id":"https:\/\/armyppe.com\/uk\/sklep\/dozymetr-licznik-geigera-gc01-z-akumulatorem\/#breadcrumb"},"inLanguage":"uk","potentialAction":[{"@type":"ReadAction","target":["https:\/\/armyppe.com\/uk\/sklep\/dozymetr-licznik-geigera-gc01-z-akumulatorem\/"]}]},{"@type":"ImageObject","inLanguage":"uk","@id":"https:\/\/armyppe.com\/uk\/sklep\/dozymetr-licznik-geigera-gc01-z-akumulatorem\/#primaryimage","url":"https:\/\/armyppe.com\/wp-content\/uploads\/2022\/11\/Bez-tytulu.jpg","contentUrl":"https:\/\/armyppe.com\/wp-content\/uploads\/2022\/11\/Bez-tytulu.jpg","width":285,"height":447},{"@type":"BreadcrumbList","@id":"https:\/\/armyppe.com\/uk\/sklep\/dozymetr-licznik-geigera-gc01-z-akumulatorem\/#breadcrumb","itemListElement":[{"@type":"ListItem","position":1,"name":"Strona g\u0142\u00f3wna","item":"https:\/\/armyppe.com\/pl_pl\/"},{"@type":"ListItem","position":2,"name":"Sklep","item":"https:\/\/armyppe.com\/pl_pl\/sklep\/"},{"@type":"ListItem","position":3,"name":"Licznik Geigera GC01 z akumulatorem"}]},{"@type":"WebSite","@id":"https:\/\/armyppe.com\/pl_pl\/#website","url":"https:\/\/armyppe.com\/pl_pl\/","name":"ArmyPPE","description":"","publisher":{"@id":"https:\/\/armyppe.com\/pl_pl\/#organization"},"potentialAction":[{"@type":"SearchAction","target":{"@type":"EntryPoint","urlTemplate":"https:\/\/armyppe.com\/pl_pl\/?s={search_term_string}"},"query-input":"required name=search_term_string"}],"inLanguage":"uk"},{"@type":"Organization","@id":"https:\/\/armyppe.com\/pl_pl\/#organization","name":"ArmyPPE","url":"https:\/\/armyppe.com\/pl_pl\/","logo":{"@type":"ImageObject","inLanguage":"uk","@id":"https:\/\/armyppe.com\/pl_pl\/#\/schema\/logo\/image\/","url":"https:\/\/armyppe.com\/wp-content\/uploads\/2022\/10\/Group-5.png","contentUrl":"https:\/\/armyppe.com\/wp-content\/uploads\/2022\/10\/Group-5.png","width":262,"height":308,"caption":"ArmyPPE"},"image":{"@id":"https:\/\/armyppe.com\/pl_pl\/#\/schema\/logo\/image\/"}}]}},"_links":{"self":[{"href":"https:\/\/armyppe.com\/uk\/wp-json\/wp\/v2\/product\/377","targetHints":{"allow":["GET"]}}],"collection":[{"href":"https:\/\/armyppe.com\/uk\/wp-json\/wp\/v2\/product"}],"about":[{"href":"https:\/\/armyppe.com\/uk\/wp-json\/wp\/v2\/types\/product"}],"replies":[{"embeddable":true,"href":"https:\/\/armyppe.com\/uk\/wp-json\/wp\/v2\/comments?post=377"}],"wp:featuredmedia":[{"embeddable":true,"href":"https:\/\/armyppe.com\/uk\/wp-json\/wp\/v2\/media\/1130"}],"wp:attachment":[{"href":"https:\/\/armyppe.com\/uk\/wp-json\/wp\/v2\/media?parent=377"}],"wp:term":[{"taxonomy":"product_cat","embeddable":true,"href":"https:\/\/armyppe.com\/uk\/wp-json\/wp\/v2\/product_cat?post=377"},{"taxonomy":"product_tag","embeddable":true,"href":"https:\/\/armyppe.com\/uk\/wp-json\/wp\/v2\/product_tag?post=377"}],"curies":[{"name":"wp","href":"https:\/\/api.w.org\/{rel}","templated":true}]}}