{"id":356,"date":"2022-10-31T23:40:47","date_gmt":"2022-10-31T22:40:47","guid":{"rendered":"https:\/\/armyppe.com\/?post_type=product&#038;p=356"},"modified":"2025-08-30T10:24:03","modified_gmt":"2025-08-30T08:24:03","slug":"fast-iiia-extended-0101-06","status":"publish","type":"product","link":"https:\/\/armyppe.com\/uk\/sklep\/fast-iiia-extended-0101-06\/","title":{"rendered":"He\u0142m typu ACH, model: ACH Gen.I, IIIA extended 0101.06"},"content":{"rendered":"<p><iframe title=\"BulletProof PPE, \u0411\u0430\u043b\u0456\u0441\u0442\u0438\u0447\u043d\u0438\u0439 \u0448\u043e\u043b\u043e\u043c, \u043a\u0443\u043b\u0435\u043d\u0435\u043f\u0440\u043e\u0431\u0438\u0432\u043d\u0438\u0439 \u0432\u0456\u0439\u0441\u044c\u043a\u043e\u0432\u0438\u0439 \u0448\u043e\u043b\u043e\u043c \u043a\u043b\u0430\u0441\u0443 IIIA.\" width=\"843\" height=\"474\" data-src=\"https:\/\/www.youtube.com\/embed\/nBsG-paQEtA?feature=oembed&#038;enablejsapi=1&#038;origin=https:\/\/armyppe.com\" frameborder=\"0\" allow=\"accelerometer; autoplay; clipboard-write; encrypted-media; gyroscope; picture-in-picture; web-share\" referrerpolicy=\"strict-origin-when-cross-origin\" allowfullscreen src=\"data:image\/gif;base64,R0lGODlhAQABAAAAACH5BAEKAAEALAAAAAABAAEAAAICTAEAOw==\" class=\"lazyload\" data-load-mode=\"1\"><\/iframe><\/p>\n<p>&nbsp;<\/p>\n<h2>He\u0142m FAST \u2013 dlaczego to jeden z najlepszych wybor\u00f3w dla s\u0142u\u017cb mundurowych?<\/h2>\n<p>He\u0142m FAST (Future Assault Shell Technology) to jedno z najbardziej cenionych rozwi\u0105za\u0144 ochronnych stosowanych przez s\u0142u\u017cby mundurowe na ca\u0142ym \u015bwiecie. Dzi\u0119ki po\u0142\u0105czeniu wysokiego poziomu ochrony balistycznej z komfortem u\u017cytkowania, he\u0142m doskonale sprawdza si\u0119 podczas dzia\u0142a\u0144 wojskowych, policyjnych i ratowniczych.<\/p>\n<p>He\u0142m zosta\u0142 wykonany z wytrzyma\u0142ego tworzywa HMPE, kt\u00f3re zapewnia skuteczn\u0105 ochron\u0119 balistyczn\u0105 przy jednoczesnym zachowaniu stosunkowo niskiej wagi \u2013 oko\u0142o 1,55 kg. Ma to szczeg\u00f3lne znaczenie podczas d\u0142ugotrwa\u0142ych operacji, gdzie ka\u017cdy dodatkowy gram mo\u017ce wp\u0142ywa\u0107 na komfort i efektywno\u015b\u0107 dzia\u0142ania.<\/p>\n<p>He\u0142m FAST mo\u017cna wyposa\u017cy\u0107 w dodatkowe akcesoria, takie jak kamera, os\u0142ony s\u0142uchu czy o\u015bwietlenie taktyczne. Taka elastyczno\u015b\u0107 umo\u017cliwia dostosowanie he\u0142mu do specyfiki danej misji lub \u015brodowiska dzia\u0142a\u0144.<\/p>\n<h3>He\u0142m FAST \u2013 dlaczego to jeden z najlepszych wybor\u00f3w dla s\u0142u\u017cb mundurowych?<\/h3>\n<ul>\n<li>Przede wszystkim, ze wzgl\u0119du na po\u0142\u0105czenie ochrony, funkcjonalno\u015bci i komfortu. Dost\u0119pno\u015b\u0107 w r\u00f3\u017cnych rozmiarach (M\/L\/XL) i kolorach taktycznych (czarny, oliwkowy, piaskowy) pozwala na dopasowanie sprz\u0119tu do potrzeb konkretnej jednostki.<\/li>\n<li>Co wi\u0119cej, he\u0142my FAST poddawane s\u0105 rygorystycznym testom i posiadaj\u0105 wymagane certyfikaty, co gwarantuje ich jako\u015b\u0107 i zgodno\u015b\u0107 z mi\u0119dzynarodowymi standardami.<\/li>\n<\/ul>\n<p>He\u0142m FAST to wyposa\u017cenie, kt\u00f3re powinno znale\u017a\u0107 si\u0119 w ka\u017cdym nowoczesnym zestawie taktycznym.<\/p>","protected":false},"excerpt":{"rendered":"<p>He\u0142m typu ACH, Gen.I model: ACH Gen.I (Fast)<\/p>\n<p>Klasa IIIA to odpowiednik: Polskiej K2\/O3 i Ukrai\u0144skiej 3<\/p>\n<p>Aktualnie najbardziej popularny he\u0142m na \u015bwiecie b\u0119d\u0105cy na wyposa\u017ceniu mi\u0119dzy innymi USMC,<br \/>\nhe\u0142m tzw. otwarty z szynami bocznymi do monta\u017cu akcesori\u00f3w oraz monta\u017cem przednim.<\/p>\n<p>Waga: 1,55kg<br \/>\nRozmiar: M\/L\/XL, 52 \u2013 62cm<br \/>\n\u0412\u0438\u0440\u043e\u0431\u043d\u0438\u043a: BulletProof PPE LLC, Wilmington Delaware USA<\/p>\n<p>Materia\u0142: HMPE<\/p>\n<p>Gwarancja: 15lat od z\u0142o\u017cenia zam\u00f3wienia<\/p>\n<p>Dost\u0119pne kolory: Black (czarny), Olive (zielony) i Tan (piaskowy).<\/p>\n<p>He\u0142my przesz\u0142y rygorystyczne testy balistyczne oraz s\u0105 certyfikowane zar\u00f3wno przez NIJ jak i Ukrai\u0144ski Urz\u0105d certyfikuj\u0105cy, wszystkie certyfikaty dost\u0119pne s\u0105 w zak\u0142adce &#8222;Certyfikaty&#8221;.<\/p>\n<p><strong>\u042f\u043a\u0449\u043e \u0432\u0438 \u043a\u0443\u043f\u0443\u0454\u0442\u0435 \u0431\u0456\u043b\u044c\u0448\u0435 10 \u0442\u043e\u0432\u0430\u0440\u0456\u0432, \u0431\u0443\u0434\u044c \u043b\u0430\u0441\u043a\u0430, \u0437\u0432'\u044f\u0436\u0456\u0442\u044c\u0441\u044f \u0437 \u043d\u0430\u043c\u0438 \u0435\u043b\u0435\u043a\u0442\u0440\u043e\u043d\u043d\u043e\u044e \u043f\u043e\u0448\u0442\u043e\u044e, \u0449\u043e\u0431 \u043e\u0442\u0440\u0438\u043c\u0430\u0442\u0438 \u0437\u043d\u0438\u0436\u043a\u0443<\/strong><\/p>\n<p>&nbsp;<\/p>\n<p><span style=\"font-size: 10px;\">*Produkt mo\u017ce r\u00f3\u017cni\u0107 si\u0119 nieznacznie od zdj\u0119cia, zdj\u0119cia maj\u0105 charakter pogl\u0105dowy<\/span><\/p>","protected":false},"featured_media":1455,"comment_status":"open","ping_status":"closed","template":"","meta":[],"product_cat":[36,19],"product_tag":[],"class_list":{"0":"post-356","1":"product","2":"type-product","3":"status-publish","4":"has-post-thumbnail","6":"product_cat-bestsellery-nowosci","7":"product_cat-helmy","9":"first","10":"instock","11":"shipping-taxable","12":"purchasable","13":"product-type-simple","14":"customify-col","15":"product-has-gallery"},"yoast_head":"<!-- This site is optimized with the Yoast SEO plugin v23.3 - https:\/\/yoast.com\/wordpress\/plugins\/seo\/ -->\n<title>He\u0142m Balistyczny | He\u0142m typu ACH, model: ACH Gen.I, IIIA extended 0101.06 - ArmyPPE<\/title>\n<meta name=\"description\" content=\"He\u0142m balistyczny typu: ACH, IIIA aktualnie najbardziej popularny he\u0142m na \u015bwiecie b\u0119d\u0105cy na wyposa\u017ceniu mi\u0119dzy innymi USMC. Waga: 1,5kg Producent: USA\" \/>\n<meta name=\"robots\" content=\"index, follow, max-snippet:-1, max-image-preview:large, max-video-preview:-1\" \/>\n<link rel=\"canonical\" href=\"https:\/\/armyppe.com\/uk\/sklep\/fast-iiia-extended-0101-06\/\" \/>\n<meta property=\"og:locale\" content=\"uk_UA\" \/>\n<meta property=\"og:type\" content=\"article\" \/>\n<meta property=\"og:title\" content=\"He\u0142m Balistyczny | He\u0142m typu ACH, model: ACH Gen.I, IIIA extended 0101.06 - ArmyPPE\" \/>\n<meta property=\"og:description\" content=\"He\u0142m balistyczny typu: ACH, IIIA aktualnie najbardziej popularny he\u0142m na \u015bwiecie b\u0119d\u0105cy na wyposa\u017ceniu mi\u0119dzy innymi USMC. Waga: 1,5kg Producent: USA\" \/>\n<meta property=\"og:url\" content=\"https:\/\/armyppe.com\/uk\/sklep\/fast-iiia-extended-0101-06\/\" \/>\n<meta property=\"og:site_name\" content=\"ArmyPPE\" \/>\n<meta property=\"article:modified_time\" content=\"2025-08-30T08:24:03+00:00\" \/>\n<meta property=\"og:image\" content=\"https:\/\/armyppe.com\/wp-content\/uploads\/2022\/10\/ARPP-142-scaled.jpg\" \/>\n\t<meta property=\"og:image:width\" content=\"2560\" \/>\n\t<meta property=\"og:image:height\" content=\"1707\" \/>\n\t<meta property=\"og:image:type\" content=\"image\/jpeg\" \/>\n<meta name=\"twitter:card\" content=\"summary_large_image\" \/>\n<meta name=\"twitter:label1\" content=\"\u041f\u0440\u0438\u0431\u043b. \u0447\u0430\u0441 \u0447\u0438\u0442\u0430\u043d\u043d\u044f\" \/>\n\t<meta name=\"twitter:data1\" content=\"1 \u0445\u0432\u0438\u043b\u0438\u043d\u0430\" \/>\n<script type=\"application\/ld+json\" class=\"yoast-schema-graph\">{\"@context\":\"https:\/\/schema.org\",\"@graph\":[{\"@type\":\"WebPage\",\"@id\":\"https:\/\/armyppe.com\/sklep\/fast-iiia-extended-0101-06\/\",\"url\":\"https:\/\/armyppe.com\/sklep\/fast-iiia-extended-0101-06\/\",\"name\":\"He\u0142m Balistyczny | He\u0142m typu ACH, model: ACH Gen.I, IIIA extended 0101.06 - ArmyPPE\",\"isPartOf\":{\"@id\":\"https:\/\/armyppe.com\/pl_pl\/#website\"},\"primaryImageOfPage\":{\"@id\":\"https:\/\/armyppe.com\/sklep\/fast-iiia-extended-0101-06\/#primaryimage\"},\"image\":{\"@id\":\"https:\/\/armyppe.com\/sklep\/fast-iiia-extended-0101-06\/#primaryimage\"},\"thumbnailUrl\":\"https:\/\/armyppe.com\/wp-content\/uploads\/2022\/10\/ARPP-142-scaled.jpg\",\"datePublished\":\"2022-10-31T22:40:47+00:00\",\"dateModified\":\"2025-08-30T08:24:03+00:00\",\"description\":\"He\u0142m balistyczny typu: ACH, IIIA aktualnie najbardziej popularny he\u0142m na \u015bwiecie b\u0119d\u0105cy na wyposa\u017ceniu mi\u0119dzy innymi USMC. Waga: 1,5kg Producent: USA\",\"breadcrumb\":{\"@id\":\"https:\/\/armyppe.com\/sklep\/fast-iiia-extended-0101-06\/#breadcrumb\"},\"inLanguage\":\"uk\",\"potentialAction\":[{\"@type\":\"ReadAction\",\"target\":[\"https:\/\/armyppe.com\/sklep\/fast-iiia-extended-0101-06\/\"]}]},{\"@type\":\"ImageObject\",\"inLanguage\":\"uk\",\"@id\":\"https:\/\/armyppe.com\/sklep\/fast-iiia-extended-0101-06\/#primaryimage\",\"url\":\"https:\/\/armyppe.com\/wp-content\/uploads\/2022\/10\/ARPP-142-scaled.jpg\",\"contentUrl\":\"https:\/\/armyppe.com\/wp-content\/uploads\/2022\/10\/ARPP-142-scaled.jpg\",\"width\":2560,\"height\":1707},{\"@type\":\"BreadcrumbList\",\"@id\":\"https:\/\/armyppe.com\/sklep\/fast-iiia-extended-0101-06\/#breadcrumb\",\"itemListElement\":[{\"@type\":\"ListItem\",\"position\":1,\"name\":\"Strona g\u0142\u00f3wna\",\"item\":\"https:\/\/armyppe.com\/pl_pl\/\"},{\"@type\":\"ListItem\",\"position\":2,\"name\":\"Sklep\",\"item\":\"https:\/\/armyppe.com\/pl_pl\/sklep\/\"},{\"@type\":\"ListItem\",\"position\":3,\"name\":\"He\u0142m typu ACH, model: ACH Gen.I, IIIA extended 0101.06\"}]},{\"@type\":\"WebSite\",\"@id\":\"https:\/\/armyppe.com\/pl_pl\/#website\",\"url\":\"https:\/\/armyppe.com\/pl_pl\/\",\"name\":\"ArmyPPE\",\"description\":\"\",\"publisher\":{\"@id\":\"https:\/\/armyppe.com\/pl_pl\/#organization\"},\"potentialAction\":[{\"@type\":\"SearchAction\",\"target\":{\"@type\":\"EntryPoint\",\"urlTemplate\":\"https:\/\/armyppe.com\/pl_pl\/?s={search_term_string}\"},\"query-input\":\"required name=search_term_string\"}],\"inLanguage\":\"uk\"},{\"@type\":\"Organization\",\"@id\":\"https:\/\/armyppe.com\/pl_pl\/#organization\",\"name\":\"ArmyPPE\",\"url\":\"https:\/\/armyppe.com\/pl_pl\/\",\"logo\":{\"@type\":\"ImageObject\",\"inLanguage\":\"uk\",\"@id\":\"https:\/\/armyppe.com\/pl_pl\/#\/schema\/logo\/image\/\",\"url\":\"https:\/\/armyppe.com\/wp-content\/uploads\/2022\/10\/Group-5.png\",\"contentUrl\":\"https:\/\/armyppe.com\/wp-content\/uploads\/2022\/10\/Group-5.png\",\"width\":262,\"height\":308,\"caption\":\"ArmyPPE\"},\"image\":{\"@id\":\"https:\/\/armyppe.com\/pl_pl\/#\/schema\/logo\/image\/\"}}]}<\/script>\n<!-- \/ Yoast SEO plugin. -->","yoast_head_json":{"title":"He\u0142m Balistyczny | He\u0142m typu ACH, model: ACH Gen.I, IIIA extended 0101.06 - ArmyPPE","description":"He\u0142m balistyczny typu: ACH, IIIA aktualnie najbardziej popularny he\u0142m na \u015bwiecie b\u0119d\u0105cy na wyposa\u017ceniu mi\u0119dzy innymi USMC. Waga: 1,5kg Producent: USA","robots":{"index":"index","follow":"follow","max-snippet":"max-snippet:-1","max-image-preview":"max-image-preview:large","max-video-preview":"max-video-preview:-1"},"canonical":"https:\/\/armyppe.com\/uk\/sklep\/fast-iiia-extended-0101-06\/","og_locale":"uk_UA","og_type":"article","og_title":"He\u0142m Balistyczny | He\u0142m typu ACH, model: ACH Gen.I, IIIA extended 0101.06 - ArmyPPE","og_description":"He\u0142m balistyczny typu: ACH, IIIA aktualnie najbardziej popularny he\u0142m na \u015bwiecie b\u0119d\u0105cy na wyposa\u017ceniu mi\u0119dzy innymi USMC. Waga: 1,5kg Producent: USA","og_url":"https:\/\/armyppe.com\/uk\/sklep\/fast-iiia-extended-0101-06\/","og_site_name":"ArmyPPE","article_modified_time":"2025-08-30T08:24:03+00:00","og_image":[{"width":2560,"height":1707,"url":"https:\/\/armyppe.com\/wp-content\/uploads\/2022\/10\/ARPP-142-scaled.jpg","type":"image\/jpeg"}],"twitter_card":"summary_large_image","twitter_misc":{"\u041f\u0440\u0438\u0431\u043b. \u0447\u0430\u0441 \u0447\u0438\u0442\u0430\u043d\u043d\u044f":"1 \u0445\u0432\u0438\u043b\u0438\u043d\u0430"},"schema":{"@context":"https:\/\/schema.org","@graph":[{"@type":"WebPage","@id":"https:\/\/armyppe.com\/sklep\/fast-iiia-extended-0101-06\/","url":"https:\/\/armyppe.com\/sklep\/fast-iiia-extended-0101-06\/","name":"He\u0142m Balistyczny | He\u0142m typu ACH, model: ACH Gen.I, IIIA extended 0101.06 - ArmyPPE","isPartOf":{"@id":"https:\/\/armyppe.com\/pl_pl\/#website"},"primaryImageOfPage":{"@id":"https:\/\/armyppe.com\/sklep\/fast-iiia-extended-0101-06\/#primaryimage"},"image":{"@id":"https:\/\/armyppe.com\/sklep\/fast-iiia-extended-0101-06\/#primaryimage"},"thumbnailUrl":"https:\/\/armyppe.com\/wp-content\/uploads\/2022\/10\/ARPP-142-scaled.jpg","datePublished":"2022-10-31T22:40:47+00:00","dateModified":"2025-08-30T08:24:03+00:00","description":"He\u0142m balistyczny typu: ACH, IIIA aktualnie najbardziej popularny he\u0142m na \u015bwiecie b\u0119d\u0105cy na wyposa\u017ceniu mi\u0119dzy innymi USMC. Waga: 1,5kg Producent: USA","breadcrumb":{"@id":"https:\/\/armyppe.com\/sklep\/fast-iiia-extended-0101-06\/#breadcrumb"},"inLanguage":"uk","potentialAction":[{"@type":"ReadAction","target":["https:\/\/armyppe.com\/sklep\/fast-iiia-extended-0101-06\/"]}]},{"@type":"ImageObject","inLanguage":"uk","@id":"https:\/\/armyppe.com\/sklep\/fast-iiia-extended-0101-06\/#primaryimage","url":"https:\/\/armyppe.com\/wp-content\/uploads\/2022\/10\/ARPP-142-scaled.jpg","contentUrl":"https:\/\/armyppe.com\/wp-content\/uploads\/2022\/10\/ARPP-142-scaled.jpg","width":2560,"height":1707},{"@type":"BreadcrumbList","@id":"https:\/\/armyppe.com\/sklep\/fast-iiia-extended-0101-06\/#breadcrumb","itemListElement":[{"@type":"ListItem","position":1,"name":"Strona g\u0142\u00f3wna","item":"https:\/\/armyppe.com\/pl_pl\/"},{"@type":"ListItem","position":2,"name":"Sklep","item":"https:\/\/armyppe.com\/pl_pl\/sklep\/"},{"@type":"ListItem","position":3,"name":"He\u0142m typu ACH, model: ACH Gen.I, IIIA extended 0101.06"}]},{"@type":"WebSite","@id":"https:\/\/armyppe.com\/pl_pl\/#website","url":"https:\/\/armyppe.com\/pl_pl\/","name":"ArmyPPE","description":"","publisher":{"@id":"https:\/\/armyppe.com\/pl_pl\/#organization"},"potentialAction":[{"@type":"SearchAction","target":{"@type":"EntryPoint","urlTemplate":"https:\/\/armyppe.com\/pl_pl\/?s={search_term_string}"},"query-input":"required name=search_term_string"}],"inLanguage":"uk"},{"@type":"Organization","@id":"https:\/\/armyppe.com\/pl_pl\/#organization","name":"ArmyPPE","url":"https:\/\/armyppe.com\/pl_pl\/","logo":{"@type":"ImageObject","inLanguage":"uk","@id":"https:\/\/armyppe.com\/pl_pl\/#\/schema\/logo\/image\/","url":"https:\/\/armyppe.com\/wp-content\/uploads\/2022\/10\/Group-5.png","contentUrl":"https:\/\/armyppe.com\/wp-content\/uploads\/2022\/10\/Group-5.png","width":262,"height":308,"caption":"ArmyPPE"},"image":{"@id":"https:\/\/armyppe.com\/pl_pl\/#\/schema\/logo\/image\/"}}]}},"_links":{"self":[{"href":"https:\/\/armyppe.com\/uk\/wp-json\/wp\/v2\/product\/356","targetHints":{"allow":["GET"]}}],"collection":[{"href":"https:\/\/armyppe.com\/uk\/wp-json\/wp\/v2\/product"}],"about":[{"href":"https:\/\/armyppe.com\/uk\/wp-json\/wp\/v2\/types\/product"}],"replies":[{"embeddable":true,"href":"https:\/\/armyppe.com\/uk\/wp-json\/wp\/v2\/comments?post=356"}],"wp:featuredmedia":[{"embeddable":true,"href":"https:\/\/armyppe.com\/uk\/wp-json\/wp\/v2\/media\/1455"}],"wp:attachment":[{"href":"https:\/\/armyppe.com\/uk\/wp-json\/wp\/v2\/media?parent=356"}],"wp:term":[{"taxonomy":"product_cat","embeddable":true,"href":"https:\/\/armyppe.com\/uk\/wp-json\/wp\/v2\/product_cat?post=356"},{"taxonomy":"product_tag","embeddable":true,"href":"https:\/\/armyppe.com\/uk\/wp-json\/wp\/v2\/product_tag?post=356"}],"curies":[{"name":"wp","href":"https:\/\/api.w.org\/{rel}","templated":true}]}}