{"id":1424,"date":"2024-07-03T18:51:50","date_gmt":"2024-07-03T16:51:50","guid":{"rendered":"https:\/\/armyppe.com\/?post_type=product&#038;p=1424"},"modified":"2025-04-03T14:34:37","modified_gmt":"2025-04-03T12:34:37","slug":"panel-boczny-maly-twardy","status":"publish","type":"product","link":"https:\/\/armyppe.com\/uk\/sklep\/panel-boczny-maly-twardy\/","title":{"rendered":"Panel boczny ma\u0142y twardy"},"content":{"rendered":"<h2>Panel boczny ma\u0142y twardy<\/h2>\n<p><strong>Wk\u0142ad\/ panel typu twardy<\/strong>, o kuloodporno\u015bci klasy IIIA zgodnie z norm\u0105 NIJ 0101.06 zatrzymuje<br \/>\nwszystkie pociski broni kr\u00f3tkiej czyli mi\u0119dzy innymi najpopularniejszy 9\u00d719 a nawet .44magnum.<br \/>\nMateria\u0142: HMPE<br \/>\n\u0420\u043e\u0437\u043c\u0456\u0440\u0438: 15x15 \u0441\u043c (6 \"x6\")<br \/>\n\u0412\u0430\u0433\u0430: 170\u0433<br \/>\n\u0412\u0438\u0440\u043e\u0431\u043d\u0438\u043a: BulletProof PPE LLC, Wilmington Delaware USA<\/p>\n<p><strong>\u042f\u043a\u0449\u043e \u0432\u0438 \u043a\u0443\u043f\u0443\u0454\u0442\u0435 \u0431\u0456\u043b\u044c\u0448\u0435 10 \u0442\u043e\u0432\u0430\u0440\u0456\u0432, \u0431\u0443\u0434\u044c \u043b\u0430\u0441\u043a\u0430, \u0437\u0432'\u044f\u0436\u0456\u0442\u044c\u0441\u044f \u0437 \u043d\u0430\u043c\u0438 \u0435\u043b\u0435\u043a\u0442\u0440\u043e\u043d\u043d\u043e\u044e \u043f\u043e\u0448\u0442\u043e\u044e, \u0449\u043e\u0431 \u043e\u0442\u0440\u0438\u043c\u0430\u0442\u0438 \u0437\u043d\u0438\u0436\u043a\u0443<\/strong><\/p>\n<p>&nbsp;<\/p>\n<p><span style=\"font-size: 10px;\">*Produkt mo\u017ce r\u00f3\u017cni\u0107 si\u0119 nieznacznie od zdj\u0119cia, zdj\u0119cia maj\u0105 charakter pogl\u0105dowy<\/span><\/p>\n<p>&nbsp;<\/p>","protected":false},"excerpt":{"rendered":"<p>Panel boczny ma\u0142y twardy Wk\u0142ad\/ panel typu twardy, o kuloodporno\u015bci klasy IIIA zgodnie z norm\u0105 NIJ 0101.06 zatrzymuje wszystkie pociski broni kr\u00f3tkiej czyli mi\u0119dzy innymi&hellip;<\/p>","protected":false},"featured_media":1428,"comment_status":"open","ping_status":"closed","template":"","meta":[],"product_cat":[26,36],"product_tag":[],"class_list":{"0":"post-1424","1":"product","2":"type-product","3":"status-publish","4":"has-post-thumbnail","6":"product_cat-panele","7":"product_cat-bestsellery-nowosci","9":"first","10":"instock","11":"shipping-taxable","12":"purchasable","13":"product-type-simple","14":"customify-col","15":"product-has-gallery"},"yoast_head":"<!-- This site is optimized with the Yoast SEO plugin v23.3 - https:\/\/yoast.com\/wordpress\/plugins\/seo\/ -->\n<title>Panel boczny ma\u0142y twardy - ArmyPPE<\/title>\n<meta name=\"description\" content=\"Wk\u0142ad\/ panel typu twardy, o kuloodporno\u015bci klasy IIIA zgodnie z norm\u0105 NIJ 0101.06 zatrzymujewszystkie pociski broni kr\u00f3tkiej.\" \/>\n<meta name=\"robots\" content=\"index, follow, max-snippet:-1, max-image-preview:large, max-video-preview:-1\" \/>\n<link rel=\"canonical\" href=\"https:\/\/armyppe.com\/uk\/sklep\/panel-boczny-maly-twardy\/\" \/>\n<meta property=\"og:locale\" content=\"uk_UA\" \/>\n<meta property=\"og:type\" content=\"article\" \/>\n<meta property=\"og:title\" content=\"Panel boczny ma\u0142y twardy - ArmyPPE\" \/>\n<meta property=\"og:description\" content=\"Wk\u0142ad\/ panel typu twardy, o kuloodporno\u015bci klasy IIIA zgodnie z norm\u0105 NIJ 0101.06 zatrzymujewszystkie pociski broni kr\u00f3tkiej.\" \/>\n<meta property=\"og:url\" content=\"https:\/\/armyppe.com\/uk\/sklep\/panel-boczny-maly-twardy\/\" \/>\n<meta property=\"og:site_name\" content=\"ArmyPPE\" \/>\n<meta property=\"article:modified_time\" content=\"2025-04-03T12:34:37+00:00\" \/>\n<meta property=\"og:image\" content=\"https:\/\/armyppe.com\/wp-content\/uploads\/2024\/07\/ARPP-78-scaled.jpg\" \/>\n\t<meta property=\"og:image:width\" content=\"2560\" \/>\n\t<meta property=\"og:image:height\" content=\"1707\" \/>\n\t<meta property=\"og:image:type\" content=\"image\/jpeg\" \/>\n<meta name=\"twitter:card\" content=\"summary_large_image\" \/>\n<meta name=\"twitter:label1\" content=\"\u041f\u0440\u0438\u0431\u043b. \u0447\u0430\u0441 \u0447\u0438\u0442\u0430\u043d\u043d\u044f\" \/>\n\t<meta name=\"twitter:data1\" content=\"1 \u0445\u0432\u0438\u043b\u0438\u043d\u0430\" \/>\n<script type=\"application\/ld+json\" class=\"yoast-schema-graph\">{\"@context\":\"https:\/\/schema.org\",\"@graph\":[{\"@type\":\"WebPage\",\"@id\":\"https:\/\/armyppe.com\/sklep\/panel-boczny-maly-twardy\/\",\"url\":\"https:\/\/armyppe.com\/sklep\/panel-boczny-maly-twardy\/\",\"name\":\"Panel boczny ma\u0142y twardy - ArmyPPE\",\"isPartOf\":{\"@id\":\"https:\/\/armyppe.com\/pl_pl\/#website\"},\"primaryImageOfPage\":{\"@id\":\"https:\/\/armyppe.com\/sklep\/panel-boczny-maly-twardy\/#primaryimage\"},\"image\":{\"@id\":\"https:\/\/armyppe.com\/sklep\/panel-boczny-maly-twardy\/#primaryimage\"},\"thumbnailUrl\":\"https:\/\/armyppe.com\/wp-content\/uploads\/2024\/07\/ARPP-78-scaled.jpg\",\"datePublished\":\"2024-07-03T16:51:50+00:00\",\"dateModified\":\"2025-04-03T12:34:37+00:00\",\"description\":\"Wk\u0142ad\/ panel typu twardy, o kuloodporno\u015bci klasy IIIA zgodnie z norm\u0105 NIJ 0101.06 zatrzymujewszystkie pociski broni kr\u00f3tkiej.\",\"breadcrumb\":{\"@id\":\"https:\/\/armyppe.com\/sklep\/panel-boczny-maly-twardy\/#breadcrumb\"},\"inLanguage\":\"uk\",\"potentialAction\":[{\"@type\":\"ReadAction\",\"target\":[\"https:\/\/armyppe.com\/sklep\/panel-boczny-maly-twardy\/\"]}]},{\"@type\":\"ImageObject\",\"inLanguage\":\"uk\",\"@id\":\"https:\/\/armyppe.com\/sklep\/panel-boczny-maly-twardy\/#primaryimage\",\"url\":\"https:\/\/armyppe.com\/wp-content\/uploads\/2024\/07\/ARPP-78-scaled.jpg\",\"contentUrl\":\"https:\/\/armyppe.com\/wp-content\/uploads\/2024\/07\/ARPP-78-scaled.jpg\",\"width\":2560,\"height\":1707},{\"@type\":\"BreadcrumbList\",\"@id\":\"https:\/\/armyppe.com\/sklep\/panel-boczny-maly-twardy\/#breadcrumb\",\"itemListElement\":[{\"@type\":\"ListItem\",\"position\":1,\"name\":\"Strona g\u0142\u00f3wna\",\"item\":\"https:\/\/armyppe.com\/pl_pl\/\"},{\"@type\":\"ListItem\",\"position\":2,\"name\":\"Sklep\",\"item\":\"https:\/\/armyppe.com\/pl_pl\/sklep\/\"},{\"@type\":\"ListItem\",\"position\":3,\"name\":\"Panel boczny ma\u0142y twardy\"}]},{\"@type\":\"WebSite\",\"@id\":\"https:\/\/armyppe.com\/pl_pl\/#website\",\"url\":\"https:\/\/armyppe.com\/pl_pl\/\",\"name\":\"ArmyPPE\",\"description\":\"\",\"publisher\":{\"@id\":\"https:\/\/armyppe.com\/pl_pl\/#organization\"},\"potentialAction\":[{\"@type\":\"SearchAction\",\"target\":{\"@type\":\"EntryPoint\",\"urlTemplate\":\"https:\/\/armyppe.com\/pl_pl\/?s={search_term_string}\"},\"query-input\":\"required name=search_term_string\"}],\"inLanguage\":\"uk\"},{\"@type\":\"Organization\",\"@id\":\"https:\/\/armyppe.com\/pl_pl\/#organization\",\"name\":\"ArmyPPE\",\"url\":\"https:\/\/armyppe.com\/pl_pl\/\",\"logo\":{\"@type\":\"ImageObject\",\"inLanguage\":\"uk\",\"@id\":\"https:\/\/armyppe.com\/pl_pl\/#\/schema\/logo\/image\/\",\"url\":\"https:\/\/armyppe.com\/wp-content\/uploads\/2022\/10\/Group-5.png\",\"contentUrl\":\"https:\/\/armyppe.com\/wp-content\/uploads\/2022\/10\/Group-5.png\",\"width\":262,\"height\":308,\"caption\":\"ArmyPPE\"},\"image\":{\"@id\":\"https:\/\/armyppe.com\/pl_pl\/#\/schema\/logo\/image\/\"}}]}<\/script>\n<!-- \/ Yoast SEO plugin. -->","yoast_head_json":{"title":"Panel boczny ma\u0142y twardy - ArmyPPE","description":"Wk\u0142ad\/ panel typu twardy, o kuloodporno\u015bci klasy IIIA zgodnie z norm\u0105 NIJ 0101.06 zatrzymujewszystkie pociski broni kr\u00f3tkiej.","robots":{"index":"index","follow":"follow","max-snippet":"max-snippet:-1","max-image-preview":"max-image-preview:large","max-video-preview":"max-video-preview:-1"},"canonical":"https:\/\/armyppe.com\/uk\/sklep\/panel-boczny-maly-twardy\/","og_locale":"uk_UA","og_type":"article","og_title":"Panel boczny ma\u0142y twardy - ArmyPPE","og_description":"Wk\u0142ad\/ panel typu twardy, o kuloodporno\u015bci klasy IIIA zgodnie z norm\u0105 NIJ 0101.06 zatrzymujewszystkie pociski broni kr\u00f3tkiej.","og_url":"https:\/\/armyppe.com\/uk\/sklep\/panel-boczny-maly-twardy\/","og_site_name":"ArmyPPE","article_modified_time":"2025-04-03T12:34:37+00:00","og_image":[{"width":2560,"height":1707,"url":"https:\/\/armyppe.com\/wp-content\/uploads\/2024\/07\/ARPP-78-scaled.jpg","type":"image\/jpeg"}],"twitter_card":"summary_large_image","twitter_misc":{"\u041f\u0440\u0438\u0431\u043b. \u0447\u0430\u0441 \u0447\u0438\u0442\u0430\u043d\u043d\u044f":"1 \u0445\u0432\u0438\u043b\u0438\u043d\u0430"},"schema":{"@context":"https:\/\/schema.org","@graph":[{"@type":"WebPage","@id":"https:\/\/armyppe.com\/sklep\/panel-boczny-maly-twardy\/","url":"https:\/\/armyppe.com\/sklep\/panel-boczny-maly-twardy\/","name":"Panel boczny ma\u0142y twardy - ArmyPPE","isPartOf":{"@id":"https:\/\/armyppe.com\/pl_pl\/#website"},"primaryImageOfPage":{"@id":"https:\/\/armyppe.com\/sklep\/panel-boczny-maly-twardy\/#primaryimage"},"image":{"@id":"https:\/\/armyppe.com\/sklep\/panel-boczny-maly-twardy\/#primaryimage"},"thumbnailUrl":"https:\/\/armyppe.com\/wp-content\/uploads\/2024\/07\/ARPP-78-scaled.jpg","datePublished":"2024-07-03T16:51:50+00:00","dateModified":"2025-04-03T12:34:37+00:00","description":"Wk\u0142ad\/ panel typu twardy, o kuloodporno\u015bci klasy IIIA zgodnie z norm\u0105 NIJ 0101.06 zatrzymujewszystkie pociski broni kr\u00f3tkiej.","breadcrumb":{"@id":"https:\/\/armyppe.com\/sklep\/panel-boczny-maly-twardy\/#breadcrumb"},"inLanguage":"uk","potentialAction":[{"@type":"ReadAction","target":["https:\/\/armyppe.com\/sklep\/panel-boczny-maly-twardy\/"]}]},{"@type":"ImageObject","inLanguage":"uk","@id":"https:\/\/armyppe.com\/sklep\/panel-boczny-maly-twardy\/#primaryimage","url":"https:\/\/armyppe.com\/wp-content\/uploads\/2024\/07\/ARPP-78-scaled.jpg","contentUrl":"https:\/\/armyppe.com\/wp-content\/uploads\/2024\/07\/ARPP-78-scaled.jpg","width":2560,"height":1707},{"@type":"BreadcrumbList","@id":"https:\/\/armyppe.com\/sklep\/panel-boczny-maly-twardy\/#breadcrumb","itemListElement":[{"@type":"ListItem","position":1,"name":"Strona g\u0142\u00f3wna","item":"https:\/\/armyppe.com\/pl_pl\/"},{"@type":"ListItem","position":2,"name":"Sklep","item":"https:\/\/armyppe.com\/pl_pl\/sklep\/"},{"@type":"ListItem","position":3,"name":"Panel boczny ma\u0142y twardy"}]},{"@type":"WebSite","@id":"https:\/\/armyppe.com\/pl_pl\/#website","url":"https:\/\/armyppe.com\/pl_pl\/","name":"ArmyPPE","description":"","publisher":{"@id":"https:\/\/armyppe.com\/pl_pl\/#organization"},"potentialAction":[{"@type":"SearchAction","target":{"@type":"EntryPoint","urlTemplate":"https:\/\/armyppe.com\/pl_pl\/?s={search_term_string}"},"query-input":"required name=search_term_string"}],"inLanguage":"uk"},{"@type":"Organization","@id":"https:\/\/armyppe.com\/pl_pl\/#organization","name":"ArmyPPE","url":"https:\/\/armyppe.com\/pl_pl\/","logo":{"@type":"ImageObject","inLanguage":"uk","@id":"https:\/\/armyppe.com\/pl_pl\/#\/schema\/logo\/image\/","url":"https:\/\/armyppe.com\/wp-content\/uploads\/2022\/10\/Group-5.png","contentUrl":"https:\/\/armyppe.com\/wp-content\/uploads\/2022\/10\/Group-5.png","width":262,"height":308,"caption":"ArmyPPE"},"image":{"@id":"https:\/\/armyppe.com\/pl_pl\/#\/schema\/logo\/image\/"}}]}},"_links":{"self":[{"href":"https:\/\/armyppe.com\/uk\/wp-json\/wp\/v2\/product\/1424","targetHints":{"allow":["GET"]}}],"collection":[{"href":"https:\/\/armyppe.com\/uk\/wp-json\/wp\/v2\/product"}],"about":[{"href":"https:\/\/armyppe.com\/uk\/wp-json\/wp\/v2\/types\/product"}],"replies":[{"embeddable":true,"href":"https:\/\/armyppe.com\/uk\/wp-json\/wp\/v2\/comments?post=1424"}],"wp:featuredmedia":[{"embeddable":true,"href":"https:\/\/armyppe.com\/uk\/wp-json\/wp\/v2\/media\/1428"}],"wp:attachment":[{"href":"https:\/\/armyppe.com\/uk\/wp-json\/wp\/v2\/media?parent=1424"}],"wp:term":[{"taxonomy":"product_cat","embeddable":true,"href":"https:\/\/armyppe.com\/uk\/wp-json\/wp\/v2\/product_cat?post=1424"},{"taxonomy":"product_tag","embeddable":true,"href":"https:\/\/armyppe.com\/uk\/wp-json\/wp\/v2\/product_tag?post=1424"}],"curies":[{"name":"wp","href":"https:\/\/api.w.org\/{rel}","templated":true}]}}