{"id":1194,"date":"2024-05-18T12:26:29","date_gmt":"2024-05-18T10:26:29","guid":{"rendered":"https:\/\/armyppe.com\/?post_type=product&#038;p=1194"},"modified":"2025-04-03T14:32:28","modified_gmt":"2025-04-03T12:32:28","slug":"zestaw-poduch-typu-wendy-do-helmow-mich-i-ach","status":"publish","type":"product","link":"https:\/\/armyppe.com\/uk\/sklep\/zestaw-poduch-typu-wendy-do-helmow-mich-i-ach\/","title":{"rendered":"Zestaw poduch typu Wendy do he\u0142m\u00f3w: MICH i ACH"},"content":{"rendered":"<h2>Zestaw poduch typu Wendy, z pami\u0119ci\u0105 kszta\u0142tu.<\/h2>\n<p><strong>Poduchy<\/strong> dostosowuj\u0105 si\u0119 do kszta\u0142tu g\u0142owy nosz\u0105cego i zapami\u0119tuj\u0105 go idealnie le\u017c\u0105c. Dodatkowo amortyzuj\u0105 i absorbuj\u0105 uderzenia.<\/p>\n<p>Pasuj\u0105 do wszystkich typ\u00f3w he\u0142m\u00f3w: PASG, MICH ACH (Fast i Wendy).<\/p>\n<p>Dost\u0119pne kolory: Olive, tan i czarny<\/p>\n<p>Producent: BulletProof PPE LLC, USA<\/p>\n<p><strong>Produkt wykonany w 100% w USA<\/strong><\/p>","protected":false},"excerpt":{"rendered":"<p>Zestaw poduch typu Wendy, z pami\u0119ci\u0105 kszta\u0142tu. Poduchy dostosowuj\u0105 si\u0119 do kszta\u0142tu g\u0142owy nosz\u0105cego i zapami\u0119tuj\u0105 go idealnie le\u017c\u0105c. Dodatkowo amortyzuj\u0105 i absorbuj\u0105 uderzenia. Pasuj\u0105&hellip;<\/p>","protected":false},"featured_media":1195,"comment_status":"open","ping_status":"closed","template":"","meta":[],"product_cat":[36,23,19],"product_tag":[],"class_list":{"0":"post-1194","1":"product","2":"type-product","3":"status-publish","4":"has-post-thumbnail","6":"product_cat-bestsellery-nowosci","7":"product_cat-akcesoria-balistyczne","8":"product_cat-helmy","10":"first","11":"instock","12":"shipping-taxable","13":"purchasable","14":"product-type-simple","15":"customify-col","16":"product-has-gallery"},"yoast_head":"<!-- This site is optimized with the Yoast SEO plugin v23.3 - https:\/\/yoast.com\/wordpress\/plugins\/seo\/ -->\n<title>Zestaw poduch typu Wendy do he\u0142m\u00f3w: MICH i ACH - ArmyPPE<\/title>\n<meta name=\"description\" content=\"Zestaw poduch typu Wendy, z pami\u0119ci\u0105 kszta\u0142tu. Dodatkowo amortyzuj\u0105 i absorbuj\u0105 uderzenia. Pasuj\u0105 do wszystkich typ\u00f3w he\u0142m\u00f3w: PASG, MICH ACH (Fast i Wendy).\" \/>\n<meta name=\"robots\" content=\"index, follow, max-snippet:-1, max-image-preview:large, max-video-preview:-1\" \/>\n<link rel=\"canonical\" href=\"https:\/\/armyppe.com\/uk\/sklep\/zestaw-poduch-typu-wendy-do-helmow-mich-i-ach\/\" \/>\n<meta property=\"og:locale\" content=\"uk_UA\" \/>\n<meta property=\"og:type\" content=\"article\" \/>\n<meta property=\"og:title\" content=\"Zestaw poduch typu Wendy do he\u0142m\u00f3w: MICH i ACH - ArmyPPE\" \/>\n<meta property=\"og:description\" content=\"Zestaw poduch typu Wendy, z pami\u0119ci\u0105 kszta\u0142tu. Dodatkowo amortyzuj\u0105 i absorbuj\u0105 uderzenia. Pasuj\u0105 do wszystkich typ\u00f3w he\u0142m\u00f3w: PASG, MICH ACH (Fast i Wendy).\" \/>\n<meta property=\"og:url\" content=\"https:\/\/armyppe.com\/uk\/sklep\/zestaw-poduch-typu-wendy-do-helmow-mich-i-ach\/\" \/>\n<meta property=\"og:site_name\" content=\"ArmyPPE\" \/>\n<meta property=\"article:modified_time\" content=\"2025-04-03T12:32:28+00:00\" \/>\n<meta property=\"og:image\" content=\"https:\/\/armyppe.com\/wp-content\/uploads\/2024\/05\/2-10.jpg\" \/>\n\t<meta property=\"og:image:width\" content=\"853\" \/>\n\t<meta property=\"og:image:height\" content=\"747\" \/>\n\t<meta property=\"og:image:type\" content=\"image\/jpeg\" \/>\n<meta name=\"twitter:card\" content=\"summary_large_image\" \/>\n<meta name=\"twitter:label1\" content=\"\u041f\u0440\u0438\u0431\u043b. \u0447\u0430\u0441 \u0447\u0438\u0442\u0430\u043d\u043d\u044f\" \/>\n\t<meta name=\"twitter:data1\" content=\"1 \u0445\u0432\u0438\u043b\u0438\u043d\u0430\" \/>\n<script type=\"application\/ld+json\" class=\"yoast-schema-graph\">{\"@context\":\"https:\/\/schema.org\",\"@graph\":[{\"@type\":\"WebPage\",\"@id\":\"https:\/\/armyppe.com\/sklep\/zestaw-poduch-typu-wendy-do-helmow-mich-i-ach\/\",\"url\":\"https:\/\/armyppe.com\/sklep\/zestaw-poduch-typu-wendy-do-helmow-mich-i-ach\/\",\"name\":\"Zestaw poduch typu Wendy do he\u0142m\u00f3w: MICH i ACH - ArmyPPE\",\"isPartOf\":{\"@id\":\"https:\/\/armyppe.com\/pl_pl\/#website\"},\"primaryImageOfPage\":{\"@id\":\"https:\/\/armyppe.com\/sklep\/zestaw-poduch-typu-wendy-do-helmow-mich-i-ach\/#primaryimage\"},\"image\":{\"@id\":\"https:\/\/armyppe.com\/sklep\/zestaw-poduch-typu-wendy-do-helmow-mich-i-ach\/#primaryimage\"},\"thumbnailUrl\":\"https:\/\/armyppe.com\/wp-content\/uploads\/2024\/05\/2-10.jpg\",\"datePublished\":\"2024-05-18T10:26:29+00:00\",\"dateModified\":\"2025-04-03T12:32:28+00:00\",\"description\":\"Zestaw poduch typu Wendy, z pami\u0119ci\u0105 kszta\u0142tu. Dodatkowo amortyzuj\u0105 i absorbuj\u0105 uderzenia. Pasuj\u0105 do wszystkich typ\u00f3w he\u0142m\u00f3w: PASG, MICH ACH (Fast i Wendy).\",\"breadcrumb\":{\"@id\":\"https:\/\/armyppe.com\/sklep\/zestaw-poduch-typu-wendy-do-helmow-mich-i-ach\/#breadcrumb\"},\"inLanguage\":\"uk\",\"potentialAction\":[{\"@type\":\"ReadAction\",\"target\":[\"https:\/\/armyppe.com\/sklep\/zestaw-poduch-typu-wendy-do-helmow-mich-i-ach\/\"]}]},{\"@type\":\"ImageObject\",\"inLanguage\":\"uk\",\"@id\":\"https:\/\/armyppe.com\/sklep\/zestaw-poduch-typu-wendy-do-helmow-mich-i-ach\/#primaryimage\",\"url\":\"https:\/\/armyppe.com\/wp-content\/uploads\/2024\/05\/2-10.jpg\",\"contentUrl\":\"https:\/\/armyppe.com\/wp-content\/uploads\/2024\/05\/2-10.jpg\",\"width\":853,\"height\":747},{\"@type\":\"BreadcrumbList\",\"@id\":\"https:\/\/armyppe.com\/sklep\/zestaw-poduch-typu-wendy-do-helmow-mich-i-ach\/#breadcrumb\",\"itemListElement\":[{\"@type\":\"ListItem\",\"position\":1,\"name\":\"Strona g\u0142\u00f3wna\",\"item\":\"https:\/\/armyppe.com\/pl_pl\/\"},{\"@type\":\"ListItem\",\"position\":2,\"name\":\"Sklep\",\"item\":\"https:\/\/armyppe.com\/pl_pl\/sklep\/\"},{\"@type\":\"ListItem\",\"position\":3,\"name\":\"Zestaw poduch typu Wendy do he\u0142m\u00f3w: MICH i ACH\"}]},{\"@type\":\"WebSite\",\"@id\":\"https:\/\/armyppe.com\/pl_pl\/#website\",\"url\":\"https:\/\/armyppe.com\/pl_pl\/\",\"name\":\"ArmyPPE\",\"description\":\"\",\"publisher\":{\"@id\":\"https:\/\/armyppe.com\/pl_pl\/#organization\"},\"potentialAction\":[{\"@type\":\"SearchAction\",\"target\":{\"@type\":\"EntryPoint\",\"urlTemplate\":\"https:\/\/armyppe.com\/pl_pl\/?s={search_term_string}\"},\"query-input\":\"required name=search_term_string\"}],\"inLanguage\":\"uk\"},{\"@type\":\"Organization\",\"@id\":\"https:\/\/armyppe.com\/pl_pl\/#organization\",\"name\":\"ArmyPPE\",\"url\":\"https:\/\/armyppe.com\/pl_pl\/\",\"logo\":{\"@type\":\"ImageObject\",\"inLanguage\":\"uk\",\"@id\":\"https:\/\/armyppe.com\/pl_pl\/#\/schema\/logo\/image\/\",\"url\":\"https:\/\/armyppe.com\/wp-content\/uploads\/2022\/10\/Group-5.png\",\"contentUrl\":\"https:\/\/armyppe.com\/wp-content\/uploads\/2022\/10\/Group-5.png\",\"width\":262,\"height\":308,\"caption\":\"ArmyPPE\"},\"image\":{\"@id\":\"https:\/\/armyppe.com\/pl_pl\/#\/schema\/logo\/image\/\"}}]}<\/script>\n<!-- \/ Yoast SEO plugin. -->","yoast_head_json":{"title":"Zestaw poduch typu Wendy do he\u0142m\u00f3w: MICH i ACH - ArmyPPE","description":"Zestaw poduch typu Wendy, z pami\u0119ci\u0105 kszta\u0142tu. Dodatkowo amortyzuj\u0105 i absorbuj\u0105 uderzenia. Pasuj\u0105 do wszystkich typ\u00f3w he\u0142m\u00f3w: PASG, MICH ACH (Fast i Wendy).","robots":{"index":"index","follow":"follow","max-snippet":"max-snippet:-1","max-image-preview":"max-image-preview:large","max-video-preview":"max-video-preview:-1"},"canonical":"https:\/\/armyppe.com\/uk\/sklep\/zestaw-poduch-typu-wendy-do-helmow-mich-i-ach\/","og_locale":"uk_UA","og_type":"article","og_title":"Zestaw poduch typu Wendy do he\u0142m\u00f3w: MICH i ACH - ArmyPPE","og_description":"Zestaw poduch typu Wendy, z pami\u0119ci\u0105 kszta\u0142tu. Dodatkowo amortyzuj\u0105 i absorbuj\u0105 uderzenia. Pasuj\u0105 do wszystkich typ\u00f3w he\u0142m\u00f3w: PASG, MICH ACH (Fast i Wendy).","og_url":"https:\/\/armyppe.com\/uk\/sklep\/zestaw-poduch-typu-wendy-do-helmow-mich-i-ach\/","og_site_name":"ArmyPPE","article_modified_time":"2025-04-03T12:32:28+00:00","og_image":[{"width":853,"height":747,"url":"https:\/\/armyppe.com\/wp-content\/uploads\/2024\/05\/2-10.jpg","type":"image\/jpeg"}],"twitter_card":"summary_large_image","twitter_misc":{"\u041f\u0440\u0438\u0431\u043b. \u0447\u0430\u0441 \u0447\u0438\u0442\u0430\u043d\u043d\u044f":"1 \u0445\u0432\u0438\u043b\u0438\u043d\u0430"},"schema":{"@context":"https:\/\/schema.org","@graph":[{"@type":"WebPage","@id":"https:\/\/armyppe.com\/sklep\/zestaw-poduch-typu-wendy-do-helmow-mich-i-ach\/","url":"https:\/\/armyppe.com\/sklep\/zestaw-poduch-typu-wendy-do-helmow-mich-i-ach\/","name":"Zestaw poduch typu Wendy do he\u0142m\u00f3w: MICH i ACH - ArmyPPE","isPartOf":{"@id":"https:\/\/armyppe.com\/pl_pl\/#website"},"primaryImageOfPage":{"@id":"https:\/\/armyppe.com\/sklep\/zestaw-poduch-typu-wendy-do-helmow-mich-i-ach\/#primaryimage"},"image":{"@id":"https:\/\/armyppe.com\/sklep\/zestaw-poduch-typu-wendy-do-helmow-mich-i-ach\/#primaryimage"},"thumbnailUrl":"https:\/\/armyppe.com\/wp-content\/uploads\/2024\/05\/2-10.jpg","datePublished":"2024-05-18T10:26:29+00:00","dateModified":"2025-04-03T12:32:28+00:00","description":"Zestaw poduch typu Wendy, z pami\u0119ci\u0105 kszta\u0142tu. Dodatkowo amortyzuj\u0105 i absorbuj\u0105 uderzenia. Pasuj\u0105 do wszystkich typ\u00f3w he\u0142m\u00f3w: PASG, MICH ACH (Fast i Wendy).","breadcrumb":{"@id":"https:\/\/armyppe.com\/sklep\/zestaw-poduch-typu-wendy-do-helmow-mich-i-ach\/#breadcrumb"},"inLanguage":"uk","potentialAction":[{"@type":"ReadAction","target":["https:\/\/armyppe.com\/sklep\/zestaw-poduch-typu-wendy-do-helmow-mich-i-ach\/"]}]},{"@type":"ImageObject","inLanguage":"uk","@id":"https:\/\/armyppe.com\/sklep\/zestaw-poduch-typu-wendy-do-helmow-mich-i-ach\/#primaryimage","url":"https:\/\/armyppe.com\/wp-content\/uploads\/2024\/05\/2-10.jpg","contentUrl":"https:\/\/armyppe.com\/wp-content\/uploads\/2024\/05\/2-10.jpg","width":853,"height":747},{"@type":"BreadcrumbList","@id":"https:\/\/armyppe.com\/sklep\/zestaw-poduch-typu-wendy-do-helmow-mich-i-ach\/#breadcrumb","itemListElement":[{"@type":"ListItem","position":1,"name":"Strona g\u0142\u00f3wna","item":"https:\/\/armyppe.com\/pl_pl\/"},{"@type":"ListItem","position":2,"name":"Sklep","item":"https:\/\/armyppe.com\/pl_pl\/sklep\/"},{"@type":"ListItem","position":3,"name":"Zestaw poduch typu Wendy do he\u0142m\u00f3w: MICH i ACH"}]},{"@type":"WebSite","@id":"https:\/\/armyppe.com\/pl_pl\/#website","url":"https:\/\/armyppe.com\/pl_pl\/","name":"ArmyPPE","description":"","publisher":{"@id":"https:\/\/armyppe.com\/pl_pl\/#organization"},"potentialAction":[{"@type":"SearchAction","target":{"@type":"EntryPoint","urlTemplate":"https:\/\/armyppe.com\/pl_pl\/?s={search_term_string}"},"query-input":"required name=search_term_string"}],"inLanguage":"uk"},{"@type":"Organization","@id":"https:\/\/armyppe.com\/pl_pl\/#organization","name":"ArmyPPE","url":"https:\/\/armyppe.com\/pl_pl\/","logo":{"@type":"ImageObject","inLanguage":"uk","@id":"https:\/\/armyppe.com\/pl_pl\/#\/schema\/logo\/image\/","url":"https:\/\/armyppe.com\/wp-content\/uploads\/2022\/10\/Group-5.png","contentUrl":"https:\/\/armyppe.com\/wp-content\/uploads\/2022\/10\/Group-5.png","width":262,"height":308,"caption":"ArmyPPE"},"image":{"@id":"https:\/\/armyppe.com\/pl_pl\/#\/schema\/logo\/image\/"}}]}},"_links":{"self":[{"href":"https:\/\/armyppe.com\/uk\/wp-json\/wp\/v2\/product\/1194","targetHints":{"allow":["GET"]}}],"collection":[{"href":"https:\/\/armyppe.com\/uk\/wp-json\/wp\/v2\/product"}],"about":[{"href":"https:\/\/armyppe.com\/uk\/wp-json\/wp\/v2\/types\/product"}],"replies":[{"embeddable":true,"href":"https:\/\/armyppe.com\/uk\/wp-json\/wp\/v2\/comments?post=1194"}],"wp:featuredmedia":[{"embeddable":true,"href":"https:\/\/armyppe.com\/uk\/wp-json\/wp\/v2\/media\/1195"}],"wp:attachment":[{"href":"https:\/\/armyppe.com\/uk\/wp-json\/wp\/v2\/media?parent=1194"}],"wp:term":[{"taxonomy":"product_cat","embeddable":true,"href":"https:\/\/armyppe.com\/uk\/wp-json\/wp\/v2\/product_cat?post=1194"},{"taxonomy":"product_tag","embeddable":true,"href":"https:\/\/armyppe.com\/uk\/wp-json\/wp\/v2\/product_tag?post=1194"}],"curies":[{"name":"wp","href":"https:\/\/api.w.org\/{rel}","templated":true}]}}