{"id":1185,"date":"2024-05-18T12:09:27","date_gmt":"2024-05-18T10:09:27","guid":{"rendered":"https:\/\/armyppe.com\/?post_type=product&#038;p=1185"},"modified":"2025-04-03T14:31:23","modified_gmt":"2025-04-03T12:31:23","slug":"szyna-taktyczna-do-helmu-mich","status":"publish","type":"product","link":"https:\/\/armyppe.com\/uk\/sklep\/szyna-taktyczna-do-helmu-mich\/","title":{"rendered":"Szyna taktyczna do he\u0142mu MICH"},"content":{"rendered":"<h2>Boczna szyna taktyczna do he\u0142mu typu MICH.<\/h2>\n<p>Pasuje do wszystkich he\u0142m\u00f3w tego typu i nadaje si\u0119 do wymiany zepsutej lub uszkodzonej szyny a tak\u017ce do monta\u017cu na <strong>he\u0142mie<\/strong> nieposiadaj\u0105cym szyn.<\/p>\n<p>Materia\u0142: ABS<\/p>\n<p>Dost\u0119pne kolory: Olive, tan i czarny<\/p>","protected":false},"excerpt":{"rendered":"<p>Boczna szyna taktyczna do he\u0142mu typu MICH. Pasuje do wszystkich he\u0142m\u00f3w tego typu i nadaje si\u0119 do wymiany zepsutej lub uszkodzonej szyny a tak\u017ce do&hellip;<\/p>","protected":false},"featured_media":1186,"comment_status":"open","ping_status":"closed","template":"","meta":[],"product_cat":[23,19],"product_tag":[],"class_list":{"0":"post-1185","1":"product","2":"type-product","3":"status-publish","4":"has-post-thumbnail","6":"product_cat-akcesoria-balistyczne","7":"product_cat-helmy","9":"first","10":"instock","11":"shipping-taxable","12":"product-type-simple","13":"customify-col","14":"product-has-gallery"},"yoast_head":"<!-- This site is optimized with the Yoast SEO plugin v23.3 - https:\/\/yoast.com\/wordpress\/plugins\/seo\/ -->\n<title>Szyna taktyczna do he\u0142mu MICH - ArmyPPE<\/title>\n<meta name=\"description\" content=\"Boczna szyna taktyczna do he\u0142mu typu MICH. Pasuje do wszystkich he\u0142m\u00f3w tego typu i nadaje si\u0119 do wymiany zepsutej lub uszkodzonej szyny a tak\u017ce do monta\u017cu na he\u0142mie nieposiadaj\u0105cym szyn.\" \/>\n<meta name=\"robots\" content=\"index, follow, max-snippet:-1, max-image-preview:large, max-video-preview:-1\" \/>\n<link rel=\"canonical\" href=\"https:\/\/armyppe.com\/uk\/sklep\/szyna-taktyczna-do-helmu-mich\/\" \/>\n<meta property=\"og:locale\" content=\"uk_UA\" \/>\n<meta property=\"og:type\" content=\"article\" \/>\n<meta property=\"og:title\" content=\"Szyna taktyczna do he\u0142mu MICH - ArmyPPE\" \/>\n<meta property=\"og:description\" content=\"Boczna szyna taktyczna do he\u0142mu typu MICH. Pasuje do wszystkich he\u0142m\u00f3w tego typu i nadaje si\u0119 do wymiany zepsutej lub uszkodzonej szyny a tak\u017ce do monta\u017cu na he\u0142mie nieposiadaj\u0105cym szyn.\" \/>\n<meta property=\"og:url\" content=\"https:\/\/armyppe.com\/uk\/sklep\/szyna-taktyczna-do-helmu-mich\/\" \/>\n<meta property=\"og:site_name\" content=\"ArmyPPE\" \/>\n<meta property=\"article:modified_time\" content=\"2025-04-03T12:31:23+00:00\" \/>\n<meta property=\"og:image\" content=\"https:\/\/armyppe.com\/wp-content\/uploads\/2024\/05\/1-10.jpg\" \/>\n\t<meta property=\"og:image:width\" content=\"773\" \/>\n\t<meta property=\"og:image:height\" content=\"725\" \/>\n\t<meta property=\"og:image:type\" content=\"image\/jpeg\" \/>\n<meta name=\"twitter:card\" content=\"summary_large_image\" \/>\n<meta name=\"twitter:label1\" content=\"\u041f\u0440\u0438\u0431\u043b. \u0447\u0430\u0441 \u0447\u0438\u0442\u0430\u043d\u043d\u044f\" \/>\n\t<meta name=\"twitter:data1\" content=\"1 \u0445\u0432\u0438\u043b\u0438\u043d\u0430\" \/>\n<script type=\"application\/ld+json\" class=\"yoast-schema-graph\">{\"@context\":\"https:\/\/schema.org\",\"@graph\":[{\"@type\":\"WebPage\",\"@id\":\"https:\/\/armyppe.com\/pl_pl\/sklep\/szyna-taktyczna-do-helmu-mich\/\",\"url\":\"https:\/\/armyppe.com\/pl_pl\/sklep\/szyna-taktyczna-do-helmu-mich\/\",\"name\":\"Szyna taktyczna do he\u0142mu MICH - ArmyPPE\",\"isPartOf\":{\"@id\":\"https:\/\/armyppe.com\/pl_pl\/#website\"},\"primaryImageOfPage\":{\"@id\":\"https:\/\/armyppe.com\/pl_pl\/sklep\/szyna-taktyczna-do-helmu-mich\/#primaryimage\"},\"image\":{\"@id\":\"https:\/\/armyppe.com\/pl_pl\/sklep\/szyna-taktyczna-do-helmu-mich\/#primaryimage\"},\"thumbnailUrl\":\"https:\/\/armyppe.com\/wp-content\/uploads\/2024\/05\/1-10.jpg\",\"datePublished\":\"2024-05-18T10:09:27+00:00\",\"dateModified\":\"2025-04-03T12:31:23+00:00\",\"description\":\"Boczna szyna taktyczna do he\u0142mu typu MICH. Pasuje do wszystkich he\u0142m\u00f3w tego typu i nadaje si\u0119 do wymiany zepsutej lub uszkodzonej szyny a tak\u017ce do monta\u017cu na he\u0142mie nieposiadaj\u0105cym szyn.\",\"breadcrumb\":{\"@id\":\"https:\/\/armyppe.com\/pl_pl\/sklep\/szyna-taktyczna-do-helmu-mich\/#breadcrumb\"},\"inLanguage\":\"uk\",\"potentialAction\":[{\"@type\":\"ReadAction\",\"target\":[\"https:\/\/armyppe.com\/pl_pl\/sklep\/szyna-taktyczna-do-helmu-mich\/\"]}]},{\"@type\":\"ImageObject\",\"inLanguage\":\"uk\",\"@id\":\"https:\/\/armyppe.com\/pl_pl\/sklep\/szyna-taktyczna-do-helmu-mich\/#primaryimage\",\"url\":\"https:\/\/armyppe.com\/wp-content\/uploads\/2024\/05\/1-10.jpg\",\"contentUrl\":\"https:\/\/armyppe.com\/wp-content\/uploads\/2024\/05\/1-10.jpg\",\"width\":773,\"height\":725},{\"@type\":\"BreadcrumbList\",\"@id\":\"https:\/\/armyppe.com\/pl_pl\/sklep\/szyna-taktyczna-do-helmu-mich\/#breadcrumb\",\"itemListElement\":[{\"@type\":\"ListItem\",\"position\":1,\"name\":\"Strona g\u0142\u00f3wna\",\"item\":\"https:\/\/armyppe.com\/pl_pl\/\"},{\"@type\":\"ListItem\",\"position\":2,\"name\":\"Sklep\",\"item\":\"https:\/\/armyppe.com\/pl_pl\/sklep\/\"},{\"@type\":\"ListItem\",\"position\":3,\"name\":\"Szyna taktyczna do he\u0142mu MICH\"}]},{\"@type\":\"WebSite\",\"@id\":\"https:\/\/armyppe.com\/pl_pl\/#website\",\"url\":\"https:\/\/armyppe.com\/pl_pl\/\",\"name\":\"ArmyPPE\",\"description\":\"\",\"publisher\":{\"@id\":\"https:\/\/armyppe.com\/pl_pl\/#organization\"},\"potentialAction\":[{\"@type\":\"SearchAction\",\"target\":{\"@type\":\"EntryPoint\",\"urlTemplate\":\"https:\/\/armyppe.com\/pl_pl\/?s={search_term_string}\"},\"query-input\":\"required name=search_term_string\"}],\"inLanguage\":\"uk\"},{\"@type\":\"Organization\",\"@id\":\"https:\/\/armyppe.com\/pl_pl\/#organization\",\"name\":\"ArmyPPE\",\"url\":\"https:\/\/armyppe.com\/pl_pl\/\",\"logo\":{\"@type\":\"ImageObject\",\"inLanguage\":\"uk\",\"@id\":\"https:\/\/armyppe.com\/pl_pl\/#\/schema\/logo\/image\/\",\"url\":\"https:\/\/armyppe.com\/wp-content\/uploads\/2022\/10\/Group-5.png\",\"contentUrl\":\"https:\/\/armyppe.com\/wp-content\/uploads\/2022\/10\/Group-5.png\",\"width\":262,\"height\":308,\"caption\":\"ArmyPPE\"},\"image\":{\"@id\":\"https:\/\/armyppe.com\/pl_pl\/#\/schema\/logo\/image\/\"}}]}<\/script>\n<!-- \/ Yoast SEO plugin. -->","yoast_head_json":{"title":"Szyna taktyczna do he\u0142mu MICH - ArmyPPE","description":"Boczna szyna taktyczna do he\u0142mu typu MICH. Pasuje do wszystkich he\u0142m\u00f3w tego typu i nadaje si\u0119 do wymiany zepsutej lub uszkodzonej szyny a tak\u017ce do monta\u017cu na he\u0142mie nieposiadaj\u0105cym szyn.","robots":{"index":"index","follow":"follow","max-snippet":"max-snippet:-1","max-image-preview":"max-image-preview:large","max-video-preview":"max-video-preview:-1"},"canonical":"https:\/\/armyppe.com\/uk\/sklep\/szyna-taktyczna-do-helmu-mich\/","og_locale":"uk_UA","og_type":"article","og_title":"Szyna taktyczna do he\u0142mu MICH - ArmyPPE","og_description":"Boczna szyna taktyczna do he\u0142mu typu MICH. Pasuje do wszystkich he\u0142m\u00f3w tego typu i nadaje si\u0119 do wymiany zepsutej lub uszkodzonej szyny a tak\u017ce do monta\u017cu na he\u0142mie nieposiadaj\u0105cym szyn.","og_url":"https:\/\/armyppe.com\/uk\/sklep\/szyna-taktyczna-do-helmu-mich\/","og_site_name":"ArmyPPE","article_modified_time":"2025-04-03T12:31:23+00:00","og_image":[{"width":773,"height":725,"url":"https:\/\/armyppe.com\/wp-content\/uploads\/2024\/05\/1-10.jpg","type":"image\/jpeg"}],"twitter_card":"summary_large_image","twitter_misc":{"\u041f\u0440\u0438\u0431\u043b. \u0447\u0430\u0441 \u0447\u0438\u0442\u0430\u043d\u043d\u044f":"1 \u0445\u0432\u0438\u043b\u0438\u043d\u0430"},"schema":{"@context":"https:\/\/schema.org","@graph":[{"@type":"WebPage","@id":"https:\/\/armyppe.com\/pl_pl\/sklep\/szyna-taktyczna-do-helmu-mich\/","url":"https:\/\/armyppe.com\/pl_pl\/sklep\/szyna-taktyczna-do-helmu-mich\/","name":"Szyna taktyczna do he\u0142mu MICH - ArmyPPE","isPartOf":{"@id":"https:\/\/armyppe.com\/pl_pl\/#website"},"primaryImageOfPage":{"@id":"https:\/\/armyppe.com\/pl_pl\/sklep\/szyna-taktyczna-do-helmu-mich\/#primaryimage"},"image":{"@id":"https:\/\/armyppe.com\/pl_pl\/sklep\/szyna-taktyczna-do-helmu-mich\/#primaryimage"},"thumbnailUrl":"https:\/\/armyppe.com\/wp-content\/uploads\/2024\/05\/1-10.jpg","datePublished":"2024-05-18T10:09:27+00:00","dateModified":"2025-04-03T12:31:23+00:00","description":"Boczna szyna taktyczna do he\u0142mu typu MICH. Pasuje do wszystkich he\u0142m\u00f3w tego typu i nadaje si\u0119 do wymiany zepsutej lub uszkodzonej szyny a tak\u017ce do monta\u017cu na he\u0142mie nieposiadaj\u0105cym szyn.","breadcrumb":{"@id":"https:\/\/armyppe.com\/pl_pl\/sklep\/szyna-taktyczna-do-helmu-mich\/#breadcrumb"},"inLanguage":"uk","potentialAction":[{"@type":"ReadAction","target":["https:\/\/armyppe.com\/pl_pl\/sklep\/szyna-taktyczna-do-helmu-mich\/"]}]},{"@type":"ImageObject","inLanguage":"uk","@id":"https:\/\/armyppe.com\/pl_pl\/sklep\/szyna-taktyczna-do-helmu-mich\/#primaryimage","url":"https:\/\/armyppe.com\/wp-content\/uploads\/2024\/05\/1-10.jpg","contentUrl":"https:\/\/armyppe.com\/wp-content\/uploads\/2024\/05\/1-10.jpg","width":773,"height":725},{"@type":"BreadcrumbList","@id":"https:\/\/armyppe.com\/pl_pl\/sklep\/szyna-taktyczna-do-helmu-mich\/#breadcrumb","itemListElement":[{"@type":"ListItem","position":1,"name":"Strona g\u0142\u00f3wna","item":"https:\/\/armyppe.com\/pl_pl\/"},{"@type":"ListItem","position":2,"name":"Sklep","item":"https:\/\/armyppe.com\/pl_pl\/sklep\/"},{"@type":"ListItem","position":3,"name":"Szyna taktyczna do he\u0142mu MICH"}]},{"@type":"WebSite","@id":"https:\/\/armyppe.com\/pl_pl\/#website","url":"https:\/\/armyppe.com\/pl_pl\/","name":"ArmyPPE","description":"","publisher":{"@id":"https:\/\/armyppe.com\/pl_pl\/#organization"},"potentialAction":[{"@type":"SearchAction","target":{"@type":"EntryPoint","urlTemplate":"https:\/\/armyppe.com\/pl_pl\/?s={search_term_string}"},"query-input":"required name=search_term_string"}],"inLanguage":"uk"},{"@type":"Organization","@id":"https:\/\/armyppe.com\/pl_pl\/#organization","name":"ArmyPPE","url":"https:\/\/armyppe.com\/pl_pl\/","logo":{"@type":"ImageObject","inLanguage":"uk","@id":"https:\/\/armyppe.com\/pl_pl\/#\/schema\/logo\/image\/","url":"https:\/\/armyppe.com\/wp-content\/uploads\/2022\/10\/Group-5.png","contentUrl":"https:\/\/armyppe.com\/wp-content\/uploads\/2022\/10\/Group-5.png","width":262,"height":308,"caption":"ArmyPPE"},"image":{"@id":"https:\/\/armyppe.com\/pl_pl\/#\/schema\/logo\/image\/"}}]}},"_links":{"self":[{"href":"https:\/\/armyppe.com\/uk\/wp-json\/wp\/v2\/product\/1185","targetHints":{"allow":["GET"]}}],"collection":[{"href":"https:\/\/armyppe.com\/uk\/wp-json\/wp\/v2\/product"}],"about":[{"href":"https:\/\/armyppe.com\/uk\/wp-json\/wp\/v2\/types\/product"}],"replies":[{"embeddable":true,"href":"https:\/\/armyppe.com\/uk\/wp-json\/wp\/v2\/comments?post=1185"}],"wp:featuredmedia":[{"embeddable":true,"href":"https:\/\/armyppe.com\/uk\/wp-json\/wp\/v2\/media\/1186"}],"wp:attachment":[{"href":"https:\/\/armyppe.com\/uk\/wp-json\/wp\/v2\/media?parent=1185"}],"wp:term":[{"taxonomy":"product_cat","embeddable":true,"href":"https:\/\/armyppe.com\/uk\/wp-json\/wp\/v2\/product_cat?post=1185"},{"taxonomy":"product_tag","embeddable":true,"href":"https:\/\/armyppe.com\/uk\/wp-json\/wp\/v2\/product_tag?post=1185"}],"curies":[{"name":"wp","href":"https:\/\/api.w.org\/{rel}","templated":true}]}}