{"id":1179,"date":"2024-05-18T12:02:14","date_gmt":"2024-05-18T10:02:14","guid":{"rendered":"https:\/\/armyppe.com\/?post_type=product&#038;p=1179"},"modified":"2025-07-13T00:55:51","modified_gmt":"2025-07-12T22:55:51","slug":"kamizelka-taktyczna-z-systemem-molle","status":"publish","type":"product","link":"https:\/\/armyppe.com\/uk\/sklep\/kamizelka-taktyczna-z-systemem-molle\/","title":{"rendered":"Kamizelka taktyczna z systemem Molle TV02MBS"},"content":{"rendered":"<h2>Kamizelka taktyczna z systemem Molle oraz szybkim wypi\u0119ciem<\/h2>\n<p>Dzi\u0119ki systemowi szybkiego wypi\u0119cia mo\u017cna j\u0105 szybko i \u0142atwo za\u0142o\u017cy\u0107 \u015bci\u0105gn\u0105\u0107, ponadto nie ulega zu\u017cyciu tak jak rzepy.<\/p>\n<p><strong>Kamizelka<\/strong> posiada kiesze\u0144 na wk\u0142ady balistyczne ty\u0142 prz\u00f3d oraz boczne.<\/p>\n<p>Model: TV02MBS<\/p>\n<p>Materia\u0142: Cordura (wodoodporny)<\/p>\n<p>Waga: 1,2kg<\/p>\n<p>Rozmiar: Regulowany M\/L\/XL<\/p>\n<p>Dost\u0119pne kolory: Olive, tan, czarny i multicam.<\/p>","protected":false},"excerpt":{"rendered":"<p>Kamizelka taktyczna z systemem Molle oraz szybkim wypi\u0119ciem Dzi\u0119ki systemowi szybkiego wypi\u0119cia mo\u017cna j\u0105 szybko i \u0142atwo za\u0142o\u017cy\u0107 \u015bci\u0105gn\u0105\u0107, ponadto nie ulega zu\u017cyciu tak jak&hellip;<\/p>","protected":false},"featured_media":1180,"comment_status":"open","ping_status":"closed","template":"","meta":[],"product_cat":[25,36],"product_tag":[],"class_list":{"0":"post-1179","1":"product","2":"type-product","3":"status-publish","4":"has-post-thumbnail","6":"product_cat-odziez-taktyczna","7":"product_cat-bestsellery-nowosci","9":"first","10":"instock","11":"shipping-taxable","12":"purchasable","13":"product-type-simple","14":"customify-col","15":"product-has-gallery"},"yoast_head":"<!-- This site is optimized with the Yoast SEO plugin v23.3 - https:\/\/yoast.com\/wordpress\/plugins\/seo\/ -->\n<title>Kamizelka taktyczna z systemem Molle TV02MBS - ArmyPPE<\/title>\n<meta name=\"description\" content=\"Kamizelka taktyczna z systemem Molle oraz szybkim wypi\u0119ciem. Kamizelka posiada kiesze\u0144 na wk\u0142ady balistyczne ty\u0142 prz\u00f3d oraz boczne. Model: TV02MBS\" \/>\n<meta name=\"robots\" content=\"index, follow, max-snippet:-1, max-image-preview:large, max-video-preview:-1\" \/>\n<link rel=\"canonical\" href=\"https:\/\/armyppe.com\/uk\/sklep\/kamizelka-taktyczna-z-systemem-molle\/\" \/>\n<meta property=\"og:locale\" content=\"uk_UA\" \/>\n<meta property=\"og:type\" content=\"article\" \/>\n<meta property=\"og:title\" content=\"Kamizelka taktyczna z systemem Molle TV02MBS - ArmyPPE\" \/>\n<meta property=\"og:description\" content=\"Kamizelka taktyczna z systemem Molle oraz szybkim wypi\u0119ciem. Kamizelka posiada kiesze\u0144 na wk\u0142ady balistyczne ty\u0142 prz\u00f3d oraz boczne. Model: TV02MBS\" \/>\n<meta property=\"og:url\" content=\"https:\/\/armyppe.com\/uk\/sklep\/kamizelka-taktyczna-z-systemem-molle\/\" \/>\n<meta property=\"og:site_name\" content=\"ArmyPPE\" \/>\n<meta property=\"article:modified_time\" content=\"2025-07-12T22:55:51+00:00\" \/>\n<meta property=\"og:image\" content=\"https:\/\/armyppe.com\/wp-content\/uploads\/2024\/05\/4-3.jpg\" \/>\n\t<meta property=\"og:image:width\" content=\"639\" \/>\n\t<meta property=\"og:image:height\" content=\"791\" \/>\n\t<meta property=\"og:image:type\" content=\"image\/jpeg\" \/>\n<meta name=\"twitter:card\" content=\"summary_large_image\" \/>\n<meta name=\"twitter:label1\" content=\"\u041f\u0440\u0438\u0431\u043b. \u0447\u0430\u0441 \u0447\u0438\u0442\u0430\u043d\u043d\u044f\" \/>\n\t<meta name=\"twitter:data1\" content=\"1 \u0445\u0432\u0438\u043b\u0438\u043d\u0430\" \/>\n<script type=\"application\/ld+json\" class=\"yoast-schema-graph\">{\"@context\":\"https:\/\/schema.org\",\"@graph\":[{\"@type\":\"WebPage\",\"@id\":\"https:\/\/armyppe.com\/pl_pl\/sklep\/kamizelka-taktyczna-z-systemem-molle\/\",\"url\":\"https:\/\/armyppe.com\/pl_pl\/sklep\/kamizelka-taktyczna-z-systemem-molle\/\",\"name\":\"Kamizelka taktyczna z systemem Molle TV02MBS - ArmyPPE\",\"isPartOf\":{\"@id\":\"https:\/\/armyppe.com\/pl_pl\/#website\"},\"primaryImageOfPage\":{\"@id\":\"https:\/\/armyppe.com\/pl_pl\/sklep\/kamizelka-taktyczna-z-systemem-molle\/#primaryimage\"},\"image\":{\"@id\":\"https:\/\/armyppe.com\/pl_pl\/sklep\/kamizelka-taktyczna-z-systemem-molle\/#primaryimage\"},\"thumbnailUrl\":\"https:\/\/armyppe.com\/wp-content\/uploads\/2024\/05\/4-3.jpg\",\"datePublished\":\"2024-05-18T10:02:14+00:00\",\"dateModified\":\"2025-07-12T22:55:51+00:00\",\"description\":\"Kamizelka taktyczna z systemem Molle oraz szybkim wypi\u0119ciem. Kamizelka posiada kiesze\u0144 na wk\u0142ady balistyczne ty\u0142 prz\u00f3d oraz boczne. Model: TV02MBS\",\"breadcrumb\":{\"@id\":\"https:\/\/armyppe.com\/pl_pl\/sklep\/kamizelka-taktyczna-z-systemem-molle\/#breadcrumb\"},\"inLanguage\":\"uk\",\"potentialAction\":[{\"@type\":\"ReadAction\",\"target\":[\"https:\/\/armyppe.com\/pl_pl\/sklep\/kamizelka-taktyczna-z-systemem-molle\/\"]}]},{\"@type\":\"ImageObject\",\"inLanguage\":\"uk\",\"@id\":\"https:\/\/armyppe.com\/pl_pl\/sklep\/kamizelka-taktyczna-z-systemem-molle\/#primaryimage\",\"url\":\"https:\/\/armyppe.com\/wp-content\/uploads\/2024\/05\/4-3.jpg\",\"contentUrl\":\"https:\/\/armyppe.com\/wp-content\/uploads\/2024\/05\/4-3.jpg\",\"width\":639,\"height\":791},{\"@type\":\"BreadcrumbList\",\"@id\":\"https:\/\/armyppe.com\/pl_pl\/sklep\/kamizelka-taktyczna-z-systemem-molle\/#breadcrumb\",\"itemListElement\":[{\"@type\":\"ListItem\",\"position\":1,\"name\":\"Strona g\u0142\u00f3wna\",\"item\":\"https:\/\/armyppe.com\/pl_pl\/\"},{\"@type\":\"ListItem\",\"position\":2,\"name\":\"Sklep\",\"item\":\"https:\/\/armyppe.com\/pl_pl\/sklep\/\"},{\"@type\":\"ListItem\",\"position\":3,\"name\":\"Kamizelka taktyczna z systemem Molle TV02MBS\"}]},{\"@type\":\"WebSite\",\"@id\":\"https:\/\/armyppe.com\/pl_pl\/#website\",\"url\":\"https:\/\/armyppe.com\/pl_pl\/\",\"name\":\"ArmyPPE\",\"description\":\"\",\"publisher\":{\"@id\":\"https:\/\/armyppe.com\/pl_pl\/#organization\"},\"potentialAction\":[{\"@type\":\"SearchAction\",\"target\":{\"@type\":\"EntryPoint\",\"urlTemplate\":\"https:\/\/armyppe.com\/pl_pl\/?s={search_term_string}\"},\"query-input\":\"required name=search_term_string\"}],\"inLanguage\":\"uk\"},{\"@type\":\"Organization\",\"@id\":\"https:\/\/armyppe.com\/pl_pl\/#organization\",\"name\":\"ArmyPPE\",\"url\":\"https:\/\/armyppe.com\/pl_pl\/\",\"logo\":{\"@type\":\"ImageObject\",\"inLanguage\":\"uk\",\"@id\":\"https:\/\/armyppe.com\/pl_pl\/#\/schema\/logo\/image\/\",\"url\":\"https:\/\/armyppe.com\/wp-content\/uploads\/2022\/10\/Group-5.png\",\"contentUrl\":\"https:\/\/armyppe.com\/wp-content\/uploads\/2022\/10\/Group-5.png\",\"width\":262,\"height\":308,\"caption\":\"ArmyPPE\"},\"image\":{\"@id\":\"https:\/\/armyppe.com\/pl_pl\/#\/schema\/logo\/image\/\"}}]}<\/script>\n<!-- \/ Yoast SEO plugin. -->","yoast_head_json":{"title":"Kamizelka taktyczna z systemem Molle TV02MBS - ArmyPPE","description":"Kamizelka taktyczna z systemem Molle oraz szybkim wypi\u0119ciem. Kamizelka posiada kiesze\u0144 na wk\u0142ady balistyczne ty\u0142 prz\u00f3d oraz boczne. Model: TV02MBS","robots":{"index":"index","follow":"follow","max-snippet":"max-snippet:-1","max-image-preview":"max-image-preview:large","max-video-preview":"max-video-preview:-1"},"canonical":"https:\/\/armyppe.com\/uk\/sklep\/kamizelka-taktyczna-z-systemem-molle\/","og_locale":"uk_UA","og_type":"article","og_title":"Kamizelka taktyczna z systemem Molle TV02MBS - ArmyPPE","og_description":"Kamizelka taktyczna z systemem Molle oraz szybkim wypi\u0119ciem. Kamizelka posiada kiesze\u0144 na wk\u0142ady balistyczne ty\u0142 prz\u00f3d oraz boczne. Model: TV02MBS","og_url":"https:\/\/armyppe.com\/uk\/sklep\/kamizelka-taktyczna-z-systemem-molle\/","og_site_name":"ArmyPPE","article_modified_time":"2025-07-12T22:55:51+00:00","og_image":[{"width":639,"height":791,"url":"https:\/\/armyppe.com\/wp-content\/uploads\/2024\/05\/4-3.jpg","type":"image\/jpeg"}],"twitter_card":"summary_large_image","twitter_misc":{"\u041f\u0440\u0438\u0431\u043b. \u0447\u0430\u0441 \u0447\u0438\u0442\u0430\u043d\u043d\u044f":"1 \u0445\u0432\u0438\u043b\u0438\u043d\u0430"},"schema":{"@context":"https:\/\/schema.org","@graph":[{"@type":"WebPage","@id":"https:\/\/armyppe.com\/pl_pl\/sklep\/kamizelka-taktyczna-z-systemem-molle\/","url":"https:\/\/armyppe.com\/pl_pl\/sklep\/kamizelka-taktyczna-z-systemem-molle\/","name":"Kamizelka taktyczna z systemem Molle TV02MBS - ArmyPPE","isPartOf":{"@id":"https:\/\/armyppe.com\/pl_pl\/#website"},"primaryImageOfPage":{"@id":"https:\/\/armyppe.com\/pl_pl\/sklep\/kamizelka-taktyczna-z-systemem-molle\/#primaryimage"},"image":{"@id":"https:\/\/armyppe.com\/pl_pl\/sklep\/kamizelka-taktyczna-z-systemem-molle\/#primaryimage"},"thumbnailUrl":"https:\/\/armyppe.com\/wp-content\/uploads\/2024\/05\/4-3.jpg","datePublished":"2024-05-18T10:02:14+00:00","dateModified":"2025-07-12T22:55:51+00:00","description":"Kamizelka taktyczna z systemem Molle oraz szybkim wypi\u0119ciem. Kamizelka posiada kiesze\u0144 na wk\u0142ady balistyczne ty\u0142 prz\u00f3d oraz boczne. Model: TV02MBS","breadcrumb":{"@id":"https:\/\/armyppe.com\/pl_pl\/sklep\/kamizelka-taktyczna-z-systemem-molle\/#breadcrumb"},"inLanguage":"uk","potentialAction":[{"@type":"ReadAction","target":["https:\/\/armyppe.com\/pl_pl\/sklep\/kamizelka-taktyczna-z-systemem-molle\/"]}]},{"@type":"ImageObject","inLanguage":"uk","@id":"https:\/\/armyppe.com\/pl_pl\/sklep\/kamizelka-taktyczna-z-systemem-molle\/#primaryimage","url":"https:\/\/armyppe.com\/wp-content\/uploads\/2024\/05\/4-3.jpg","contentUrl":"https:\/\/armyppe.com\/wp-content\/uploads\/2024\/05\/4-3.jpg","width":639,"height":791},{"@type":"BreadcrumbList","@id":"https:\/\/armyppe.com\/pl_pl\/sklep\/kamizelka-taktyczna-z-systemem-molle\/#breadcrumb","itemListElement":[{"@type":"ListItem","position":1,"name":"Strona g\u0142\u00f3wna","item":"https:\/\/armyppe.com\/pl_pl\/"},{"@type":"ListItem","position":2,"name":"Sklep","item":"https:\/\/armyppe.com\/pl_pl\/sklep\/"},{"@type":"ListItem","position":3,"name":"Kamizelka taktyczna z systemem Molle TV02MBS"}]},{"@type":"WebSite","@id":"https:\/\/armyppe.com\/pl_pl\/#website","url":"https:\/\/armyppe.com\/pl_pl\/","name":"ArmyPPE","description":"","publisher":{"@id":"https:\/\/armyppe.com\/pl_pl\/#organization"},"potentialAction":[{"@type":"SearchAction","target":{"@type":"EntryPoint","urlTemplate":"https:\/\/armyppe.com\/pl_pl\/?s={search_term_string}"},"query-input":"required name=search_term_string"}],"inLanguage":"uk"},{"@type":"Organization","@id":"https:\/\/armyppe.com\/pl_pl\/#organization","name":"ArmyPPE","url":"https:\/\/armyppe.com\/pl_pl\/","logo":{"@type":"ImageObject","inLanguage":"uk","@id":"https:\/\/armyppe.com\/pl_pl\/#\/schema\/logo\/image\/","url":"https:\/\/armyppe.com\/wp-content\/uploads\/2022\/10\/Group-5.png","contentUrl":"https:\/\/armyppe.com\/wp-content\/uploads\/2022\/10\/Group-5.png","width":262,"height":308,"caption":"ArmyPPE"},"image":{"@id":"https:\/\/armyppe.com\/pl_pl\/#\/schema\/logo\/image\/"}}]}},"_links":{"self":[{"href":"https:\/\/armyppe.com\/uk\/wp-json\/wp\/v2\/product\/1179","targetHints":{"allow":["GET"]}}],"collection":[{"href":"https:\/\/armyppe.com\/uk\/wp-json\/wp\/v2\/product"}],"about":[{"href":"https:\/\/armyppe.com\/uk\/wp-json\/wp\/v2\/types\/product"}],"replies":[{"embeddable":true,"href":"https:\/\/armyppe.com\/uk\/wp-json\/wp\/v2\/comments?post=1179"}],"wp:featuredmedia":[{"embeddable":true,"href":"https:\/\/armyppe.com\/uk\/wp-json\/wp\/v2\/media\/1180"}],"wp:attachment":[{"href":"https:\/\/armyppe.com\/uk\/wp-json\/wp\/v2\/media?parent=1179"}],"wp:term":[{"taxonomy":"product_cat","embeddable":true,"href":"https:\/\/armyppe.com\/uk\/wp-json\/wp\/v2\/product_cat?post=1179"},{"taxonomy":"product_tag","embeddable":true,"href":"https:\/\/armyppe.com\/uk\/wp-json\/wp\/v2\/product_tag?post=1179"}],"curies":[{"name":"wp","href":"https:\/\/api.w.org\/{rel}","templated":true}]}}