{"id":1160,"date":"2024-05-18T11:41:24","date_gmt":"2024-05-18T09:41:24","guid":{"rendered":"https:\/\/armyppe.com\/?post_type=product&#038;p=1160"},"modified":"2025-08-30T10:24:45","modified_gmt":"2025-08-30T08:24:45","slug":"kamizelka-taktyczna-z-klamrami-tv01mbs","status":"publish","type":"product","link":"https:\/\/armyppe.com\/uk\/sklep\/kamizelka-taktyczna-z-klamrami-tv01mbs\/","title":{"rendered":"Kamizelka taktyczna z klamrami TV01MBS"},"content":{"rendered":"<h2>Kamizelka taktyczna z systemem Molle oraz klamrami.<\/h2>\n<p>Dzi\u0119ki klamrom mo\u017cna j\u0105 szybko i \u0142atwo za\u0142o\u017cy\u0107 \u015bci\u0105gn\u0105\u0107, ponadto nie ulega zu\u017cyciu tak jak rzepy.<\/p>\n<p><strong>Kamizelka<\/strong> posiada kiesze\u0144 na wk\u0142ady balistyczne ty\u0142 prz\u00f3d oraz boczne.<\/p>\n<p>Dodatkowo w zestawie: 4 \u0142adownice do magazynk\u00f3w od broni d\u0142ugiej, kiesze\u0144 na hydropak i 4 r\u00f3\u017cne zasobniki.<\/p>\n<p>Materia\u0142: Cordura (wodoodporny)<\/p>\n<p>Waga z kieszeniami: 1,95kg<\/p>\n<p>Rozmiar: Regulowany M\/L\/XL<\/p>\n<p>Dost\u0119pne kolory: Olive, tan, czarny i multicam.<\/p>\n<h2>Kamizelka taktyczna MOLLE \u2013 czym si\u0119 wyr\u00f3\u017cnia i jak j\u0105 dopasowa\u0107?<\/h2>\n<p>Kamizelka taktyczna Molle to jeden z kluczowych element\u00f3w wyposa\u017cenia ka\u017cdego operatora, funkcjonariusza czy entuzjasty outdooru. Wariant z systemem MOLLE, taki jak TV01MBS, zosta\u0142 zaprojektowany z my\u015bl\u0105 o maksymalnej funkcjonalno\u015bci, wytrzyma\u0142o\u015bci i dopasowaniu do indywidualnych potrzeb u\u017cytkownika. To w\u0142a\u015bnie dzi\u0119ki takim rozwi\u0105zaniom kamizelka taktyczna MOLLE zyska\u0142a renom\u0119 w\u015br\u00f3d na ca\u0142ym \u015bwiecie.<\/p>\n<ul>\n<li>System MOLLE umo\u017cliwia dowolne rozmieszczenie element\u00f3w wyposa\u017cenia\u2013 od rozmieszczenia \u0142adownic, przez kieszenie na sprz\u0119t medyczny, a\u017c po panele do ochrony balistycznej. Dzi\u0119ki specjalnym ta\u015bmom i klamrom kamizelk\u0119 mo\u017cna bez problemu dostosowa\u0107 do potrzeb konkretnego zadania oraz \u015brodowiska operacyjnego. To istotna cecha, kt\u00f3rej nie zapewniaj\u0105 klasyczne modele.<\/li>\n<\/ul>\n<ul>\n<li>Kamizelka taktyczna zosta\u0142a wyposa\u017cona w solidne zapi\u0119cia i wygodny system regulacji, wyr\u00f3\u017cnia si\u0119 tak\u017ce dobrze rozplanowanym uk\u0142adem kieszeni.<\/li>\n<li>Ergonomiczna konstrukcja zapewnia r\u00f3wnomierne roz\u0142o\u017cenie ci\u0119\u017caru przenoszonego wyposa\u017cenia \u2013 takiego jak magazynki, \u0142adownice, elementy system\u00f3w \u0142\u0105czno\u015bci czy wk\u0142ady balistyczne. W znacznym stopniu zwi\u0119ksza to komfort u\u017cytkowania, zw\u0142aszcza podczas intensywnych dzia\u0142a\u0144 w terenie. Dodatkowo, wzmocnione panele chroni\u0105ce klatk\u0119 piersiow\u0105 i plecy umo\u017cliwiaj\u0105 zastosowanie wk\u0142ad\u00f3w balistycznych, co istotnie podnosi poziom ochrony u\u017cytkownika.<\/li>\n<\/ul>\n<p>Jak dopasowa\u0107 kamizelk\u0119? Wyb\u00f3r powinien uwzgl\u0119dnia\u0107 nie tylko rozmiar, ale i zakres operacji, w kt\u00f3rych b\u0119dzie wykorzystywany. Kluczowe s\u0105:<\/p>\n<ul>\n<li>regulacja w pasie i na ramionach,<\/li>\n<li>kompatybilno\u015b\u0107 z dodatkami MOLLE,<\/li>\n<li>dost\u0119pno\u015b\u0107 szybkich wypi\u0119\u0107 oraz swoboda ruch\u00f3w.<\/li>\n<\/ul>\n<p>Model TV01MBS to sprawdzony wyb\u00f3r dla profesjonalist\u00f3w i \u015bwiadomych u\u017cytkownik\u00f3w cywilnych.<\/p>","protected":false},"excerpt":{"rendered":"<p>Kamizelka taktyczna z systemem Molle oraz klamrami. Dzi\u0119ki klamrom mo\u017cna j\u0105 szybko i \u0142atwo za\u0142o\u017cy\u0107 \u015bci\u0105gn\u0105\u0107, ponadto nie ulega zu\u017cyciu tak jak rzepy. Kamizelka posiada&hellip;<\/p>","protected":false},"featured_media":1161,"comment_status":"open","ping_status":"closed","template":"","meta":[],"product_cat":[25,36],"product_tag":[],"class_list":{"0":"post-1160","1":"product","2":"type-product","3":"status-publish","4":"has-post-thumbnail","6":"product_cat-odziez-taktyczna","7":"product_cat-bestsellery-nowosci","9":"first","10":"instock","11":"shipping-taxable","12":"purchasable","13":"product-type-simple","14":"customify-col","15":"product-has-gallery"},"yoast_head":"<!-- This site is optimized with the Yoast SEO plugin v23.3 - https:\/\/yoast.com\/wordpress\/plugins\/seo\/ -->\n<title>Kamizelka taktyczna z klamrami TV01MBS - ArmyPPE<\/title>\n<meta name=\"description\" content=\"Kamizelka taktyczna z systemem Molle oraz klamrami. W komplecie z \u0142adownicami oraz zestawem zasobnik\u00f3w. Dost\u0119pne kolory: Olive, tan, czarny i multicam.\" \/>\n<meta name=\"robots\" content=\"index, follow, max-snippet:-1, max-image-preview:large, max-video-preview:-1\" \/>\n<link rel=\"canonical\" href=\"https:\/\/armyppe.com\/uk\/sklep\/kamizelka-taktyczna-z-klamrami-tv01mbs\/\" \/>\n<meta property=\"og:locale\" content=\"uk_UA\" \/>\n<meta property=\"og:type\" content=\"article\" \/>\n<meta property=\"og:title\" content=\"Kamizelka taktyczna z klamrami TV01MBS - ArmyPPE\" \/>\n<meta property=\"og:description\" content=\"Kamizelka taktyczna z systemem Molle oraz klamrami. W komplecie z \u0142adownicami oraz zestawem zasobnik\u00f3w. Dost\u0119pne kolory: Olive, tan, czarny i multicam.\" \/>\n<meta property=\"og:url\" content=\"https:\/\/armyppe.com\/uk\/sklep\/kamizelka-taktyczna-z-klamrami-tv01mbs\/\" \/>\n<meta property=\"og:site_name\" content=\"ArmyPPE\" \/>\n<meta property=\"article:modified_time\" content=\"2025-08-30T08:24:45+00:00\" \/>\n<meta property=\"og:image\" content=\"https:\/\/armyppe.com\/wp-content\/uploads\/2024\/05\/2-5.jpg\" \/>\n\t<meta property=\"og:image:width\" content=\"292\" \/>\n\t<meta property=\"og:image:height\" content=\"460\" \/>\n\t<meta property=\"og:image:type\" content=\"image\/jpeg\" \/>\n<meta name=\"twitter:card\" content=\"summary_large_image\" \/>\n<meta name=\"twitter:label1\" content=\"\u041f\u0440\u0438\u0431\u043b. \u0447\u0430\u0441 \u0447\u0438\u0442\u0430\u043d\u043d\u044f\" \/>\n\t<meta name=\"twitter:data1\" content=\"1 \u0445\u0432\u0438\u043b\u0438\u043d\u0430\" \/>\n<script type=\"application\/ld+json\" class=\"yoast-schema-graph\">{\"@context\":\"https:\/\/schema.org\",\"@graph\":[{\"@type\":\"WebPage\",\"@id\":\"https:\/\/armyppe.com\/pl_pl\/sklep\/kamizelka-taktyczna-z-klamrami-tv01mbs\/\",\"url\":\"https:\/\/armyppe.com\/pl_pl\/sklep\/kamizelka-taktyczna-z-klamrami-tv01mbs\/\",\"name\":\"Kamizelka taktyczna z klamrami TV01MBS - ArmyPPE\",\"isPartOf\":{\"@id\":\"https:\/\/armyppe.com\/pl_pl\/#website\"},\"primaryImageOfPage\":{\"@id\":\"https:\/\/armyppe.com\/pl_pl\/sklep\/kamizelka-taktyczna-z-klamrami-tv01mbs\/#primaryimage\"},\"image\":{\"@id\":\"https:\/\/armyppe.com\/pl_pl\/sklep\/kamizelka-taktyczna-z-klamrami-tv01mbs\/#primaryimage\"},\"thumbnailUrl\":\"https:\/\/armyppe.com\/wp-content\/uploads\/2024\/05\/2-5.jpg\",\"datePublished\":\"2024-05-18T09:41:24+00:00\",\"dateModified\":\"2025-08-30T08:24:45+00:00\",\"description\":\"Kamizelka taktyczna z systemem Molle oraz klamrami. W komplecie z \u0142adownicami oraz zestawem zasobnik\u00f3w. Dost\u0119pne kolory: Olive, tan, czarny i multicam.\",\"breadcrumb\":{\"@id\":\"https:\/\/armyppe.com\/pl_pl\/sklep\/kamizelka-taktyczna-z-klamrami-tv01mbs\/#breadcrumb\"},\"inLanguage\":\"uk\",\"potentialAction\":[{\"@type\":\"ReadAction\",\"target\":[\"https:\/\/armyppe.com\/pl_pl\/sklep\/kamizelka-taktyczna-z-klamrami-tv01mbs\/\"]}]},{\"@type\":\"ImageObject\",\"inLanguage\":\"uk\",\"@id\":\"https:\/\/armyppe.com\/pl_pl\/sklep\/kamizelka-taktyczna-z-klamrami-tv01mbs\/#primaryimage\",\"url\":\"https:\/\/armyppe.com\/wp-content\/uploads\/2024\/05\/2-5.jpg\",\"contentUrl\":\"https:\/\/armyppe.com\/wp-content\/uploads\/2024\/05\/2-5.jpg\",\"width\":292,\"height\":460},{\"@type\":\"BreadcrumbList\",\"@id\":\"https:\/\/armyppe.com\/pl_pl\/sklep\/kamizelka-taktyczna-z-klamrami-tv01mbs\/#breadcrumb\",\"itemListElement\":[{\"@type\":\"ListItem\",\"position\":1,\"name\":\"Strona g\u0142\u00f3wna\",\"item\":\"https:\/\/armyppe.com\/pl_pl\/\"},{\"@type\":\"ListItem\",\"position\":2,\"name\":\"Sklep\",\"item\":\"https:\/\/armyppe.com\/pl_pl\/sklep\/\"},{\"@type\":\"ListItem\",\"position\":3,\"name\":\"Kamizelka taktyczna z klamrami TV01MBS\"}]},{\"@type\":\"WebSite\",\"@id\":\"https:\/\/armyppe.com\/pl_pl\/#website\",\"url\":\"https:\/\/armyppe.com\/pl_pl\/\",\"name\":\"ArmyPPE\",\"description\":\"\",\"publisher\":{\"@id\":\"https:\/\/armyppe.com\/pl_pl\/#organization\"},\"potentialAction\":[{\"@type\":\"SearchAction\",\"target\":{\"@type\":\"EntryPoint\",\"urlTemplate\":\"https:\/\/armyppe.com\/pl_pl\/?s={search_term_string}\"},\"query-input\":\"required name=search_term_string\"}],\"inLanguage\":\"uk\"},{\"@type\":\"Organization\",\"@id\":\"https:\/\/armyppe.com\/pl_pl\/#organization\",\"name\":\"ArmyPPE\",\"url\":\"https:\/\/armyppe.com\/pl_pl\/\",\"logo\":{\"@type\":\"ImageObject\",\"inLanguage\":\"uk\",\"@id\":\"https:\/\/armyppe.com\/pl_pl\/#\/schema\/logo\/image\/\",\"url\":\"https:\/\/armyppe.com\/wp-content\/uploads\/2022\/10\/Group-5.png\",\"contentUrl\":\"https:\/\/armyppe.com\/wp-content\/uploads\/2022\/10\/Group-5.png\",\"width\":262,\"height\":308,\"caption\":\"ArmyPPE\"},\"image\":{\"@id\":\"https:\/\/armyppe.com\/pl_pl\/#\/schema\/logo\/image\/\"}}]}<\/script>\n<!-- \/ Yoast SEO plugin. -->","yoast_head_json":{"title":"Kamizelka taktyczna z klamrami TV01MBS - ArmyPPE","description":"Kamizelka taktyczna z systemem Molle oraz klamrami. W komplecie z \u0142adownicami oraz zestawem zasobnik\u00f3w. Dost\u0119pne kolory: Olive, tan, czarny i multicam.","robots":{"index":"index","follow":"follow","max-snippet":"max-snippet:-1","max-image-preview":"max-image-preview:large","max-video-preview":"max-video-preview:-1"},"canonical":"https:\/\/armyppe.com\/uk\/sklep\/kamizelka-taktyczna-z-klamrami-tv01mbs\/","og_locale":"uk_UA","og_type":"article","og_title":"Kamizelka taktyczna z klamrami TV01MBS - ArmyPPE","og_description":"Kamizelka taktyczna z systemem Molle oraz klamrami. W komplecie z \u0142adownicami oraz zestawem zasobnik\u00f3w. Dost\u0119pne kolory: Olive, tan, czarny i multicam.","og_url":"https:\/\/armyppe.com\/uk\/sklep\/kamizelka-taktyczna-z-klamrami-tv01mbs\/","og_site_name":"ArmyPPE","article_modified_time":"2025-08-30T08:24:45+00:00","og_image":[{"width":292,"height":460,"url":"https:\/\/armyppe.com\/wp-content\/uploads\/2024\/05\/2-5.jpg","type":"image\/jpeg"}],"twitter_card":"summary_large_image","twitter_misc":{"\u041f\u0440\u0438\u0431\u043b. \u0447\u0430\u0441 \u0447\u0438\u0442\u0430\u043d\u043d\u044f":"1 \u0445\u0432\u0438\u043b\u0438\u043d\u0430"},"schema":{"@context":"https:\/\/schema.org","@graph":[{"@type":"WebPage","@id":"https:\/\/armyppe.com\/pl_pl\/sklep\/kamizelka-taktyczna-z-klamrami-tv01mbs\/","url":"https:\/\/armyppe.com\/pl_pl\/sklep\/kamizelka-taktyczna-z-klamrami-tv01mbs\/","name":"Kamizelka taktyczna z klamrami TV01MBS - ArmyPPE","isPartOf":{"@id":"https:\/\/armyppe.com\/pl_pl\/#website"},"primaryImageOfPage":{"@id":"https:\/\/armyppe.com\/pl_pl\/sklep\/kamizelka-taktyczna-z-klamrami-tv01mbs\/#primaryimage"},"image":{"@id":"https:\/\/armyppe.com\/pl_pl\/sklep\/kamizelka-taktyczna-z-klamrami-tv01mbs\/#primaryimage"},"thumbnailUrl":"https:\/\/armyppe.com\/wp-content\/uploads\/2024\/05\/2-5.jpg","datePublished":"2024-05-18T09:41:24+00:00","dateModified":"2025-08-30T08:24:45+00:00","description":"Kamizelka taktyczna z systemem Molle oraz klamrami. W komplecie z \u0142adownicami oraz zestawem zasobnik\u00f3w. Dost\u0119pne kolory: Olive, tan, czarny i multicam.","breadcrumb":{"@id":"https:\/\/armyppe.com\/pl_pl\/sklep\/kamizelka-taktyczna-z-klamrami-tv01mbs\/#breadcrumb"},"inLanguage":"uk","potentialAction":[{"@type":"ReadAction","target":["https:\/\/armyppe.com\/pl_pl\/sklep\/kamizelka-taktyczna-z-klamrami-tv01mbs\/"]}]},{"@type":"ImageObject","inLanguage":"uk","@id":"https:\/\/armyppe.com\/pl_pl\/sklep\/kamizelka-taktyczna-z-klamrami-tv01mbs\/#primaryimage","url":"https:\/\/armyppe.com\/wp-content\/uploads\/2024\/05\/2-5.jpg","contentUrl":"https:\/\/armyppe.com\/wp-content\/uploads\/2024\/05\/2-5.jpg","width":292,"height":460},{"@type":"BreadcrumbList","@id":"https:\/\/armyppe.com\/pl_pl\/sklep\/kamizelka-taktyczna-z-klamrami-tv01mbs\/#breadcrumb","itemListElement":[{"@type":"ListItem","position":1,"name":"Strona g\u0142\u00f3wna","item":"https:\/\/armyppe.com\/pl_pl\/"},{"@type":"ListItem","position":2,"name":"Sklep","item":"https:\/\/armyppe.com\/pl_pl\/sklep\/"},{"@type":"ListItem","position":3,"name":"Kamizelka taktyczna z klamrami TV01MBS"}]},{"@type":"WebSite","@id":"https:\/\/armyppe.com\/pl_pl\/#website","url":"https:\/\/armyppe.com\/pl_pl\/","name":"ArmyPPE","description":"","publisher":{"@id":"https:\/\/armyppe.com\/pl_pl\/#organization"},"potentialAction":[{"@type":"SearchAction","target":{"@type":"EntryPoint","urlTemplate":"https:\/\/armyppe.com\/pl_pl\/?s={search_term_string}"},"query-input":"required name=search_term_string"}],"inLanguage":"uk"},{"@type":"Organization","@id":"https:\/\/armyppe.com\/pl_pl\/#organization","name":"ArmyPPE","url":"https:\/\/armyppe.com\/pl_pl\/","logo":{"@type":"ImageObject","inLanguage":"uk","@id":"https:\/\/armyppe.com\/pl_pl\/#\/schema\/logo\/image\/","url":"https:\/\/armyppe.com\/wp-content\/uploads\/2022\/10\/Group-5.png","contentUrl":"https:\/\/armyppe.com\/wp-content\/uploads\/2022\/10\/Group-5.png","width":262,"height":308,"caption":"ArmyPPE"},"image":{"@id":"https:\/\/armyppe.com\/pl_pl\/#\/schema\/logo\/image\/"}}]}},"_links":{"self":[{"href":"https:\/\/armyppe.com\/uk\/wp-json\/wp\/v2\/product\/1160","targetHints":{"allow":["GET"]}}],"collection":[{"href":"https:\/\/armyppe.com\/uk\/wp-json\/wp\/v2\/product"}],"about":[{"href":"https:\/\/armyppe.com\/uk\/wp-json\/wp\/v2\/types\/product"}],"replies":[{"embeddable":true,"href":"https:\/\/armyppe.com\/uk\/wp-json\/wp\/v2\/comments?post=1160"}],"wp:featuredmedia":[{"embeddable":true,"href":"https:\/\/armyppe.com\/uk\/wp-json\/wp\/v2\/media\/1161"}],"wp:attachment":[{"href":"https:\/\/armyppe.com\/uk\/wp-json\/wp\/v2\/media?parent=1160"}],"wp:term":[{"taxonomy":"product_cat","embeddable":true,"href":"https:\/\/armyppe.com\/uk\/wp-json\/wp\/v2\/product_cat?post=1160"},{"taxonomy":"product_tag","embeddable":true,"href":"https:\/\/armyppe.com\/uk\/wp-json\/wp\/v2\/product_tag?post=1160"}],"curies":[{"name":"wp","href":"https:\/\/api.w.org\/{rel}","templated":true}]}}