{"id":1148,"date":"2024-05-18T10:29:57","date_gmt":"2024-05-18T08:29:57","guid":{"rendered":"https:\/\/armyppe.com\/?post_type=product&#038;p=1148"},"modified":"2024-08-19T19:37:36","modified_gmt":"2024-08-19T17:37:36","slug":"przylbica-balistyczna-do-helmu-z-szynami-montazowymi","status":"publish","type":"product","link":"https:\/\/armyppe.com\/uk\/sklep\/przylbica-balistyczna-do-helmu-z-szynami-montazowymi\/","title":{"rendered":"Przy\u0142bica balistyczna do he\u0142mu z szynami taktycznymi"},"content":{"rendered":"<p>Przy\u0142bica balistyczna o klasie kuloodporno\u015bci IIIA zg. z norm\u0105 NIJ 0101.06.<\/p>\n<p>Wykonana z materia\u0142\u00f3w kompozytowych.<\/p>\n<p>Pasuje do he\u0142m\u00f3w z szynami monta\u017cowymi zar\u00f3wno: MICH jak i ACH (Fast, Wendy).<\/p>\n<p><span id=\"tl_8\" data-spm-anchor-id=\"a2g0o.detail.1000023.i1.3a9261b4HE4wdt\">Waga: 1.50kgs(3.31lbs)<\/span><\/p>\n<p><span id=\"tl_9\">Rozmiar: 350mm(L)* 145mm(H)<\/span><\/p>\n<p><span id=\"tl_10\">\u015awietlisto\u015b\u0107: 83.9%<\/span><\/p>\n<p>Producent: BulletProof PPE LLC, USA<\/p>\n<p>*Prosimy o rozwa\u017cne zakupy, produkt na zam\u00f3wienie NIE podlega zwrotowi<\/p>\n<p>&nbsp;<\/p>\n<p><span style=\"font-size: 10px;\">*Produkt mo\u017ce r\u00f3\u017cni\u0107 si\u0119 nieznacznie od zdj\u0119cia, zdj\u0119cia maj\u0105 charakter pogl\u0105dowy<\/span><\/p>","protected":false},"excerpt":{"rendered":"<p>Przy\u0142bica balistyczna o klasie kuloodporno\u015bci IIIA zg. z norm\u0105 NIJ 0101.06. Wykonana z materia\u0142\u00f3w kompozytowych. Pasuje do he\u0142m\u00f3w z szynami monta\u017cowymi zar\u00f3wno: MICH jak i&hellip;<\/p>","protected":false},"featured_media":1139,"comment_status":"open","ping_status":"closed","template":"","meta":[],"product_cat":[23,36,19],"product_tag":[],"class_list":{"0":"post-1148","1":"product","2":"type-product","3":"status-publish","4":"has-post-thumbnail","6":"product_cat-akcesoria-balistyczne","7":"product_cat-bestsellery-nowosci","8":"product_cat-helmy","10":"first","11":"instock","12":"shipping-taxable","13":"purchasable","14":"product-type-simple","15":"customify-col","16":"product-has-gallery"},"yoast_head":"<!-- This site is optimized with the Yoast SEO plugin v23.3 - https:\/\/yoast.com\/wordpress\/plugins\/seo\/ -->\n<title>Przy\u0142bica balistyczna do he\u0142mu z szynami taktycznymi - ArmyPPE<\/title>\n<meta name=\"description\" content=\"Przy\u0142bica kuloodporna o klasie odporno\u015bci IIIA zg. z norm\u0105 NIJ 0101.06. Monta\u017c do he\u0142m\u00f3w posiadaj\u0105cych szyny taktyczne, np: MICH czy ACH.\" \/>\n<meta name=\"robots\" content=\"index, follow, max-snippet:-1, max-image-preview:large, max-video-preview:-1\" \/>\n<link rel=\"canonical\" href=\"https:\/\/armyppe.com\/uk\/sklep\/przylbica-balistyczna-do-helmu-z-szynami-montazowymi\/\" \/>\n<meta property=\"og:locale\" content=\"uk_UA\" \/>\n<meta property=\"og:type\" content=\"article\" \/>\n<meta property=\"og:title\" content=\"Przy\u0142bica balistyczna do he\u0142mu z szynami taktycznymi - ArmyPPE\" \/>\n<meta property=\"og:description\" content=\"Przy\u0142bica kuloodporna o klasie odporno\u015bci IIIA zg. z norm\u0105 NIJ 0101.06. Monta\u017c do he\u0142m\u00f3w posiadaj\u0105cych szyny taktyczne, np: MICH czy ACH.\" \/>\n<meta property=\"og:url\" content=\"https:\/\/armyppe.com\/uk\/sklep\/przylbica-balistyczna-do-helmu-z-szynami-montazowymi\/\" \/>\n<meta property=\"og:site_name\" content=\"ArmyPPE\" \/>\n<meta property=\"article:modified_time\" content=\"2024-08-19T17:37:36+00:00\" \/>\n<meta property=\"og:image\" content=\"https:\/\/armyppe.com\/wp-content\/uploads\/2024\/05\/przylbica-1.jpg\" \/>\n\t<meta property=\"og:image:width\" content=\"819\" \/>\n\t<meta property=\"og:image:height\" content=\"701\" \/>\n\t<meta property=\"og:image:type\" content=\"image\/jpeg\" \/>\n<meta name=\"twitter:card\" content=\"summary_large_image\" \/>\n<meta name=\"twitter:label1\" content=\"\u041f\u0440\u0438\u0431\u043b. \u0447\u0430\u0441 \u0447\u0438\u0442\u0430\u043d\u043d\u044f\" \/>\n\t<meta name=\"twitter:data1\" content=\"1 \u0445\u0432\u0438\u043b\u0438\u043d\u0430\" \/>\n<script type=\"application\/ld+json\" class=\"yoast-schema-graph\">{\"@context\":\"https:\/\/schema.org\",\"@graph\":[{\"@type\":\"WebPage\",\"@id\":\"https:\/\/armyppe.com\/sklep\/przylbica-balistyczna-do-helmu-z-szynami-montazowymi\/\",\"url\":\"https:\/\/armyppe.com\/sklep\/przylbica-balistyczna-do-helmu-z-szynami-montazowymi\/\",\"name\":\"Przy\u0142bica balistyczna do he\u0142mu z szynami taktycznymi - ArmyPPE\",\"isPartOf\":{\"@id\":\"https:\/\/armyppe.com\/pl_pl\/#website\"},\"primaryImageOfPage\":{\"@id\":\"https:\/\/armyppe.com\/sklep\/przylbica-balistyczna-do-helmu-z-szynami-montazowymi\/#primaryimage\"},\"image\":{\"@id\":\"https:\/\/armyppe.com\/sklep\/przylbica-balistyczna-do-helmu-z-szynami-montazowymi\/#primaryimage\"},\"thumbnailUrl\":\"https:\/\/armyppe.com\/wp-content\/uploads\/2024\/05\/przylbica-1.jpg\",\"datePublished\":\"2024-05-18T08:29:57+00:00\",\"dateModified\":\"2024-08-19T17:37:36+00:00\",\"description\":\"Przy\u0142bica kuloodporna o klasie odporno\u015bci IIIA zg. z norm\u0105 NIJ 0101.06. Monta\u017c do he\u0142m\u00f3w posiadaj\u0105cych szyny taktyczne, np: MICH czy ACH.\",\"breadcrumb\":{\"@id\":\"https:\/\/armyppe.com\/sklep\/przylbica-balistyczna-do-helmu-z-szynami-montazowymi\/#breadcrumb\"},\"inLanguage\":\"uk\",\"potentialAction\":[{\"@type\":\"ReadAction\",\"target\":[\"https:\/\/armyppe.com\/sklep\/przylbica-balistyczna-do-helmu-z-szynami-montazowymi\/\"]}]},{\"@type\":\"ImageObject\",\"inLanguage\":\"uk\",\"@id\":\"https:\/\/armyppe.com\/sklep\/przylbica-balistyczna-do-helmu-z-szynami-montazowymi\/#primaryimage\",\"url\":\"https:\/\/armyppe.com\/wp-content\/uploads\/2024\/05\/przylbica-1.jpg\",\"contentUrl\":\"https:\/\/armyppe.com\/wp-content\/uploads\/2024\/05\/przylbica-1.jpg\",\"width\":819,\"height\":701},{\"@type\":\"BreadcrumbList\",\"@id\":\"https:\/\/armyppe.com\/sklep\/przylbica-balistyczna-do-helmu-z-szynami-montazowymi\/#breadcrumb\",\"itemListElement\":[{\"@type\":\"ListItem\",\"position\":1,\"name\":\"Strona g\u0142\u00f3wna\",\"item\":\"https:\/\/armyppe.com\/pl_pl\/\"},{\"@type\":\"ListItem\",\"position\":2,\"name\":\"Sklep\",\"item\":\"https:\/\/armyppe.com\/pl_pl\/sklep\/\"},{\"@type\":\"ListItem\",\"position\":3,\"name\":\"Przy\u0142bica balistyczna do he\u0142mu z szynami taktycznymi\"}]},{\"@type\":\"WebSite\",\"@id\":\"https:\/\/armyppe.com\/pl_pl\/#website\",\"url\":\"https:\/\/armyppe.com\/pl_pl\/\",\"name\":\"ArmyPPE\",\"description\":\"\",\"publisher\":{\"@id\":\"https:\/\/armyppe.com\/pl_pl\/#organization\"},\"potentialAction\":[{\"@type\":\"SearchAction\",\"target\":{\"@type\":\"EntryPoint\",\"urlTemplate\":\"https:\/\/armyppe.com\/pl_pl\/?s={search_term_string}\"},\"query-input\":\"required name=search_term_string\"}],\"inLanguage\":\"uk\"},{\"@type\":\"Organization\",\"@id\":\"https:\/\/armyppe.com\/pl_pl\/#organization\",\"name\":\"ArmyPPE\",\"url\":\"https:\/\/armyppe.com\/pl_pl\/\",\"logo\":{\"@type\":\"ImageObject\",\"inLanguage\":\"uk\",\"@id\":\"https:\/\/armyppe.com\/pl_pl\/#\/schema\/logo\/image\/\",\"url\":\"https:\/\/armyppe.com\/wp-content\/uploads\/2022\/10\/Group-5.png\",\"contentUrl\":\"https:\/\/armyppe.com\/wp-content\/uploads\/2022\/10\/Group-5.png\",\"width\":262,\"height\":308,\"caption\":\"ArmyPPE\"},\"image\":{\"@id\":\"https:\/\/armyppe.com\/pl_pl\/#\/schema\/logo\/image\/\"}}]}<\/script>\n<!-- \/ Yoast SEO plugin. -->","yoast_head_json":{"title":"Przy\u0142bica balistyczna do he\u0142mu z szynami taktycznymi - ArmyPPE","description":"Przy\u0142bica kuloodporna o klasie odporno\u015bci IIIA zg. z norm\u0105 NIJ 0101.06. Monta\u017c do he\u0142m\u00f3w posiadaj\u0105cych szyny taktyczne, np: MICH czy ACH.","robots":{"index":"index","follow":"follow","max-snippet":"max-snippet:-1","max-image-preview":"max-image-preview:large","max-video-preview":"max-video-preview:-1"},"canonical":"https:\/\/armyppe.com\/uk\/sklep\/przylbica-balistyczna-do-helmu-z-szynami-montazowymi\/","og_locale":"uk_UA","og_type":"article","og_title":"Przy\u0142bica balistyczna do he\u0142mu z szynami taktycznymi - ArmyPPE","og_description":"Przy\u0142bica kuloodporna o klasie odporno\u015bci IIIA zg. z norm\u0105 NIJ 0101.06. Monta\u017c do he\u0142m\u00f3w posiadaj\u0105cych szyny taktyczne, np: MICH czy ACH.","og_url":"https:\/\/armyppe.com\/uk\/sklep\/przylbica-balistyczna-do-helmu-z-szynami-montazowymi\/","og_site_name":"ArmyPPE","article_modified_time":"2024-08-19T17:37:36+00:00","og_image":[{"width":819,"height":701,"url":"https:\/\/armyppe.com\/wp-content\/uploads\/2024\/05\/przylbica-1.jpg","type":"image\/jpeg"}],"twitter_card":"summary_large_image","twitter_misc":{"\u041f\u0440\u0438\u0431\u043b. \u0447\u0430\u0441 \u0447\u0438\u0442\u0430\u043d\u043d\u044f":"1 \u0445\u0432\u0438\u043b\u0438\u043d\u0430"},"schema":{"@context":"https:\/\/schema.org","@graph":[{"@type":"WebPage","@id":"https:\/\/armyppe.com\/sklep\/przylbica-balistyczna-do-helmu-z-szynami-montazowymi\/","url":"https:\/\/armyppe.com\/sklep\/przylbica-balistyczna-do-helmu-z-szynami-montazowymi\/","name":"Przy\u0142bica balistyczna do he\u0142mu z szynami taktycznymi - ArmyPPE","isPartOf":{"@id":"https:\/\/armyppe.com\/pl_pl\/#website"},"primaryImageOfPage":{"@id":"https:\/\/armyppe.com\/sklep\/przylbica-balistyczna-do-helmu-z-szynami-montazowymi\/#primaryimage"},"image":{"@id":"https:\/\/armyppe.com\/sklep\/przylbica-balistyczna-do-helmu-z-szynami-montazowymi\/#primaryimage"},"thumbnailUrl":"https:\/\/armyppe.com\/wp-content\/uploads\/2024\/05\/przylbica-1.jpg","datePublished":"2024-05-18T08:29:57+00:00","dateModified":"2024-08-19T17:37:36+00:00","description":"Przy\u0142bica kuloodporna o klasie odporno\u015bci IIIA zg. z norm\u0105 NIJ 0101.06. Monta\u017c do he\u0142m\u00f3w posiadaj\u0105cych szyny taktyczne, np: MICH czy ACH.","breadcrumb":{"@id":"https:\/\/armyppe.com\/sklep\/przylbica-balistyczna-do-helmu-z-szynami-montazowymi\/#breadcrumb"},"inLanguage":"uk","potentialAction":[{"@type":"ReadAction","target":["https:\/\/armyppe.com\/sklep\/przylbica-balistyczna-do-helmu-z-szynami-montazowymi\/"]}]},{"@type":"ImageObject","inLanguage":"uk","@id":"https:\/\/armyppe.com\/sklep\/przylbica-balistyczna-do-helmu-z-szynami-montazowymi\/#primaryimage","url":"https:\/\/armyppe.com\/wp-content\/uploads\/2024\/05\/przylbica-1.jpg","contentUrl":"https:\/\/armyppe.com\/wp-content\/uploads\/2024\/05\/przylbica-1.jpg","width":819,"height":701},{"@type":"BreadcrumbList","@id":"https:\/\/armyppe.com\/sklep\/przylbica-balistyczna-do-helmu-z-szynami-montazowymi\/#breadcrumb","itemListElement":[{"@type":"ListItem","position":1,"name":"Strona g\u0142\u00f3wna","item":"https:\/\/armyppe.com\/pl_pl\/"},{"@type":"ListItem","position":2,"name":"Sklep","item":"https:\/\/armyppe.com\/pl_pl\/sklep\/"},{"@type":"ListItem","position":3,"name":"Przy\u0142bica balistyczna do he\u0142mu z szynami taktycznymi"}]},{"@type":"WebSite","@id":"https:\/\/armyppe.com\/pl_pl\/#website","url":"https:\/\/armyppe.com\/pl_pl\/","name":"ArmyPPE","description":"","publisher":{"@id":"https:\/\/armyppe.com\/pl_pl\/#organization"},"potentialAction":[{"@type":"SearchAction","target":{"@type":"EntryPoint","urlTemplate":"https:\/\/armyppe.com\/pl_pl\/?s={search_term_string}"},"query-input":"required name=search_term_string"}],"inLanguage":"uk"},{"@type":"Organization","@id":"https:\/\/armyppe.com\/pl_pl\/#organization","name":"ArmyPPE","url":"https:\/\/armyppe.com\/pl_pl\/","logo":{"@type":"ImageObject","inLanguage":"uk","@id":"https:\/\/armyppe.com\/pl_pl\/#\/schema\/logo\/image\/","url":"https:\/\/armyppe.com\/wp-content\/uploads\/2022\/10\/Group-5.png","contentUrl":"https:\/\/armyppe.com\/wp-content\/uploads\/2022\/10\/Group-5.png","width":262,"height":308,"caption":"ArmyPPE"},"image":{"@id":"https:\/\/armyppe.com\/pl_pl\/#\/schema\/logo\/image\/"}}]}},"_links":{"self":[{"href":"https:\/\/armyppe.com\/uk\/wp-json\/wp\/v2\/product\/1148","targetHints":{"allow":["GET"]}}],"collection":[{"href":"https:\/\/armyppe.com\/uk\/wp-json\/wp\/v2\/product"}],"about":[{"href":"https:\/\/armyppe.com\/uk\/wp-json\/wp\/v2\/types\/product"}],"replies":[{"embeddable":true,"href":"https:\/\/armyppe.com\/uk\/wp-json\/wp\/v2\/comments?post=1148"}],"wp:featuredmedia":[{"embeddable":true,"href":"https:\/\/armyppe.com\/uk\/wp-json\/wp\/v2\/media\/1139"}],"wp:attachment":[{"href":"https:\/\/armyppe.com\/uk\/wp-json\/wp\/v2\/media?parent=1148"}],"wp:term":[{"taxonomy":"product_cat","embeddable":true,"href":"https:\/\/armyppe.com\/uk\/wp-json\/wp\/v2\/product_cat?post=1148"},{"taxonomy":"product_tag","embeddable":true,"href":"https:\/\/armyppe.com\/uk\/wp-json\/wp\/v2\/product_tag?post=1148"}],"curies":[{"name":"wp","href":"https:\/\/api.w.org\/{rel}","templated":true}]}}