{"id":1141,"date":"2024-05-18T10:23:39","date_gmt":"2024-05-18T08:23:39","guid":{"rendered":"https:\/\/armyppe.com\/?post_type=product&#038;p=1141"},"modified":"2025-04-03T14:33:09","modified_gmt":"2025-04-03T12:33:09","slug":"trauma-pad","status":"publish","type":"product","link":"https:\/\/armyppe.com\/uk\/sklep\/trauma-pad\/","title":{"rendered":"Trauma Pad"},"content":{"rendered":"<h2>Trauma Pad, podk\u0142adka pod kamizelk\u0119 taktyczn\u0105\/ Plate Carrier<\/h2>\n<p><strong>Podk\u0142adka amortyzuj\u0105ca<\/strong> i poch\u0142aniaj\u0105ca cz\u0119\u015bciowo energi\u0119 kinetyczn\u0105 przekazan\u0105 przez pocisk. Pomaga unikn\u0105\u0107 uraz\u00f3w mechanicznych przy postrzale.<\/p>\n<p>Podk\u0142adka z rzepami mocuje si\u0119 j\u0105 od wewn\u0119trznej strony kamizelki taktycznej.<\/p>\n<p>Wykonana z wysokiej jako\u015bci pianki EVA oraz nylonu.<\/p>\n<p>Specjalna \u017cebrowana konstrukcja pomaga odprowadza\u0107 ciep\u0142o cia\u0142a oraz nie utrudnia ruchu w tym przyjmowania pozycji strzeleckiej.<\/p>\n<p>Dost\u0119pne kolory: Olive, Tan i Czarny<\/p>","protected":false},"excerpt":{"rendered":"<p>Trauma Pad, podk\u0142adka pod kamizelk\u0119 taktyczn\u0105\/ Plate Carrier Podk\u0142adka amortyzuj\u0105ca i poch\u0142aniaj\u0105ca cz\u0119\u015bciowo energi\u0119 kinetyczn\u0105 przekazan\u0105 przez pocisk. Pomaga unikn\u0105\u0107 uraz\u00f3w mechanicznych przy postrzale. Podk\u0142adka&hellip;<\/p>","protected":false},"featured_media":1144,"comment_status":"open","ping_status":"closed","template":"","meta":[],"product_cat":[23,36,25,26,21],"product_tag":[],"class_list":{"0":"post-1141","1":"product","2":"type-product","3":"status-publish","4":"has-post-thumbnail","6":"product_cat-akcesoria-balistyczne","7":"product_cat-bestsellery-nowosci","8":"product_cat-odziez-taktyczna","9":"product_cat-panele","10":"product_cat-plyty-wklady","12":"first","13":"instock","14":"shipping-taxable","15":"purchasable","16":"product-type-simple","17":"customify-col","18":"product-has-gallery"},"yoast_head":"<!-- This site is optimized with the Yoast SEO plugin v23.3 - https:\/\/yoast.com\/wordpress\/plugins\/seo\/ -->\n<title>Trauma Pad - ArmyPPE<\/title>\n<meta name=\"description\" content=\"Trauma Pad, podk\u0142adka pod kamizelk\u0119 taktyczn\u0105\/ Plate CarrierPodk\u0142adka amortyzuj\u0105ca i poch\u0142aniaj\u0105ca cz\u0119\u015bciowo energi\u0119 kinetyczn\u0105 przekazan\u0105 przez pocisk.\" \/>\n<meta name=\"robots\" content=\"index, follow, max-snippet:-1, max-image-preview:large, max-video-preview:-1\" \/>\n<link rel=\"canonical\" href=\"https:\/\/armyppe.com\/uk\/sklep\/trauma-pad\/\" \/>\n<meta property=\"og:locale\" content=\"uk_UA\" \/>\n<meta property=\"og:type\" content=\"article\" \/>\n<meta property=\"og:title\" content=\"Trauma Pad - ArmyPPE\" \/>\n<meta property=\"og:description\" content=\"Trauma Pad, podk\u0142adka pod kamizelk\u0119 taktyczn\u0105\/ Plate CarrierPodk\u0142adka amortyzuj\u0105ca i poch\u0142aniaj\u0105ca cz\u0119\u015bciowo energi\u0119 kinetyczn\u0105 przekazan\u0105 przez pocisk.\" \/>\n<meta property=\"og:url\" content=\"https:\/\/armyppe.com\/uk\/sklep\/trauma-pad\/\" \/>\n<meta property=\"og:site_name\" content=\"ArmyPPE\" \/>\n<meta property=\"article:modified_time\" content=\"2025-04-03T12:33:09+00:00\" \/>\n<meta property=\"og:image\" content=\"https:\/\/armyppe.com\/wp-content\/uploads\/2024\/05\/3.jpg\" \/>\n\t<meta property=\"og:image:width\" content=\"641\" \/>\n\t<meta property=\"og:image:height\" content=\"701\" \/>\n\t<meta property=\"og:image:type\" content=\"image\/jpeg\" \/>\n<meta name=\"twitter:card\" content=\"summary_large_image\" \/>\n<meta name=\"twitter:label1\" content=\"\u041f\u0440\u0438\u0431\u043b. \u0447\u0430\u0441 \u0447\u0438\u0442\u0430\u043d\u043d\u044f\" \/>\n\t<meta name=\"twitter:data1\" content=\"1 \u0445\u0432\u0438\u043b\u0438\u043d\u0430\" \/>\n<script type=\"application\/ld+json\" class=\"yoast-schema-graph\">{\"@context\":\"https:\/\/schema.org\",\"@graph\":[{\"@type\":\"WebPage\",\"@id\":\"https:\/\/armyppe.com\/pl_pl\/sklep\/trauma-pad\/\",\"url\":\"https:\/\/armyppe.com\/pl_pl\/sklep\/trauma-pad\/\",\"name\":\"Trauma Pad - ArmyPPE\",\"isPartOf\":{\"@id\":\"https:\/\/armyppe.com\/pl_pl\/#website\"},\"primaryImageOfPage\":{\"@id\":\"https:\/\/armyppe.com\/pl_pl\/sklep\/trauma-pad\/#primaryimage\"},\"image\":{\"@id\":\"https:\/\/armyppe.com\/pl_pl\/sklep\/trauma-pad\/#primaryimage\"},\"thumbnailUrl\":\"https:\/\/armyppe.com\/wp-content\/uploads\/2024\/05\/3.jpg\",\"datePublished\":\"2024-05-18T08:23:39+00:00\",\"dateModified\":\"2025-04-03T12:33:09+00:00\",\"description\":\"Trauma Pad, podk\u0142adka pod kamizelk\u0119 taktyczn\u0105\/ Plate CarrierPodk\u0142adka amortyzuj\u0105ca i poch\u0142aniaj\u0105ca cz\u0119\u015bciowo energi\u0119 kinetyczn\u0105 przekazan\u0105 przez pocisk.\",\"breadcrumb\":{\"@id\":\"https:\/\/armyppe.com\/pl_pl\/sklep\/trauma-pad\/#breadcrumb\"},\"inLanguage\":\"uk\",\"potentialAction\":[{\"@type\":\"ReadAction\",\"target\":[\"https:\/\/armyppe.com\/pl_pl\/sklep\/trauma-pad\/\"]}]},{\"@type\":\"ImageObject\",\"inLanguage\":\"uk\",\"@id\":\"https:\/\/armyppe.com\/pl_pl\/sklep\/trauma-pad\/#primaryimage\",\"url\":\"https:\/\/armyppe.com\/wp-content\/uploads\/2024\/05\/3.jpg\",\"contentUrl\":\"https:\/\/armyppe.com\/wp-content\/uploads\/2024\/05\/3.jpg\",\"width\":641,\"height\":701},{\"@type\":\"BreadcrumbList\",\"@id\":\"https:\/\/armyppe.com\/pl_pl\/sklep\/trauma-pad\/#breadcrumb\",\"itemListElement\":[{\"@type\":\"ListItem\",\"position\":1,\"name\":\"Strona g\u0142\u00f3wna\",\"item\":\"https:\/\/armyppe.com\/pl_pl\/\"},{\"@type\":\"ListItem\",\"position\":2,\"name\":\"Sklep\",\"item\":\"https:\/\/armyppe.com\/pl_pl\/sklep\/\"},{\"@type\":\"ListItem\",\"position\":3,\"name\":\"Trauma Pad\"}]},{\"@type\":\"WebSite\",\"@id\":\"https:\/\/armyppe.com\/pl_pl\/#website\",\"url\":\"https:\/\/armyppe.com\/pl_pl\/\",\"name\":\"ArmyPPE\",\"description\":\"\",\"publisher\":{\"@id\":\"https:\/\/armyppe.com\/pl_pl\/#organization\"},\"potentialAction\":[{\"@type\":\"SearchAction\",\"target\":{\"@type\":\"EntryPoint\",\"urlTemplate\":\"https:\/\/armyppe.com\/pl_pl\/?s={search_term_string}\"},\"query-input\":\"required name=search_term_string\"}],\"inLanguage\":\"uk\"},{\"@type\":\"Organization\",\"@id\":\"https:\/\/armyppe.com\/pl_pl\/#organization\",\"name\":\"ArmyPPE\",\"url\":\"https:\/\/armyppe.com\/pl_pl\/\",\"logo\":{\"@type\":\"ImageObject\",\"inLanguage\":\"uk\",\"@id\":\"https:\/\/armyppe.com\/pl_pl\/#\/schema\/logo\/image\/\",\"url\":\"https:\/\/armyppe.com\/wp-content\/uploads\/2022\/10\/Group-5.png\",\"contentUrl\":\"https:\/\/armyppe.com\/wp-content\/uploads\/2022\/10\/Group-5.png\",\"width\":262,\"height\":308,\"caption\":\"ArmyPPE\"},\"image\":{\"@id\":\"https:\/\/armyppe.com\/pl_pl\/#\/schema\/logo\/image\/\"}}]}<\/script>\n<!-- \/ Yoast SEO plugin. -->","yoast_head_json":{"title":"Trauma Pad - ArmyPPE","description":"Trauma Pad, podk\u0142adka pod kamizelk\u0119 taktyczn\u0105\/ Plate CarrierPodk\u0142adka amortyzuj\u0105ca i poch\u0142aniaj\u0105ca cz\u0119\u015bciowo energi\u0119 kinetyczn\u0105 przekazan\u0105 przez pocisk.","robots":{"index":"index","follow":"follow","max-snippet":"max-snippet:-1","max-image-preview":"max-image-preview:large","max-video-preview":"max-video-preview:-1"},"canonical":"https:\/\/armyppe.com\/uk\/sklep\/trauma-pad\/","og_locale":"uk_UA","og_type":"article","og_title":"Trauma Pad - ArmyPPE","og_description":"Trauma Pad, podk\u0142adka pod kamizelk\u0119 taktyczn\u0105\/ Plate CarrierPodk\u0142adka amortyzuj\u0105ca i poch\u0142aniaj\u0105ca cz\u0119\u015bciowo energi\u0119 kinetyczn\u0105 przekazan\u0105 przez pocisk.","og_url":"https:\/\/armyppe.com\/uk\/sklep\/trauma-pad\/","og_site_name":"ArmyPPE","article_modified_time":"2025-04-03T12:33:09+00:00","og_image":[{"width":641,"height":701,"url":"https:\/\/armyppe.com\/wp-content\/uploads\/2024\/05\/3.jpg","type":"image\/jpeg"}],"twitter_card":"summary_large_image","twitter_misc":{"\u041f\u0440\u0438\u0431\u043b. \u0447\u0430\u0441 \u0447\u0438\u0442\u0430\u043d\u043d\u044f":"1 \u0445\u0432\u0438\u043b\u0438\u043d\u0430"},"schema":{"@context":"https:\/\/schema.org","@graph":[{"@type":"WebPage","@id":"https:\/\/armyppe.com\/pl_pl\/sklep\/trauma-pad\/","url":"https:\/\/armyppe.com\/pl_pl\/sklep\/trauma-pad\/","name":"Trauma Pad - ArmyPPE","isPartOf":{"@id":"https:\/\/armyppe.com\/pl_pl\/#website"},"primaryImageOfPage":{"@id":"https:\/\/armyppe.com\/pl_pl\/sklep\/trauma-pad\/#primaryimage"},"image":{"@id":"https:\/\/armyppe.com\/pl_pl\/sklep\/trauma-pad\/#primaryimage"},"thumbnailUrl":"https:\/\/armyppe.com\/wp-content\/uploads\/2024\/05\/3.jpg","datePublished":"2024-05-18T08:23:39+00:00","dateModified":"2025-04-03T12:33:09+00:00","description":"Trauma Pad, podk\u0142adka pod kamizelk\u0119 taktyczn\u0105\/ Plate CarrierPodk\u0142adka amortyzuj\u0105ca i poch\u0142aniaj\u0105ca cz\u0119\u015bciowo energi\u0119 kinetyczn\u0105 przekazan\u0105 przez pocisk.","breadcrumb":{"@id":"https:\/\/armyppe.com\/pl_pl\/sklep\/trauma-pad\/#breadcrumb"},"inLanguage":"uk","potentialAction":[{"@type":"ReadAction","target":["https:\/\/armyppe.com\/pl_pl\/sklep\/trauma-pad\/"]}]},{"@type":"ImageObject","inLanguage":"uk","@id":"https:\/\/armyppe.com\/pl_pl\/sklep\/trauma-pad\/#primaryimage","url":"https:\/\/armyppe.com\/wp-content\/uploads\/2024\/05\/3.jpg","contentUrl":"https:\/\/armyppe.com\/wp-content\/uploads\/2024\/05\/3.jpg","width":641,"height":701},{"@type":"BreadcrumbList","@id":"https:\/\/armyppe.com\/pl_pl\/sklep\/trauma-pad\/#breadcrumb","itemListElement":[{"@type":"ListItem","position":1,"name":"Strona g\u0142\u00f3wna","item":"https:\/\/armyppe.com\/pl_pl\/"},{"@type":"ListItem","position":2,"name":"Sklep","item":"https:\/\/armyppe.com\/pl_pl\/sklep\/"},{"@type":"ListItem","position":3,"name":"Trauma Pad"}]},{"@type":"WebSite","@id":"https:\/\/armyppe.com\/pl_pl\/#website","url":"https:\/\/armyppe.com\/pl_pl\/","name":"ArmyPPE","description":"","publisher":{"@id":"https:\/\/armyppe.com\/pl_pl\/#organization"},"potentialAction":[{"@type":"SearchAction","target":{"@type":"EntryPoint","urlTemplate":"https:\/\/armyppe.com\/pl_pl\/?s={search_term_string}"},"query-input":"required name=search_term_string"}],"inLanguage":"uk"},{"@type":"Organization","@id":"https:\/\/armyppe.com\/pl_pl\/#organization","name":"ArmyPPE","url":"https:\/\/armyppe.com\/pl_pl\/","logo":{"@type":"ImageObject","inLanguage":"uk","@id":"https:\/\/armyppe.com\/pl_pl\/#\/schema\/logo\/image\/","url":"https:\/\/armyppe.com\/wp-content\/uploads\/2022\/10\/Group-5.png","contentUrl":"https:\/\/armyppe.com\/wp-content\/uploads\/2022\/10\/Group-5.png","width":262,"height":308,"caption":"ArmyPPE"},"image":{"@id":"https:\/\/armyppe.com\/pl_pl\/#\/schema\/logo\/image\/"}}]}},"_links":{"self":[{"href":"https:\/\/armyppe.com\/uk\/wp-json\/wp\/v2\/product\/1141","targetHints":{"allow":["GET"]}}],"collection":[{"href":"https:\/\/armyppe.com\/uk\/wp-json\/wp\/v2\/product"}],"about":[{"href":"https:\/\/armyppe.com\/uk\/wp-json\/wp\/v2\/types\/product"}],"replies":[{"embeddable":true,"href":"https:\/\/armyppe.com\/uk\/wp-json\/wp\/v2\/comments?post=1141"}],"wp:featuredmedia":[{"embeddable":true,"href":"https:\/\/armyppe.com\/uk\/wp-json\/wp\/v2\/media\/1144"}],"wp:attachment":[{"href":"https:\/\/armyppe.com\/uk\/wp-json\/wp\/v2\/media?parent=1141"}],"wp:term":[{"taxonomy":"product_cat","embeddable":true,"href":"https:\/\/armyppe.com\/uk\/wp-json\/wp\/v2\/product_cat?post=1141"},{"taxonomy":"product_tag","embeddable":true,"href":"https:\/\/armyppe.com\/uk\/wp-json\/wp\/v2\/product_tag?post=1141"}],"curies":[{"name":"wp","href":"https:\/\/api.w.org\/{rel}","templated":true}]}}