{"id":377,"date":"2022-11-01T00:10:37","date_gmt":"2022-10-31T23:10:37","guid":{"rendered":"https:\/\/armyppe.com\/?post_type=product&#038;p=377"},"modified":"2025-04-03T14:40:04","modified_gmt":"2025-04-03T12:40:04","slug":"dozymetr-licznik-geigera-gc01-z-akumulatorem","status":"publish","type":"product","link":"https:\/\/armyppe.com\/pl_pl\/sklep\/dozymetr-licznik-geigera-gc01-z-akumulatorem\/","title":{"rendered":"Licznik Geigera GC01 z akumulatorem"},"content":{"rendered":"","protected":false},"excerpt":{"rendered":"<h2>Licznik Geigera<\/h2>\n<p>Cechy:<\/p>\n<ul>\n<li>Czytelny i oszcz\u0119dny kolorowy wy\u015bwietlacz LCD<\/li>\n<li>Funkcja automatycznego przechowywania danych (nawet w przypadku roz\u0142adowania dane zostaj\u0105<br \/>\nzapisane) tym samym mo\u017cemy odczyta\u0107 zakumulowan\u0105 dawk\u0119 przyj\u0119tego w czasie<br \/>\npromieniowania<\/li>\n<li>Manualnie ustawiana warto\u015b\u0107 alarmu promieniowania<\/li>\n<li>Trzy bezpieczne rodzaje alarmu promieniowania: d\u017awi\u0119k, \u015bwiat\u0142o i wibracje<\/li>\n<li>Por\u0119czny, \u0142atwy do przenoszenia i przechowywania.<\/li>\n<li>Trzy jednostki pomiarowe: uSv\/h, uGy\/h, mR\/h<\/li>\n<\/ul>\n<p>Dane techniczne:<br \/>\nMateria\u0142: tworzywo sztuczne<br \/>\nWykrywanie promieni: X, Y, \u03b2<br \/>\nDawka promieniowania: 0.00 ~ 1000usv\/h (10msv\/h)<br \/>\nSkumulowany odpowiednik dawki: 0,00usv ~ 500,0msv<br \/>\nZakresy energii: 48keV ~ 1,5mev \u2264 \u00b1 30% (dla 137cs-)<br \/>\nJ\u0119zyk: angielski<br \/>\nCzu\u0142o\u015b\u0107: 80CPM\/uSv (dla Co-60)<br \/>\nManualnie ustawiany alarm dawkowania: 0.5, 1.0, 1.5, 2.0, 2.5, 5.0, 10.0, 50.0, 100.0 \u03bcSv\/h do<br \/>\ndyspozycji.<br \/>\nManualnie ustawiany alarm dla skumulowanej dawki promieniowania: 0.05, 0.5, 1.0, 1.5, 2.0, 5.0,<br \/>\n10.0, 20.0, 50.0, 100.0 m Sv do dyspozycji.<br \/>\nZasilanie: akumulator wewn\u0119trzny, wej\u015bcie USB typ C<br \/>\nTemperatura pracy: -15 \u2103 &#8211; +50 \u2103<br \/>\nWaga produktu: 140g<br \/>\nProducent: Fnirsi<\/p>\n<p>&nbsp;<\/p>\n","protected":false},"featured_media":1130,"comment_status":"open","ping_status":"closed","template":"","meta":[],"product_cat":[22],"product_tag":[],"class_list":{"0":"post-377","1":"product","2":"type-product","3":"status-publish","4":"has-post-thumbnail","6":"product_cat-ochrona-przeciwradiacyjna-biologiczna-i-chemiczna","8":"first","9":"instock","10":"shipping-taxable","11":"purchasable","12":"product-type-simple","13":"customify-col"},"yoast_head":"<!-- This site is optimized with the Yoast SEO plugin v23.3 - https:\/\/yoast.com\/wordpress\/plugins\/seo\/ -->\n<title>Licznik Geigera GC01 z akumulatorem - ArmyPPE<\/title>\n<meta name=\"description\" content=\"Licznik geigera, dozymetr. Pozwala zmierzy\u0107 promieniowanie i radiacj\u0119: powietrza, wody i jedzenia. Wbudowany akumulator oraz \u0142atwa obs\u0142uga.\" \/>\n<meta name=\"robots\" content=\"index, follow, max-snippet:-1, max-image-preview:large, max-video-preview:-1\" \/>\n<link rel=\"canonical\" href=\"https:\/\/armyppe.com\/pl_pl\/sklep\/dozymetr-licznik-geigera-gc01-z-akumulatorem\/\" \/>\n<meta property=\"og:locale\" content=\"pl_PL\" \/>\n<meta property=\"og:type\" content=\"article\" \/>\n<meta property=\"og:title\" content=\"Licznik Geigera GC01 z akumulatorem - ArmyPPE\" \/>\n<meta property=\"og:description\" content=\"Licznik geigera, dozymetr. Pozwala zmierzy\u0107 promieniowanie i radiacj\u0119: powietrza, wody i jedzenia. Wbudowany akumulator oraz \u0142atwa obs\u0142uga.\" \/>\n<meta property=\"og:url\" content=\"https:\/\/armyppe.com\/pl_pl\/sklep\/dozymetr-licznik-geigera-gc01-z-akumulatorem\/\" \/>\n<meta property=\"og:site_name\" content=\"ArmyPPE\" \/>\n<meta property=\"article:modified_time\" content=\"2025-04-03T12:40:04+00:00\" \/>\n<meta property=\"og:image\" content=\"https:\/\/armyppe.com\/wp-content\/uploads\/2022\/11\/Bez-tytulu.jpg\" \/>\n\t<meta property=\"og:image:width\" content=\"285\" \/>\n\t<meta property=\"og:image:height\" content=\"447\" \/>\n\t<meta property=\"og:image:type\" content=\"image\/jpeg\" \/>\n<meta name=\"twitter:card\" content=\"summary_large_image\" \/>\n<meta name=\"twitter:label1\" content=\"Szacowany czas czytania\" \/>\n\t<meta name=\"twitter:data1\" content=\"1 minuta\" \/>\n<script type=\"application\/ld+json\" class=\"yoast-schema-graph\">{\"@context\":\"https:\/\/schema.org\",\"@graph\":[{\"@type\":\"WebPage\",\"@id\":\"https:\/\/armyppe.com\/uk\/sklep\/dozymetr-licznik-geigera-gc01-z-akumulatorem\/\",\"url\":\"https:\/\/armyppe.com\/uk\/sklep\/dozymetr-licznik-geigera-gc01-z-akumulatorem\/\",\"name\":\"Licznik Geigera GC01 z akumulatorem - ArmyPPE\",\"isPartOf\":{\"@id\":\"https:\/\/armyppe.com\/pl_pl\/#website\"},\"primaryImageOfPage\":{\"@id\":\"https:\/\/armyppe.com\/uk\/sklep\/dozymetr-licznik-geigera-gc01-z-akumulatorem\/#primaryimage\"},\"image\":{\"@id\":\"https:\/\/armyppe.com\/uk\/sklep\/dozymetr-licznik-geigera-gc01-z-akumulatorem\/#primaryimage\"},\"thumbnailUrl\":\"https:\/\/armyppe.com\/wp-content\/uploads\/2022\/11\/Bez-tytulu.jpg\",\"datePublished\":\"2022-10-31T23:10:37+00:00\",\"dateModified\":\"2025-04-03T12:40:04+00:00\",\"description\":\"Licznik geigera, dozymetr. Pozwala zmierzy\u0107 promieniowanie i radiacj\u0119: powietrza, wody i jedzenia. Wbudowany akumulator oraz \u0142atwa obs\u0142uga.\",\"breadcrumb\":{\"@id\":\"https:\/\/armyppe.com\/uk\/sklep\/dozymetr-licznik-geigera-gc01-z-akumulatorem\/#breadcrumb\"},\"inLanguage\":\"pl-PL\",\"potentialAction\":[{\"@type\":\"ReadAction\",\"target\":[\"https:\/\/armyppe.com\/uk\/sklep\/dozymetr-licznik-geigera-gc01-z-akumulatorem\/\"]}]},{\"@type\":\"ImageObject\",\"inLanguage\":\"pl-PL\",\"@id\":\"https:\/\/armyppe.com\/uk\/sklep\/dozymetr-licznik-geigera-gc01-z-akumulatorem\/#primaryimage\",\"url\":\"https:\/\/armyppe.com\/wp-content\/uploads\/2022\/11\/Bez-tytulu.jpg\",\"contentUrl\":\"https:\/\/armyppe.com\/wp-content\/uploads\/2022\/11\/Bez-tytulu.jpg\",\"width\":285,\"height\":447},{\"@type\":\"BreadcrumbList\",\"@id\":\"https:\/\/armyppe.com\/uk\/sklep\/dozymetr-licznik-geigera-gc01-z-akumulatorem\/#breadcrumb\",\"itemListElement\":[{\"@type\":\"ListItem\",\"position\":1,\"name\":\"Strona g\u0142\u00f3wna\",\"item\":\"https:\/\/armyppe.com\/pl_pl\/\"},{\"@type\":\"ListItem\",\"position\":2,\"name\":\"Sklep\",\"item\":\"https:\/\/armyppe.com\/pl_pl\/sklep\/\"},{\"@type\":\"ListItem\",\"position\":3,\"name\":\"Licznik Geigera GC01 z akumulatorem\"}]},{\"@type\":\"WebSite\",\"@id\":\"https:\/\/armyppe.com\/pl_pl\/#website\",\"url\":\"https:\/\/armyppe.com\/pl_pl\/\",\"name\":\"ArmyPPE\",\"description\":\"\",\"publisher\":{\"@id\":\"https:\/\/armyppe.com\/pl_pl\/#organization\"},\"potentialAction\":[{\"@type\":\"SearchAction\",\"target\":{\"@type\":\"EntryPoint\",\"urlTemplate\":\"https:\/\/armyppe.com\/pl_pl\/?s={search_term_string}\"},\"query-input\":\"required name=search_term_string\"}],\"inLanguage\":\"pl-PL\"},{\"@type\":\"Organization\",\"@id\":\"https:\/\/armyppe.com\/pl_pl\/#organization\",\"name\":\"ArmyPPE\",\"url\":\"https:\/\/armyppe.com\/pl_pl\/\",\"logo\":{\"@type\":\"ImageObject\",\"inLanguage\":\"pl-PL\",\"@id\":\"https:\/\/armyppe.com\/pl_pl\/#\/schema\/logo\/image\/\",\"url\":\"https:\/\/armyppe.com\/wp-content\/uploads\/2022\/10\/Group-5.png\",\"contentUrl\":\"https:\/\/armyppe.com\/wp-content\/uploads\/2022\/10\/Group-5.png\",\"width\":262,\"height\":308,\"caption\":\"ArmyPPE\"},\"image\":{\"@id\":\"https:\/\/armyppe.com\/pl_pl\/#\/schema\/logo\/image\/\"}}]}<\/script>\n<!-- \/ Yoast SEO plugin. -->","yoast_head_json":{"title":"Licznik Geigera GC01 z akumulatorem - ArmyPPE","description":"Licznik geigera, dozymetr. Pozwala zmierzy\u0107 promieniowanie i radiacj\u0119: powietrza, wody i jedzenia. Wbudowany akumulator oraz \u0142atwa obs\u0142uga.","robots":{"index":"index","follow":"follow","max-snippet":"max-snippet:-1","max-image-preview":"max-image-preview:large","max-video-preview":"max-video-preview:-1"},"canonical":"https:\/\/armyppe.com\/pl_pl\/sklep\/dozymetr-licznik-geigera-gc01-z-akumulatorem\/","og_locale":"pl_PL","og_type":"article","og_title":"Licznik Geigera GC01 z akumulatorem - ArmyPPE","og_description":"Licznik geigera, dozymetr. Pozwala zmierzy\u0107 promieniowanie i radiacj\u0119: powietrza, wody i jedzenia. Wbudowany akumulator oraz \u0142atwa obs\u0142uga.","og_url":"https:\/\/armyppe.com\/pl_pl\/sklep\/dozymetr-licznik-geigera-gc01-z-akumulatorem\/","og_site_name":"ArmyPPE","article_modified_time":"2025-04-03T12:40:04+00:00","og_image":[{"width":285,"height":447,"url":"https:\/\/armyppe.com\/wp-content\/uploads\/2022\/11\/Bez-tytulu.jpg","type":"image\/jpeg"}],"twitter_card":"summary_large_image","twitter_misc":{"Szacowany czas czytania":"1 minuta"},"schema":{"@context":"https:\/\/schema.org","@graph":[{"@type":"WebPage","@id":"https:\/\/armyppe.com\/uk\/sklep\/dozymetr-licznik-geigera-gc01-z-akumulatorem\/","url":"https:\/\/armyppe.com\/uk\/sklep\/dozymetr-licznik-geigera-gc01-z-akumulatorem\/","name":"Licznik Geigera GC01 z akumulatorem - ArmyPPE","isPartOf":{"@id":"https:\/\/armyppe.com\/pl_pl\/#website"},"primaryImageOfPage":{"@id":"https:\/\/armyppe.com\/uk\/sklep\/dozymetr-licznik-geigera-gc01-z-akumulatorem\/#primaryimage"},"image":{"@id":"https:\/\/armyppe.com\/uk\/sklep\/dozymetr-licznik-geigera-gc01-z-akumulatorem\/#primaryimage"},"thumbnailUrl":"https:\/\/armyppe.com\/wp-content\/uploads\/2022\/11\/Bez-tytulu.jpg","datePublished":"2022-10-31T23:10:37+00:00","dateModified":"2025-04-03T12:40:04+00:00","description":"Licznik geigera, dozymetr. Pozwala zmierzy\u0107 promieniowanie i radiacj\u0119: powietrza, wody i jedzenia. Wbudowany akumulator oraz \u0142atwa obs\u0142uga.","breadcrumb":{"@id":"https:\/\/armyppe.com\/uk\/sklep\/dozymetr-licznik-geigera-gc01-z-akumulatorem\/#breadcrumb"},"inLanguage":"pl-PL","potentialAction":[{"@type":"ReadAction","target":["https:\/\/armyppe.com\/uk\/sklep\/dozymetr-licznik-geigera-gc01-z-akumulatorem\/"]}]},{"@type":"ImageObject","inLanguage":"pl-PL","@id":"https:\/\/armyppe.com\/uk\/sklep\/dozymetr-licznik-geigera-gc01-z-akumulatorem\/#primaryimage","url":"https:\/\/armyppe.com\/wp-content\/uploads\/2022\/11\/Bez-tytulu.jpg","contentUrl":"https:\/\/armyppe.com\/wp-content\/uploads\/2022\/11\/Bez-tytulu.jpg","width":285,"height":447},{"@type":"BreadcrumbList","@id":"https:\/\/armyppe.com\/uk\/sklep\/dozymetr-licznik-geigera-gc01-z-akumulatorem\/#breadcrumb","itemListElement":[{"@type":"ListItem","position":1,"name":"Strona g\u0142\u00f3wna","item":"https:\/\/armyppe.com\/pl_pl\/"},{"@type":"ListItem","position":2,"name":"Sklep","item":"https:\/\/armyppe.com\/pl_pl\/sklep\/"},{"@type":"ListItem","position":3,"name":"Licznik Geigera GC01 z akumulatorem"}]},{"@type":"WebSite","@id":"https:\/\/armyppe.com\/pl_pl\/#website","url":"https:\/\/armyppe.com\/pl_pl\/","name":"ArmyPPE","description":"","publisher":{"@id":"https:\/\/armyppe.com\/pl_pl\/#organization"},"potentialAction":[{"@type":"SearchAction","target":{"@type":"EntryPoint","urlTemplate":"https:\/\/armyppe.com\/pl_pl\/?s={search_term_string}"},"query-input":"required name=search_term_string"}],"inLanguage":"pl-PL"},{"@type":"Organization","@id":"https:\/\/armyppe.com\/pl_pl\/#organization","name":"ArmyPPE","url":"https:\/\/armyppe.com\/pl_pl\/","logo":{"@type":"ImageObject","inLanguage":"pl-PL","@id":"https:\/\/armyppe.com\/pl_pl\/#\/schema\/logo\/image\/","url":"https:\/\/armyppe.com\/wp-content\/uploads\/2022\/10\/Group-5.png","contentUrl":"https:\/\/armyppe.com\/wp-content\/uploads\/2022\/10\/Group-5.png","width":262,"height":308,"caption":"ArmyPPE"},"image":{"@id":"https:\/\/armyppe.com\/pl_pl\/#\/schema\/logo\/image\/"}}]}},"_links":{"self":[{"href":"https:\/\/armyppe.com\/pl_pl\/wp-json\/wp\/v2\/product\/377","targetHints":{"allow":["GET"]}}],"collection":[{"href":"https:\/\/armyppe.com\/pl_pl\/wp-json\/wp\/v2\/product"}],"about":[{"href":"https:\/\/armyppe.com\/pl_pl\/wp-json\/wp\/v2\/types\/product"}],"replies":[{"embeddable":true,"href":"https:\/\/armyppe.com\/pl_pl\/wp-json\/wp\/v2\/comments?post=377"}],"wp:featuredmedia":[{"embeddable":true,"href":"https:\/\/armyppe.com\/pl_pl\/wp-json\/wp\/v2\/media\/1130"}],"wp:attachment":[{"href":"https:\/\/armyppe.com\/pl_pl\/wp-json\/wp\/v2\/media?parent=377"}],"wp:term":[{"taxonomy":"product_cat","embeddable":true,"href":"https:\/\/armyppe.com\/pl_pl\/wp-json\/wp\/v2\/product_cat?post=377"},{"taxonomy":"product_tag","embeddable":true,"href":"https:\/\/armyppe.com\/pl_pl\/wp-json\/wp\/v2\/product_tag?post=377"}],"curies":[{"name":"wp","href":"https:\/\/api.w.org\/{rel}","templated":true}]}}