{"id":372,"date":"2022-11-01T00:07:20","date_gmt":"2022-10-31T23:07:20","guid":{"rendered":"https:\/\/armyppe.com\/?post_type=product&#038;p=372"},"modified":"2025-08-30T10:23:14","modified_gmt":"2025-08-30T08:23:14","slug":"dozymetr-licznik-geigera-fs2011","status":"publish","type":"product","link":"https:\/\/armyppe.com\/pl_pl\/sklep\/dozymetr-licznik-geigera-fs2011\/","title":{"rendered":"Dozymetr\/ Licznik Geigera FS2011"},"content":{"rendered":"<h2>Jak dzia\u0142a licznik Geigera i dlaczego warto mie\u0107 go w swoim ekwipunku?<\/h2>\n<p>Licznik Geigera to niewielkie, ale niezwykle istotne urz\u0105dzenie, kt\u00f3re w przypadku kontaktu z promieniowaniem jonizuj\u0105cym mo\u017ce uratowa\u0107 zdrowie, a nawet \u017cycie. Urz\u0105dzenie wykrywa cz\u0105stki promieniotw\u00f3rcze \u2013 g\u0142\u00f3wnie typu alfa, beta i gamma \u2013 kt\u00f3re oddzia\u0142uj\u0105 z gazem znajduj\u0105cym si\u0119 wewn\u0105trz tuby detekcyjnej. W wyniku tej interakcji powstaj\u0105 kr\u00f3tkie impulsy elektryczne, kt\u00f3re s\u0105 zliczane i przekszta\u0142cane w czytelny wynik wy\u015bwietlany na ekranie LCD. Dzi\u0119ki temu u\u017cytkownik mo\u017ce w czasie rzeczywistym kontrolowa\u0107 poziom promieniowania w otoczeniu.<\/p>\n<p>W praktyce oznacza to, \u017ce licznik Geigera \u2013 taki jak model FS2011 \u2013 umo\u017cliwia szybkie wykrycie niebezpiecznych dawek promieniowania, zanim stanie si\u0119 ono zagro\u017ceniem dla organizmu. Co wi\u0119cej, urz\u0105dzenie wykonuje pomiary skumulowanej dawki promieniowania, co pozwala oszacowa\u0107 ca\u0142kowit\u0105 ekspozycj\u0119 na przestrzeni czasu.<\/p>\n<h3>Dlaczego licznik Geigera to wa\u017cny element ekwipunku?<\/h3>\n<p>Promieniowanie jest niewidoczne i bezwonne, \u00f3w problem identyfikowany jest zwykle w momencie, w kt\u00f3rym pojawiaj\u0105 si\u0119 objawy zatrucia. Licznik Geigera umo\u017cliwia wcze\u015bniejsze wykrycie i podj\u0119cie odpowiednich krok\u00f3w.<\/p>\n<p>Kolejne zalety FS2011 to:<\/p>\n<ul>\n<li>prosta obs\u0142uga,<\/li>\n<li>mo\u017cliwo\u015b\u0107 ustawiania alarm\u00f3w,<\/li>\n<li>zapis danych nawet po wy\u0142\u0105czeniu.<\/li>\n<\/ul>\n<p>Kompaktowy rozmiar i zasilanie na baterie sprawiaj\u0105, \u017ce to niezast\u0105pione narz\u0119dzie w ka\u017cdych warunkach terenowych.<\/p>\n<p>Opisywane urz\u0105dzenie przyda si\u0119 nie tylko profesjonalistom \u2013 ratownikom, s\u0142u\u017cbom mundurowym czy technikom radiologicznym \u2013 ale r\u00f3wnie\u017c pasjonatom survivalu i osobom przebywaj\u0105cym w rejonach o potencjalnie zwi\u0119kszonym ryzyku radiacyjnym Licznik geigera sklep? Zapraszamy na zakupy!<\/p>\n","protected":false},"excerpt":{"rendered":"<h2>Licznik Geigera<\/h2>\n<p>Cechy:<\/p>\n<ul>\n<li>Czytelny i oszcz\u0119dny wy\u015bwietlacz LCD<\/li>\n<li>Funkcja automatycznego przechowywania danych (nawet w przypadku roz\u0142adowania dane zostaj\u0105<br \/>\nzapisane) tym samym mo\u017cemy odczyta\u0107 zakumulowan\u0105 dawk\u0119 przyj\u0119tego w czasie<br \/>\npromieniowania<\/li>\n<li>Manualnie ustawiana warto\u015b\u0107 alarmu promieniowania<\/li>\n<li>Trzy bezpieczne rodzaje alarmu promieniowania: d\u017awi\u0119k, \u015bwiat\u0142o i wibracje<\/li>\n<li>Por\u0119czny, \u0142atwy do przenoszenia i przechowywania<\/li>\n<li>Trzy jednostki pomiarowe: uSv\/h, uGy\/h, mR\/h<\/li>\n<\/ul>\n<p>Dane techniczne:<\/p>\n<p>Materia\u0142: tworzywo sztuczne<br \/>\nWykrywanie promieni: X, Y, \u03b2<br \/>\nDawka promieniowania: 0.00 ~ 1000usv\/h (10msv\/h)<br \/>\nSkumulowany odpowiednik dawki: 0,00usv ~ 500,0msv<br \/>\nZakresy energii: 48keV ~ 1,5mev \u2264 \u00b1 30% (dla 137cs-)<br \/>\nJ\u0119zyk: angielski<br \/>\nCzu\u0142o\u015b\u0107: 80CPM\/uSv (dla Co-60)<br \/>\nManualnie ustawiany alarm dawkowania: 0.5, 1.0, 1.5, 2.0, 2.5, 5.0, 10.0, 50.0, 100.0 \u03bcSv\/h do<br \/>\ndyspozycji.<br \/>\nManualnie ustawiany alarm dla skumulowanej dawki promieniowania: 0.05, 0.5, 1.0, 1.5, 2.0, 5.0,<br \/>\n10.0, 20.0, 50.0, 100.0 m Sv do dyspozycji.<br \/>\nZasilanie: 2 x bateria AA (brak w zestawie)<br \/>\nTemperatura pracy: -10 \u2103 &#8211; +45 \u2103<\/p>\n","protected":false},"featured_media":481,"comment_status":"open","ping_status":"closed","template":"","meta":[],"product_cat":[22],"product_tag":[],"class_list":{"0":"post-372","1":"product","2":"type-product","3":"status-publish","4":"has-post-thumbnail","6":"product_cat-ochrona-przeciwradiacyjna-biologiczna-i-chemiczna","8":"first","9":"instock","10":"shipping-taxable","11":"purchasable","12":"product-type-simple","13":"customify-col","14":"product-has-gallery"},"yoast_head":"<!-- This site is optimized with the Yoast SEO plugin v23.3 - https:\/\/yoast.com\/wordpress\/plugins\/seo\/ -->\n<title>Dozymetr\/ Licznik Geigera FS2011 - ArmyPPE<\/title>\n<meta name=\"robots\" content=\"index, follow, max-snippet:-1, max-image-preview:large, max-video-preview:-1\" \/>\n<link rel=\"canonical\" href=\"https:\/\/armyppe.com\/pl_pl\/sklep\/dozymetr-licznik-geigera-fs2011\/\" \/>\n<meta property=\"og:locale\" content=\"pl_PL\" \/>\n<meta property=\"og:type\" content=\"article\" \/>\n<meta property=\"og:title\" content=\"Dozymetr\/ Licznik Geigera FS2011 - ArmyPPE\" \/>\n<meta property=\"og:description\" content=\"Licznik Geigera Cechy:   Czytelny i oszcz\u0119dny wy\u015bwietlacz LCD  Funkcja automatycznego przechowywania danych (nawet w przypadku roz\u0142adowania dane zostaj\u0105 zapisane) tym samym mo\u017cemy odczyta\u0107 zakumulowan\u0105 dawk\u0119 przyj\u0119tego w czasie promieniowania  Manualnie ustawiana warto\u015b\u0107 alarmu promieniowania  Trzy bezpieczne rodzaje alarmu promieniowania: d\u017awi\u0119k, \u015bwiat\u0142o i wibracje  Por\u0119czny, \u0142atwy do przenoszenia i przechowywania  Trzy jednostki pomiarowe: uSv\/h, uGy\/h, mR\/h  Dane techniczne:  Materia\u0142: tworzywo sztuczne Wykrywanie promieni: X, Y, \u03b2 Dawka promieniowania: 0.00 ~ 1000usv\/h (10msv\/h) Skumulowany odpowiednik dawki: 0,00usv ~ 500,0msv Zakresy energii: 48keV ~ 1,5mev \u2264 \u00b1 30% (dla 137cs-) J\u0119zyk: angielski Czu\u0142o\u015b\u0107: 80CPM\/uSv (dla Co-60) Manualnie ustawiany alarm dawkowania: 0.5, 1.0, 1.5, 2.0, 2.5, 5.0, 10.0, 50.0, 100.0 \u03bcSv\/h do dyspozycji. Manualnie ustawiany alarm dla skumulowanej dawki promieniowania: 0.05, 0.5, 1.0, 1.5, 2.0, 5.0, 10.0, 20.0, 50.0, 100.0 m Sv do dyspozycji. Zasilanie: 2 x bateria AA (brak w zestawie) Temperatura pracy: -10 \u2103 - +45 \u2103\" \/>\n<meta property=\"og:url\" content=\"https:\/\/armyppe.com\/pl_pl\/sklep\/dozymetr-licznik-geigera-fs2011\/\" \/>\n<meta property=\"og:site_name\" content=\"ArmyPPE\" \/>\n<meta property=\"article:modified_time\" content=\"2025-08-30T08:23:14+00:00\" \/>\n<meta property=\"og:image\" content=\"https:\/\/armyppe.com\/wp-content\/uploads\/2022\/11\/123-scaled.jpg\" \/>\n\t<meta property=\"og:image:width\" content=\"1920\" \/>\n\t<meta property=\"og:image:height\" content=\"2560\" \/>\n\t<meta property=\"og:image:type\" content=\"image\/jpeg\" \/>\n<meta name=\"twitter:card\" content=\"summary_large_image\" \/>\n<script type=\"application\/ld+json\" class=\"yoast-schema-graph\">{\"@context\":\"https:\/\/schema.org\",\"@graph\":[{\"@type\":\"WebPage\",\"@id\":\"https:\/\/armyppe.com\/sklep\/dozymetr-licznik-geigera-fs2011\/\",\"url\":\"https:\/\/armyppe.com\/sklep\/dozymetr-licznik-geigera-fs2011\/\",\"name\":\"Dozymetr\/ Licznik Geigera FS2011 - ArmyPPE\",\"isPartOf\":{\"@id\":\"https:\/\/armyppe.com\/pl_pl\/#website\"},\"primaryImageOfPage\":{\"@id\":\"https:\/\/armyppe.com\/sklep\/dozymetr-licznik-geigera-fs2011\/#primaryimage\"},\"image\":{\"@id\":\"https:\/\/armyppe.com\/sklep\/dozymetr-licznik-geigera-fs2011\/#primaryimage\"},\"thumbnailUrl\":\"https:\/\/armyppe.com\/wp-content\/uploads\/2022\/11\/123-scaled.jpg\",\"datePublished\":\"2022-10-31T23:07:20+00:00\",\"dateModified\":\"2025-08-30T08:23:14+00:00\",\"breadcrumb\":{\"@id\":\"https:\/\/armyppe.com\/sklep\/dozymetr-licznik-geigera-fs2011\/#breadcrumb\"},\"inLanguage\":\"pl-PL\",\"potentialAction\":[{\"@type\":\"ReadAction\",\"target\":[\"https:\/\/armyppe.com\/sklep\/dozymetr-licznik-geigera-fs2011\/\"]}]},{\"@type\":\"ImageObject\",\"inLanguage\":\"pl-PL\",\"@id\":\"https:\/\/armyppe.com\/sklep\/dozymetr-licznik-geigera-fs2011\/#primaryimage\",\"url\":\"https:\/\/armyppe.com\/wp-content\/uploads\/2022\/11\/123-scaled.jpg\",\"contentUrl\":\"https:\/\/armyppe.com\/wp-content\/uploads\/2022\/11\/123-scaled.jpg\",\"width\":1920,\"height\":2560},{\"@type\":\"BreadcrumbList\",\"@id\":\"https:\/\/armyppe.com\/sklep\/dozymetr-licznik-geigera-fs2011\/#breadcrumb\",\"itemListElement\":[{\"@type\":\"ListItem\",\"position\":1,\"name\":\"Strona g\u0142\u00f3wna\",\"item\":\"https:\/\/armyppe.com\/pl_pl\/\"},{\"@type\":\"ListItem\",\"position\":2,\"name\":\"Sklep\",\"item\":\"https:\/\/armyppe.com\/pl_pl\/sklep\/\"},{\"@type\":\"ListItem\",\"position\":3,\"name\":\"Dozymetr\/ Licznik Geigera FS2011\"}]},{\"@type\":\"WebSite\",\"@id\":\"https:\/\/armyppe.com\/pl_pl\/#website\",\"url\":\"https:\/\/armyppe.com\/pl_pl\/\",\"name\":\"ArmyPPE\",\"description\":\"\",\"publisher\":{\"@id\":\"https:\/\/armyppe.com\/pl_pl\/#organization\"},\"potentialAction\":[{\"@type\":\"SearchAction\",\"target\":{\"@type\":\"EntryPoint\",\"urlTemplate\":\"https:\/\/armyppe.com\/pl_pl\/?s={search_term_string}\"},\"query-input\":\"required name=search_term_string\"}],\"inLanguage\":\"pl-PL\"},{\"@type\":\"Organization\",\"@id\":\"https:\/\/armyppe.com\/pl_pl\/#organization\",\"name\":\"ArmyPPE\",\"url\":\"https:\/\/armyppe.com\/pl_pl\/\",\"logo\":{\"@type\":\"ImageObject\",\"inLanguage\":\"pl-PL\",\"@id\":\"https:\/\/armyppe.com\/pl_pl\/#\/schema\/logo\/image\/\",\"url\":\"https:\/\/armyppe.com\/wp-content\/uploads\/2022\/10\/Group-5.png\",\"contentUrl\":\"https:\/\/armyppe.com\/wp-content\/uploads\/2022\/10\/Group-5.png\",\"width\":262,\"height\":308,\"caption\":\"ArmyPPE\"},\"image\":{\"@id\":\"https:\/\/armyppe.com\/pl_pl\/#\/schema\/logo\/image\/\"}}]}<\/script>\n<!-- \/ Yoast SEO plugin. -->","yoast_head_json":{"title":"Dozymetr\/ Licznik Geigera FS2011 - ArmyPPE","robots":{"index":"index","follow":"follow","max-snippet":"max-snippet:-1","max-image-preview":"max-image-preview:large","max-video-preview":"max-video-preview:-1"},"canonical":"https:\/\/armyppe.com\/pl_pl\/sklep\/dozymetr-licznik-geigera-fs2011\/","og_locale":"pl_PL","og_type":"article","og_title":"Dozymetr\/ Licznik Geigera FS2011 - ArmyPPE","og_description":"Licznik Geigera Cechy:   Czytelny i oszcz\u0119dny wy\u015bwietlacz LCD  Funkcja automatycznego przechowywania danych (nawet w przypadku roz\u0142adowania dane zostaj\u0105 zapisane) tym samym mo\u017cemy odczyta\u0107 zakumulowan\u0105 dawk\u0119 przyj\u0119tego w czasie promieniowania  Manualnie ustawiana warto\u015b\u0107 alarmu promieniowania  Trzy bezpieczne rodzaje alarmu promieniowania: d\u017awi\u0119k, \u015bwiat\u0142o i wibracje  Por\u0119czny, \u0142atwy do przenoszenia i przechowywania  Trzy jednostki pomiarowe: uSv\/h, uGy\/h, mR\/h  Dane techniczne:  Materia\u0142: tworzywo sztuczne Wykrywanie promieni: X, Y, \u03b2 Dawka promieniowania: 0.00 ~ 1000usv\/h (10msv\/h) Skumulowany odpowiednik dawki: 0,00usv ~ 500,0msv Zakresy energii: 48keV ~ 1,5mev \u2264 \u00b1 30% (dla 137cs-) J\u0119zyk: angielski Czu\u0142o\u015b\u0107: 80CPM\/uSv (dla Co-60) Manualnie ustawiany alarm dawkowania: 0.5, 1.0, 1.5, 2.0, 2.5, 5.0, 10.0, 50.0, 100.0 \u03bcSv\/h do dyspozycji. Manualnie ustawiany alarm dla skumulowanej dawki promieniowania: 0.05, 0.5, 1.0, 1.5, 2.0, 5.0, 10.0, 20.0, 50.0, 100.0 m Sv do dyspozycji. Zasilanie: 2 x bateria AA (brak w zestawie) Temperatura pracy: -10 \u2103 - +45 \u2103","og_url":"https:\/\/armyppe.com\/pl_pl\/sklep\/dozymetr-licznik-geigera-fs2011\/","og_site_name":"ArmyPPE","article_modified_time":"2025-08-30T08:23:14+00:00","og_image":[{"width":1920,"height":2560,"url":"https:\/\/armyppe.com\/wp-content\/uploads\/2022\/11\/123-scaled.jpg","type":"image\/jpeg"}],"twitter_card":"summary_large_image","schema":{"@context":"https:\/\/schema.org","@graph":[{"@type":"WebPage","@id":"https:\/\/armyppe.com\/sklep\/dozymetr-licznik-geigera-fs2011\/","url":"https:\/\/armyppe.com\/sklep\/dozymetr-licznik-geigera-fs2011\/","name":"Dozymetr\/ Licznik Geigera FS2011 - ArmyPPE","isPartOf":{"@id":"https:\/\/armyppe.com\/pl_pl\/#website"},"primaryImageOfPage":{"@id":"https:\/\/armyppe.com\/sklep\/dozymetr-licznik-geigera-fs2011\/#primaryimage"},"image":{"@id":"https:\/\/armyppe.com\/sklep\/dozymetr-licznik-geigera-fs2011\/#primaryimage"},"thumbnailUrl":"https:\/\/armyppe.com\/wp-content\/uploads\/2022\/11\/123-scaled.jpg","datePublished":"2022-10-31T23:07:20+00:00","dateModified":"2025-08-30T08:23:14+00:00","breadcrumb":{"@id":"https:\/\/armyppe.com\/sklep\/dozymetr-licznik-geigera-fs2011\/#breadcrumb"},"inLanguage":"pl-PL","potentialAction":[{"@type":"ReadAction","target":["https:\/\/armyppe.com\/sklep\/dozymetr-licznik-geigera-fs2011\/"]}]},{"@type":"ImageObject","inLanguage":"pl-PL","@id":"https:\/\/armyppe.com\/sklep\/dozymetr-licznik-geigera-fs2011\/#primaryimage","url":"https:\/\/armyppe.com\/wp-content\/uploads\/2022\/11\/123-scaled.jpg","contentUrl":"https:\/\/armyppe.com\/wp-content\/uploads\/2022\/11\/123-scaled.jpg","width":1920,"height":2560},{"@type":"BreadcrumbList","@id":"https:\/\/armyppe.com\/sklep\/dozymetr-licznik-geigera-fs2011\/#breadcrumb","itemListElement":[{"@type":"ListItem","position":1,"name":"Strona g\u0142\u00f3wna","item":"https:\/\/armyppe.com\/pl_pl\/"},{"@type":"ListItem","position":2,"name":"Sklep","item":"https:\/\/armyppe.com\/pl_pl\/sklep\/"},{"@type":"ListItem","position":3,"name":"Dozymetr\/ Licznik Geigera FS2011"}]},{"@type":"WebSite","@id":"https:\/\/armyppe.com\/pl_pl\/#website","url":"https:\/\/armyppe.com\/pl_pl\/","name":"ArmyPPE","description":"","publisher":{"@id":"https:\/\/armyppe.com\/pl_pl\/#organization"},"potentialAction":[{"@type":"SearchAction","target":{"@type":"EntryPoint","urlTemplate":"https:\/\/armyppe.com\/pl_pl\/?s={search_term_string}"},"query-input":"required name=search_term_string"}],"inLanguage":"pl-PL"},{"@type":"Organization","@id":"https:\/\/armyppe.com\/pl_pl\/#organization","name":"ArmyPPE","url":"https:\/\/armyppe.com\/pl_pl\/","logo":{"@type":"ImageObject","inLanguage":"pl-PL","@id":"https:\/\/armyppe.com\/pl_pl\/#\/schema\/logo\/image\/","url":"https:\/\/armyppe.com\/wp-content\/uploads\/2022\/10\/Group-5.png","contentUrl":"https:\/\/armyppe.com\/wp-content\/uploads\/2022\/10\/Group-5.png","width":262,"height":308,"caption":"ArmyPPE"},"image":{"@id":"https:\/\/armyppe.com\/pl_pl\/#\/schema\/logo\/image\/"}}]}},"_links":{"self":[{"href":"https:\/\/armyppe.com\/pl_pl\/wp-json\/wp\/v2\/product\/372","targetHints":{"allow":["GET"]}}],"collection":[{"href":"https:\/\/armyppe.com\/pl_pl\/wp-json\/wp\/v2\/product"}],"about":[{"href":"https:\/\/armyppe.com\/pl_pl\/wp-json\/wp\/v2\/types\/product"}],"replies":[{"embeddable":true,"href":"https:\/\/armyppe.com\/pl_pl\/wp-json\/wp\/v2\/comments?post=372"}],"wp:featuredmedia":[{"embeddable":true,"href":"https:\/\/armyppe.com\/pl_pl\/wp-json\/wp\/v2\/media\/481"}],"wp:attachment":[{"href":"https:\/\/armyppe.com\/pl_pl\/wp-json\/wp\/v2\/media?parent=372"}],"wp:term":[{"taxonomy":"product_cat","embeddable":true,"href":"https:\/\/armyppe.com\/pl_pl\/wp-json\/wp\/v2\/product_cat?post=372"},{"taxonomy":"product_tag","embeddable":true,"href":"https:\/\/armyppe.com\/pl_pl\/wp-json\/wp\/v2\/product_tag?post=372"}],"curies":[{"name":"wp","href":"https:\/\/api.w.org\/{rel}","templated":true}]}}