{"id":360,"date":"2022-10-31T23:50:26","date_gmt":"2022-10-31T22:50:26","guid":{"rendered":"https:\/\/armyppe.com\/?post_type=product&#038;p=360"},"modified":"2025-02-15T13:47:30","modified_gmt":"2025-02-15T12:47:30","slug":"wklad-klasy-iv","status":"publish","type":"product","link":"https:\/\/armyppe.com\/pl_pl\/sklep\/wklad-klasy-iv\/","title":{"rendered":"Wk\u0142ad klasy IV"},"content":{"rendered":"<p><iframe title=\"BulletProof PPE, p\u0142yta balistyczna, wk\u0142ad kuloodporny klasy IV\" width=\"843\" height=\"474\" data-src=\"https:\/\/www.youtube.com\/embed\/1ntrZ9WMbTI?feature=oembed\" frameborder=\"0\" allow=\"accelerometer; autoplay; clipboard-write; encrypted-media; gyroscope; picture-in-picture; web-share\" referrerpolicy=\"strict-origin-when-cross-origin\" allowfullscreen src=\"data:image\/gif;base64,R0lGODlhAQABAAAAACH5BAEKAAEALAAAAAABAAEAAAICTAEAOw==\" class=\"lazyload\" data-load-mode=\"1\"><\/iframe><\/p>\n<p>&nbsp;<\/p>\n<p>&nbsp;<\/p>\n","protected":false},"excerpt":{"rendered":"<p>Klasa IV to odpowiednik: Polskiej normy K5 i Ukrai\u0144skiej klasy 6.<\/p>\n<p>Wk\u0142ad klasy IV wykonany z ceramiki (Alumina) oraz HMPE (Polietylenu o ultra wysokiej g\u0119sto\u015bci cz\u0105steczkowej).<\/p>\n<p>P\u0142yty przesz\u0142y rygorystyczne testy balistyczne oraz s\u0105 certyfikowane zar\u00f3wno przez NIJ jak i Ukrai\u0144ski Urz\u0105d certyfikuj\u0105cy, wszystkie certyfikaty dost\u0119pne s\u0105 w zak\u0142adce &#8222;Certyfikaty&#8221;.<\/p>\n<p>Najwy\u017csza klasa ochrony przewidywana w normie NIJ. P\u0142yty tej klasy zatrzymuj\u0105 wszystkie<br \/>\npociski kalibr\u00f3w b\u0119d\u0105cych na wyposa\u017ceniu Armii. Nawet te z rdzeniem penetruj\u0105cym tzn z<br \/>\nrdzeniem \u017celaznym. Zatrzymuj\u0105 te\u017c pociski kalibru:<\/p>\n<ul>\n<li>7,62&#215;51 pe\u0142nop\u0142aszcz z rdzeniem stalowym\/ penetruj\u0105cym<\/li>\n<li>7,62&#215;54 SWD pe\u0142nop\u0142aszcz z rdzeniem stalowym\/ penetruj\u0105cym<\/li>\n<li>3006SPR pe\u0142nop\u0142aszcz z rdzeniem stalowym\/ penetruj\u0105cym<\/li>\n<\/ul>\n<p>Stanowi\u0105 one najwy\u017csz\u0105 ochron\u0119 jednak s\u0105 najdro\u017csze oraz wa\u017c\u0105 2,9kg \u2013 1 szt.<br \/>\nWaga: 2,9kg<br \/>\nWymiary: 25&#215;30(10\u201dx12\u201d)x2,2cm<\/p>\n<p>Materia\u0142: Al + HMPE<\/p>\n<p>Gwarancja: 15 lat od z\u0142o\u017cenia zam\u00f3wienia<br \/>\nProducent: BulletProof PPE LLC, Wilmington Delaware USA<\/p>\n<p><strong>W przypadku zakupu powy\u017cej 10szt, prosimy o kontakt mailowy do wyceny<\/strong><\/p>\n<p>&nbsp;<\/p>\n<p><span style=\"font-size: 10px;\">*Produkt mo\u017ce r\u00f3\u017cni\u0107 si\u0119 nieznacznie od zdj\u0119cia, zdj\u0119cia maj\u0105 charakter pogl\u0105dowy<\/span><\/p>\n","protected":false},"featured_media":1384,"comment_status":"open","ping_status":"closed","template":"","meta":[],"product_cat":[36,21],"product_tag":[],"class_list":{"0":"post-360","1":"product","2":"type-product","3":"status-publish","4":"has-post-thumbnail","6":"product_cat-bestsellery-nowosci","7":"product_cat-plyty-wklady","9":"first","10":"instock","11":"shipping-taxable","12":"purchasable","13":"product-type-simple","14":"customify-col","15":"product-has-gallery"},"yoast_head":"<!-- This site is optimized with the Yoast SEO plugin v23.3 - https:\/\/yoast.com\/wordpress\/plugins\/seo\/ -->\n<title>Wk\u0142ad klasy IV - ArmyPPE<\/title>\n<meta name=\"description\" content=\"P\u0142yta balistyczna klasy IV zg. znorm\u0105 NIJ 0101.06, najwy\u017csza klasa ochrony. Zatrzymuje praktycznie wszystkie pociski b\u0119d\u0105ce na wyposa\u017ceniu armii.\" \/>\n<meta name=\"robots\" content=\"index, follow, max-snippet:-1, max-image-preview:large, max-video-preview:-1\" \/>\n<link rel=\"canonical\" href=\"https:\/\/armyppe.com\/pl_pl\/sklep\/wklad-klasy-iv\/\" \/>\n<meta property=\"og:locale\" content=\"pl_PL\" \/>\n<meta property=\"og:type\" content=\"article\" \/>\n<meta property=\"og:title\" content=\"Wk\u0142ad klasy IV - ArmyPPE\" \/>\n<meta property=\"og:description\" content=\"P\u0142yta balistyczna klasy IV zg. znorm\u0105 NIJ 0101.06, najwy\u017csza klasa ochrony. Zatrzymuje praktycznie wszystkie pociski b\u0119d\u0105ce na wyposa\u017ceniu armii.\" \/>\n<meta property=\"og:url\" content=\"https:\/\/armyppe.com\/pl_pl\/sklep\/wklad-klasy-iv\/\" \/>\n<meta property=\"og:site_name\" content=\"ArmyPPE\" \/>\n<meta property=\"article:modified_time\" content=\"2025-02-15T12:47:30+00:00\" \/>\n<meta property=\"og:image\" content=\"https:\/\/armyppe.com\/wp-content\/uploads\/2022\/10\/ARPP-1-1-scaled.jpg\" \/>\n\t<meta property=\"og:image:width\" content=\"1707\" \/>\n\t<meta property=\"og:image:height\" content=\"2560\" \/>\n\t<meta property=\"og:image:type\" content=\"image\/jpeg\" \/>\n<meta name=\"twitter:card\" content=\"summary_large_image\" \/>\n<meta name=\"twitter:label1\" content=\"Szacowany czas czytania\" \/>\n\t<meta name=\"twitter:data1\" content=\"1 minuta\" \/>\n<script type=\"application\/ld+json\" class=\"yoast-schema-graph\">{\"@context\":\"https:\/\/schema.org\",\"@graph\":[{\"@type\":\"WebPage\",\"@id\":\"https:\/\/armyppe.com\/pl_pl\/sklep\/wklad-klasy-iv\/\",\"url\":\"https:\/\/armyppe.com\/pl_pl\/sklep\/wklad-klasy-iv\/\",\"name\":\"Wk\u0142ad klasy IV - ArmyPPE\",\"isPartOf\":{\"@id\":\"https:\/\/armyppe.com\/pl_pl\/#website\"},\"primaryImageOfPage\":{\"@id\":\"https:\/\/armyppe.com\/pl_pl\/sklep\/wklad-klasy-iv\/#primaryimage\"},\"image\":{\"@id\":\"https:\/\/armyppe.com\/pl_pl\/sklep\/wklad-klasy-iv\/#primaryimage\"},\"thumbnailUrl\":\"https:\/\/armyppe.com\/wp-content\/uploads\/2022\/10\/ARPP-1-1-scaled.jpg\",\"datePublished\":\"2022-10-31T22:50:26+00:00\",\"dateModified\":\"2025-02-15T12:47:30+00:00\",\"description\":\"P\u0142yta balistyczna klasy IV zg. znorm\u0105 NIJ 0101.06, najwy\u017csza klasa ochrony. Zatrzymuje praktycznie wszystkie pociski b\u0119d\u0105ce na wyposa\u017ceniu armii.\",\"breadcrumb\":{\"@id\":\"https:\/\/armyppe.com\/pl_pl\/sklep\/wklad-klasy-iv\/#breadcrumb\"},\"inLanguage\":\"pl-PL\",\"potentialAction\":[{\"@type\":\"ReadAction\",\"target\":[\"https:\/\/armyppe.com\/pl_pl\/sklep\/wklad-klasy-iv\/\"]}]},{\"@type\":\"ImageObject\",\"inLanguage\":\"pl-PL\",\"@id\":\"https:\/\/armyppe.com\/pl_pl\/sklep\/wklad-klasy-iv\/#primaryimage\",\"url\":\"https:\/\/armyppe.com\/wp-content\/uploads\/2022\/10\/ARPP-1-1-scaled.jpg\",\"contentUrl\":\"https:\/\/armyppe.com\/wp-content\/uploads\/2022\/10\/ARPP-1-1-scaled.jpg\",\"width\":1707,\"height\":2560},{\"@type\":\"BreadcrumbList\",\"@id\":\"https:\/\/armyppe.com\/pl_pl\/sklep\/wklad-klasy-iv\/#breadcrumb\",\"itemListElement\":[{\"@type\":\"ListItem\",\"position\":1,\"name\":\"Strona g\u0142\u00f3wna\",\"item\":\"https:\/\/armyppe.com\/pl_pl\/\"},{\"@type\":\"ListItem\",\"position\":2,\"name\":\"Sklep\",\"item\":\"https:\/\/armyppe.com\/pl_pl\/sklep\/\"},{\"@type\":\"ListItem\",\"position\":3,\"name\":\"Wk\u0142ad klasy IV\"}]},{\"@type\":\"WebSite\",\"@id\":\"https:\/\/armyppe.com\/pl_pl\/#website\",\"url\":\"https:\/\/armyppe.com\/pl_pl\/\",\"name\":\"ArmyPPE\",\"description\":\"\",\"publisher\":{\"@id\":\"https:\/\/armyppe.com\/pl_pl\/#organization\"},\"potentialAction\":[{\"@type\":\"SearchAction\",\"target\":{\"@type\":\"EntryPoint\",\"urlTemplate\":\"https:\/\/armyppe.com\/pl_pl\/?s={search_term_string}\"},\"query-input\":\"required name=search_term_string\"}],\"inLanguage\":\"pl-PL\"},{\"@type\":\"Organization\",\"@id\":\"https:\/\/armyppe.com\/pl_pl\/#organization\",\"name\":\"ArmyPPE\",\"url\":\"https:\/\/armyppe.com\/pl_pl\/\",\"logo\":{\"@type\":\"ImageObject\",\"inLanguage\":\"pl-PL\",\"@id\":\"https:\/\/armyppe.com\/pl_pl\/#\/schema\/logo\/image\/\",\"url\":\"https:\/\/armyppe.com\/wp-content\/uploads\/2022\/10\/Group-5.png\",\"contentUrl\":\"https:\/\/armyppe.com\/wp-content\/uploads\/2022\/10\/Group-5.png\",\"width\":262,\"height\":308,\"caption\":\"ArmyPPE\"},\"image\":{\"@id\":\"https:\/\/armyppe.com\/pl_pl\/#\/schema\/logo\/image\/\"}}]}<\/script>\n<!-- \/ Yoast SEO plugin. -->","yoast_head_json":{"title":"Wk\u0142ad klasy IV - ArmyPPE","description":"P\u0142yta balistyczna klasy IV zg. znorm\u0105 NIJ 0101.06, najwy\u017csza klasa ochrony. Zatrzymuje praktycznie wszystkie pociski b\u0119d\u0105ce na wyposa\u017ceniu armii.","robots":{"index":"index","follow":"follow","max-snippet":"max-snippet:-1","max-image-preview":"max-image-preview:large","max-video-preview":"max-video-preview:-1"},"canonical":"https:\/\/armyppe.com\/pl_pl\/sklep\/wklad-klasy-iv\/","og_locale":"pl_PL","og_type":"article","og_title":"Wk\u0142ad klasy IV - ArmyPPE","og_description":"P\u0142yta balistyczna klasy IV zg. znorm\u0105 NIJ 0101.06, najwy\u017csza klasa ochrony. Zatrzymuje praktycznie wszystkie pociski b\u0119d\u0105ce na wyposa\u017ceniu armii.","og_url":"https:\/\/armyppe.com\/pl_pl\/sklep\/wklad-klasy-iv\/","og_site_name":"ArmyPPE","article_modified_time":"2025-02-15T12:47:30+00:00","og_image":[{"width":1707,"height":2560,"url":"https:\/\/armyppe.com\/wp-content\/uploads\/2022\/10\/ARPP-1-1-scaled.jpg","type":"image\/jpeg"}],"twitter_card":"summary_large_image","twitter_misc":{"Szacowany czas czytania":"1 minuta"},"schema":{"@context":"https:\/\/schema.org","@graph":[{"@type":"WebPage","@id":"https:\/\/armyppe.com\/pl_pl\/sklep\/wklad-klasy-iv\/","url":"https:\/\/armyppe.com\/pl_pl\/sklep\/wklad-klasy-iv\/","name":"Wk\u0142ad klasy IV - ArmyPPE","isPartOf":{"@id":"https:\/\/armyppe.com\/pl_pl\/#website"},"primaryImageOfPage":{"@id":"https:\/\/armyppe.com\/pl_pl\/sklep\/wklad-klasy-iv\/#primaryimage"},"image":{"@id":"https:\/\/armyppe.com\/pl_pl\/sklep\/wklad-klasy-iv\/#primaryimage"},"thumbnailUrl":"https:\/\/armyppe.com\/wp-content\/uploads\/2022\/10\/ARPP-1-1-scaled.jpg","datePublished":"2022-10-31T22:50:26+00:00","dateModified":"2025-02-15T12:47:30+00:00","description":"P\u0142yta balistyczna klasy IV zg. znorm\u0105 NIJ 0101.06, najwy\u017csza klasa ochrony. Zatrzymuje praktycznie wszystkie pociski b\u0119d\u0105ce na wyposa\u017ceniu armii.","breadcrumb":{"@id":"https:\/\/armyppe.com\/pl_pl\/sklep\/wklad-klasy-iv\/#breadcrumb"},"inLanguage":"pl-PL","potentialAction":[{"@type":"ReadAction","target":["https:\/\/armyppe.com\/pl_pl\/sklep\/wklad-klasy-iv\/"]}]},{"@type":"ImageObject","inLanguage":"pl-PL","@id":"https:\/\/armyppe.com\/pl_pl\/sklep\/wklad-klasy-iv\/#primaryimage","url":"https:\/\/armyppe.com\/wp-content\/uploads\/2022\/10\/ARPP-1-1-scaled.jpg","contentUrl":"https:\/\/armyppe.com\/wp-content\/uploads\/2022\/10\/ARPP-1-1-scaled.jpg","width":1707,"height":2560},{"@type":"BreadcrumbList","@id":"https:\/\/armyppe.com\/pl_pl\/sklep\/wklad-klasy-iv\/#breadcrumb","itemListElement":[{"@type":"ListItem","position":1,"name":"Strona g\u0142\u00f3wna","item":"https:\/\/armyppe.com\/pl_pl\/"},{"@type":"ListItem","position":2,"name":"Sklep","item":"https:\/\/armyppe.com\/pl_pl\/sklep\/"},{"@type":"ListItem","position":3,"name":"Wk\u0142ad klasy IV"}]},{"@type":"WebSite","@id":"https:\/\/armyppe.com\/pl_pl\/#website","url":"https:\/\/armyppe.com\/pl_pl\/","name":"ArmyPPE","description":"","publisher":{"@id":"https:\/\/armyppe.com\/pl_pl\/#organization"},"potentialAction":[{"@type":"SearchAction","target":{"@type":"EntryPoint","urlTemplate":"https:\/\/armyppe.com\/pl_pl\/?s={search_term_string}"},"query-input":"required name=search_term_string"}],"inLanguage":"pl-PL"},{"@type":"Organization","@id":"https:\/\/armyppe.com\/pl_pl\/#organization","name":"ArmyPPE","url":"https:\/\/armyppe.com\/pl_pl\/","logo":{"@type":"ImageObject","inLanguage":"pl-PL","@id":"https:\/\/armyppe.com\/pl_pl\/#\/schema\/logo\/image\/","url":"https:\/\/armyppe.com\/wp-content\/uploads\/2022\/10\/Group-5.png","contentUrl":"https:\/\/armyppe.com\/wp-content\/uploads\/2022\/10\/Group-5.png","width":262,"height":308,"caption":"ArmyPPE"},"image":{"@id":"https:\/\/armyppe.com\/pl_pl\/#\/schema\/logo\/image\/"}}]}},"_links":{"self":[{"href":"https:\/\/armyppe.com\/pl_pl\/wp-json\/wp\/v2\/product\/360","targetHints":{"allow":["GET"]}}],"collection":[{"href":"https:\/\/armyppe.com\/pl_pl\/wp-json\/wp\/v2\/product"}],"about":[{"href":"https:\/\/armyppe.com\/pl_pl\/wp-json\/wp\/v2\/types\/product"}],"replies":[{"embeddable":true,"href":"https:\/\/armyppe.com\/pl_pl\/wp-json\/wp\/v2\/comments?post=360"}],"wp:featuredmedia":[{"embeddable":true,"href":"https:\/\/armyppe.com\/pl_pl\/wp-json\/wp\/v2\/media\/1384"}],"wp:attachment":[{"href":"https:\/\/armyppe.com\/pl_pl\/wp-json\/wp\/v2\/media?parent=360"}],"wp:term":[{"taxonomy":"product_cat","embeddable":true,"href":"https:\/\/armyppe.com\/pl_pl\/wp-json\/wp\/v2\/product_cat?post=360"},{"taxonomy":"product_tag","embeddable":true,"href":"https:\/\/armyppe.com\/pl_pl\/wp-json\/wp\/v2\/product_tag?post=360"}],"curies":[{"name":"wp","href":"https:\/\/api.w.org\/{rel}","templated":true}]}}