{"id":359,"date":"2022-10-31T23:49:06","date_gmt":"2022-10-31T22:49:06","guid":{"rendered":"https:\/\/armyppe.com\/?post_type=product&#038;p=359"},"modified":"2025-03-28T11:47:17","modified_gmt":"2025-03-28T10:47:17","slug":"wklad-klasy-iii","status":"publish","type":"product","link":"https:\/\/armyppe.com\/pl_pl\/sklep\/wklad-klasy-iii\/","title":{"rendered":"Wk\u0142ad klasy III"},"content":{"rendered":"<p><iframe title=\"BulletProof PPE, p\u0142yta balistyczna, wk\u0142ad balistyczny kuloodporny, klasy III\" width=\"843\" height=\"474\" data-src=\"https:\/\/www.youtube.com\/embed\/ji9RE_XP_AU?feature=oembed&#038;enablejsapi=1&#038;origin=https:\/\/armyppe.com\" frameborder=\"0\" allow=\"accelerometer; autoplay; clipboard-write; encrypted-media; gyroscope; picture-in-picture; web-share\" referrerpolicy=\"strict-origin-when-cross-origin\" allowfullscreen src=\"data:image\/gif;base64,R0lGODlhAQABAAAAACH5BAEKAAEALAAAAAABAAEAAAICTAEAOw==\" class=\"lazyload\" data-load-mode=\"1\"><\/iframe><\/p>\n<p>&nbsp;<\/p>\n<p>&nbsp;<\/p>\n","protected":false},"excerpt":{"rendered":"<p>Klasa III to odpowiednik: polskiej K3\/O3 i Ukrai\u0144skiej klasy 4.<\/p>\n<p>P\u0142yty tej klasy zatrzymuj\u0105 praktycznie wszystkie pociski kalibr\u00f3w b\u0119d\u0105cych na wyposa\u017ceniu Armii.<br \/>\nP\u0142yty\/ Wk\u0142ady tej klasy s\u0105 kompromisem pomi\u0119dzy mobilno\u015bci\u0105 (waga tylko 1,3kg) a ochron\u0105.<br \/>\nPami\u0119taj\u0105c i\u017c zatrzymuje nawet 6 pocisk\u00f3w kalibru 7,62&#215;51 NATO (energia kinetyczna oko\u0142o<br \/>\n3500J \u2013 2 razy taka jak ka\u0142asznikow) czy .30 06SPR, p\u0142yta stanowi bardzo dobr\u0105 ochron\u0119. Idealna<br \/>\ndla my\u015bliwych czy s\u0142u\u017cb cywilnych.<br \/>\nWaga: 1,3kg<br \/>\nWymiary: 25&#215;30(10\u201dx12\u201d)x2,2cm<\/p>\n<p>Materia\u0142: HMPE<\/p>\n<p>Gwarancja: 15lat od z\u0142o\u017cenia zam\u00f3wienia<\/p>\n<p>Producent: BulletProof PPE LLC, Wilmington Delaware USA<\/p>\n<p>P\u0142yty przesz\u0142y rygorystyczne testy balistyczne oraz s\u0105 certyfikowane przez NIJ, wszystkie certyfikaty dost\u0119pne s\u0105 w zak\u0142adce &#8222;Certyfikaty&#8221;.<\/p>\n<p><strong>W przypadku zakupu powy\u017cej 10szt, prosimy o kontakt mailowy do wyceny<\/strong><\/p>\n<p>&nbsp;<\/p>\n<p><span style=\"font-size: 10px;\">*Produkt mo\u017ce r\u00f3\u017cni\u0107 si\u0119 nieznacznie od zdj\u0119cia, zdj\u0119cia maj\u0105 charakter pogl\u0105dowy<\/span><\/p>\n","protected":false},"featured_media":1434,"comment_status":"open","ping_status":"closed","template":"","meta":[],"product_cat":[36,21],"product_tag":[],"class_list":{"0":"post-359","1":"product","2":"type-product","3":"status-publish","4":"has-post-thumbnail","6":"product_cat-bestsellery-nowosci","7":"product_cat-plyty-wklady","9":"first","10":"instock","11":"shipping-taxable","12":"purchasable","13":"product-type-simple","14":"customify-col","15":"product-has-gallery"},"yoast_head":"<!-- This site is optimized with the Yoast SEO plugin v23.3 - https:\/\/yoast.com\/wordpress\/plugins\/seo\/ -->\n<title>Wk\u0142ad klasy III - ArmyPPE<\/title>\n<meta name=\"description\" content=\"Wk\u0142ad balistyczny klasy III zg. z norm\u0105 NIJ 0101.06. Wk\u0142ad przeznaczony do ochrony przed wszystkim kalibrami broni d\u0142ugiej.\" \/>\n<meta name=\"robots\" content=\"index, follow, max-snippet:-1, max-image-preview:large, max-video-preview:-1\" \/>\n<link rel=\"canonical\" href=\"https:\/\/armyppe.com\/pl_pl\/sklep\/wklad-klasy-iii\/\" \/>\n<meta property=\"og:locale\" content=\"pl_PL\" \/>\n<meta property=\"og:type\" content=\"article\" \/>\n<meta property=\"og:title\" content=\"Wk\u0142ad klasy III - ArmyPPE\" \/>\n<meta property=\"og:description\" content=\"Wk\u0142ad balistyczny klasy III zg. z norm\u0105 NIJ 0101.06. Wk\u0142ad przeznaczony do ochrony przed wszystkim kalibrami broni d\u0142ugiej.\" \/>\n<meta property=\"og:url\" content=\"https:\/\/armyppe.com\/pl_pl\/sklep\/wklad-klasy-iii\/\" \/>\n<meta property=\"og:site_name\" content=\"ArmyPPE\" \/>\n<meta property=\"article:modified_time\" content=\"2025-03-28T10:47:17+00:00\" \/>\n<meta property=\"og:image\" content=\"https:\/\/armyppe.com\/wp-content\/uploads\/2022\/10\/ARPP-34-1-scaled.jpg\" \/>\n\t<meta property=\"og:image:width\" content=\"2560\" \/>\n\t<meta property=\"og:image:height\" content=\"1707\" \/>\n\t<meta property=\"og:image:type\" content=\"image\/jpeg\" \/>\n<meta name=\"twitter:card\" content=\"summary_large_image\" \/>\n<meta name=\"twitter:label1\" content=\"Szacowany czas czytania\" \/>\n\t<meta name=\"twitter:data1\" content=\"1 minuta\" \/>\n<script type=\"application\/ld+json\" class=\"yoast-schema-graph\">{\"@context\":\"https:\/\/schema.org\",\"@graph\":[{\"@type\":\"WebPage\",\"@id\":\"https:\/\/armyppe.com\/pl_pl\/sklep\/wklad-klasy-iii\/\",\"url\":\"https:\/\/armyppe.com\/pl_pl\/sklep\/wklad-klasy-iii\/\",\"name\":\"Wk\u0142ad klasy III - ArmyPPE\",\"isPartOf\":{\"@id\":\"https:\/\/armyppe.com\/pl_pl\/#website\"},\"primaryImageOfPage\":{\"@id\":\"https:\/\/armyppe.com\/pl_pl\/sklep\/wklad-klasy-iii\/#primaryimage\"},\"image\":{\"@id\":\"https:\/\/armyppe.com\/pl_pl\/sklep\/wklad-klasy-iii\/#primaryimage\"},\"thumbnailUrl\":\"https:\/\/armyppe.com\/wp-content\/uploads\/2022\/10\/ARPP-34-1-scaled.jpg\",\"datePublished\":\"2022-10-31T22:49:06+00:00\",\"dateModified\":\"2025-03-28T10:47:17+00:00\",\"description\":\"Wk\u0142ad balistyczny klasy III zg. z norm\u0105 NIJ 0101.06. Wk\u0142ad przeznaczony do ochrony przed wszystkim kalibrami broni d\u0142ugiej.\",\"breadcrumb\":{\"@id\":\"https:\/\/armyppe.com\/pl_pl\/sklep\/wklad-klasy-iii\/#breadcrumb\"},\"inLanguage\":\"pl-PL\",\"potentialAction\":[{\"@type\":\"ReadAction\",\"target\":[\"https:\/\/armyppe.com\/pl_pl\/sklep\/wklad-klasy-iii\/\"]}]},{\"@type\":\"ImageObject\",\"inLanguage\":\"pl-PL\",\"@id\":\"https:\/\/armyppe.com\/pl_pl\/sklep\/wklad-klasy-iii\/#primaryimage\",\"url\":\"https:\/\/armyppe.com\/wp-content\/uploads\/2022\/10\/ARPP-34-1-scaled.jpg\",\"contentUrl\":\"https:\/\/armyppe.com\/wp-content\/uploads\/2022\/10\/ARPP-34-1-scaled.jpg\",\"width\":2560,\"height\":1707},{\"@type\":\"BreadcrumbList\",\"@id\":\"https:\/\/armyppe.com\/pl_pl\/sklep\/wklad-klasy-iii\/#breadcrumb\",\"itemListElement\":[{\"@type\":\"ListItem\",\"position\":1,\"name\":\"Strona g\u0142\u00f3wna\",\"item\":\"https:\/\/armyppe.com\/pl_pl\/\"},{\"@type\":\"ListItem\",\"position\":2,\"name\":\"Sklep\",\"item\":\"https:\/\/armyppe.com\/pl_pl\/sklep\/\"},{\"@type\":\"ListItem\",\"position\":3,\"name\":\"Wk\u0142ad klasy III\"}]},{\"@type\":\"WebSite\",\"@id\":\"https:\/\/armyppe.com\/pl_pl\/#website\",\"url\":\"https:\/\/armyppe.com\/pl_pl\/\",\"name\":\"ArmyPPE\",\"description\":\"\",\"publisher\":{\"@id\":\"https:\/\/armyppe.com\/pl_pl\/#organization\"},\"potentialAction\":[{\"@type\":\"SearchAction\",\"target\":{\"@type\":\"EntryPoint\",\"urlTemplate\":\"https:\/\/armyppe.com\/pl_pl\/?s={search_term_string}\"},\"query-input\":\"required name=search_term_string\"}],\"inLanguage\":\"pl-PL\"},{\"@type\":\"Organization\",\"@id\":\"https:\/\/armyppe.com\/pl_pl\/#organization\",\"name\":\"ArmyPPE\",\"url\":\"https:\/\/armyppe.com\/pl_pl\/\",\"logo\":{\"@type\":\"ImageObject\",\"inLanguage\":\"pl-PL\",\"@id\":\"https:\/\/armyppe.com\/pl_pl\/#\/schema\/logo\/image\/\",\"url\":\"https:\/\/armyppe.com\/wp-content\/uploads\/2022\/10\/Group-5.png\",\"contentUrl\":\"https:\/\/armyppe.com\/wp-content\/uploads\/2022\/10\/Group-5.png\",\"width\":262,\"height\":308,\"caption\":\"ArmyPPE\"},\"image\":{\"@id\":\"https:\/\/armyppe.com\/pl_pl\/#\/schema\/logo\/image\/\"}}]}<\/script>\n<!-- \/ Yoast SEO plugin. -->","yoast_head_json":{"title":"Wk\u0142ad klasy III - ArmyPPE","description":"Wk\u0142ad balistyczny klasy III zg. z norm\u0105 NIJ 0101.06. Wk\u0142ad przeznaczony do ochrony przed wszystkim kalibrami broni d\u0142ugiej.","robots":{"index":"index","follow":"follow","max-snippet":"max-snippet:-1","max-image-preview":"max-image-preview:large","max-video-preview":"max-video-preview:-1"},"canonical":"https:\/\/armyppe.com\/pl_pl\/sklep\/wklad-klasy-iii\/","og_locale":"pl_PL","og_type":"article","og_title":"Wk\u0142ad klasy III - ArmyPPE","og_description":"Wk\u0142ad balistyczny klasy III zg. z norm\u0105 NIJ 0101.06. Wk\u0142ad przeznaczony do ochrony przed wszystkim kalibrami broni d\u0142ugiej.","og_url":"https:\/\/armyppe.com\/pl_pl\/sklep\/wklad-klasy-iii\/","og_site_name":"ArmyPPE","article_modified_time":"2025-03-28T10:47:17+00:00","og_image":[{"width":2560,"height":1707,"url":"https:\/\/armyppe.com\/wp-content\/uploads\/2022\/10\/ARPP-34-1-scaled.jpg","type":"image\/jpeg"}],"twitter_card":"summary_large_image","twitter_misc":{"Szacowany czas czytania":"1 minuta"},"schema":{"@context":"https:\/\/schema.org","@graph":[{"@type":"WebPage","@id":"https:\/\/armyppe.com\/pl_pl\/sklep\/wklad-klasy-iii\/","url":"https:\/\/armyppe.com\/pl_pl\/sklep\/wklad-klasy-iii\/","name":"Wk\u0142ad klasy III - ArmyPPE","isPartOf":{"@id":"https:\/\/armyppe.com\/pl_pl\/#website"},"primaryImageOfPage":{"@id":"https:\/\/armyppe.com\/pl_pl\/sklep\/wklad-klasy-iii\/#primaryimage"},"image":{"@id":"https:\/\/armyppe.com\/pl_pl\/sklep\/wklad-klasy-iii\/#primaryimage"},"thumbnailUrl":"https:\/\/armyppe.com\/wp-content\/uploads\/2022\/10\/ARPP-34-1-scaled.jpg","datePublished":"2022-10-31T22:49:06+00:00","dateModified":"2025-03-28T10:47:17+00:00","description":"Wk\u0142ad balistyczny klasy III zg. z norm\u0105 NIJ 0101.06. Wk\u0142ad przeznaczony do ochrony przed wszystkim kalibrami broni d\u0142ugiej.","breadcrumb":{"@id":"https:\/\/armyppe.com\/pl_pl\/sklep\/wklad-klasy-iii\/#breadcrumb"},"inLanguage":"pl-PL","potentialAction":[{"@type":"ReadAction","target":["https:\/\/armyppe.com\/pl_pl\/sklep\/wklad-klasy-iii\/"]}]},{"@type":"ImageObject","inLanguage":"pl-PL","@id":"https:\/\/armyppe.com\/pl_pl\/sklep\/wklad-klasy-iii\/#primaryimage","url":"https:\/\/armyppe.com\/wp-content\/uploads\/2022\/10\/ARPP-34-1-scaled.jpg","contentUrl":"https:\/\/armyppe.com\/wp-content\/uploads\/2022\/10\/ARPP-34-1-scaled.jpg","width":2560,"height":1707},{"@type":"BreadcrumbList","@id":"https:\/\/armyppe.com\/pl_pl\/sklep\/wklad-klasy-iii\/#breadcrumb","itemListElement":[{"@type":"ListItem","position":1,"name":"Strona g\u0142\u00f3wna","item":"https:\/\/armyppe.com\/pl_pl\/"},{"@type":"ListItem","position":2,"name":"Sklep","item":"https:\/\/armyppe.com\/pl_pl\/sklep\/"},{"@type":"ListItem","position":3,"name":"Wk\u0142ad klasy III"}]},{"@type":"WebSite","@id":"https:\/\/armyppe.com\/pl_pl\/#website","url":"https:\/\/armyppe.com\/pl_pl\/","name":"ArmyPPE","description":"","publisher":{"@id":"https:\/\/armyppe.com\/pl_pl\/#organization"},"potentialAction":[{"@type":"SearchAction","target":{"@type":"EntryPoint","urlTemplate":"https:\/\/armyppe.com\/pl_pl\/?s={search_term_string}"},"query-input":"required name=search_term_string"}],"inLanguage":"pl-PL"},{"@type":"Organization","@id":"https:\/\/armyppe.com\/pl_pl\/#organization","name":"ArmyPPE","url":"https:\/\/armyppe.com\/pl_pl\/","logo":{"@type":"ImageObject","inLanguage":"pl-PL","@id":"https:\/\/armyppe.com\/pl_pl\/#\/schema\/logo\/image\/","url":"https:\/\/armyppe.com\/wp-content\/uploads\/2022\/10\/Group-5.png","contentUrl":"https:\/\/armyppe.com\/wp-content\/uploads\/2022\/10\/Group-5.png","width":262,"height":308,"caption":"ArmyPPE"},"image":{"@id":"https:\/\/armyppe.com\/pl_pl\/#\/schema\/logo\/image\/"}}]}},"_links":{"self":[{"href":"https:\/\/armyppe.com\/pl_pl\/wp-json\/wp\/v2\/product\/359","targetHints":{"allow":["GET"]}}],"collection":[{"href":"https:\/\/armyppe.com\/pl_pl\/wp-json\/wp\/v2\/product"}],"about":[{"href":"https:\/\/armyppe.com\/pl_pl\/wp-json\/wp\/v2\/types\/product"}],"replies":[{"embeddable":true,"href":"https:\/\/armyppe.com\/pl_pl\/wp-json\/wp\/v2\/comments?post=359"}],"wp:featuredmedia":[{"embeddable":true,"href":"https:\/\/armyppe.com\/pl_pl\/wp-json\/wp\/v2\/media\/1434"}],"wp:attachment":[{"href":"https:\/\/armyppe.com\/pl_pl\/wp-json\/wp\/v2\/media?parent=359"}],"wp:term":[{"taxonomy":"product_cat","embeddable":true,"href":"https:\/\/armyppe.com\/pl_pl\/wp-json\/wp\/v2\/product_cat?post=359"},{"taxonomy":"product_tag","embeddable":true,"href":"https:\/\/armyppe.com\/pl_pl\/wp-json\/wp\/v2\/product_tag?post=359"}],"curies":[{"name":"wp","href":"https:\/\/api.w.org\/{rel}","templated":true}]}}