{"id":357,"date":"2022-10-31T23:44:23","date_gmt":"2022-10-31T22:44:23","guid":{"rendered":"https:\/\/armyppe.com\/?post_type=product&#038;p=357"},"modified":"2024-08-19T19:42:14","modified_gmt":"2024-08-19T17:42:14","slug":"wendy-iiia-0106-01","status":"publish","type":"product","link":"https:\/\/armyppe.com\/pl_pl\/sklep\/wendy-iiia-0106-01\/","title":{"rendered":"He\u0142m typu: ACH, model: ACH Gen.II, IIIA extended"},"content":{"rendered":"<p><iframe title=\"BulletProof PPE, He\u0142m balistyczny, he\u0142m wojskowy kuloodporny klasy IIIA test.\" width=\"843\" height=\"474\" data-src=\"https:\/\/www.youtube.com\/embed\/nBsG-paQEtA?feature=oembed\" frameborder=\"0\" allow=\"accelerometer; autoplay; clipboard-write; encrypted-media; gyroscope; picture-in-picture; web-share\" referrerpolicy=\"strict-origin-when-cross-origin\" allowfullscreen src=\"data:image\/gif;base64,R0lGODlhAQABAAAAACH5BAEKAAEALAAAAAABAAEAAAICTAEAOw==\" class=\"lazyload\" data-load-mode=\"1\"><\/iframe><\/p>\n<p>&nbsp;<\/p>\n<p>&nbsp;<\/p>\n","protected":false},"excerpt":{"rendered":"<p>Klasa IIIA to odpowiednik: Polskiej K2\/O3 i Ukrai\u0144skiej 3<\/p>\n<p>Jest to he\u0142m typu ACH, II generacji<\/p>\n<p>Najnowszy design r\u00f3\u017cni si\u0119 od Generacji I (Fast):<br \/>\n1. Za\u0142amanie czaszy he\u0142mu, lepiej zakrzywia trajektori\u0119 uderzenia pocisku, tym samym<br \/>\nzmniejszaj\u0105c energie kinetyczn\u0105 uderzenia.<br \/>\n2. Czasza jest p\u0142ytsza i przez to he\u0142m jest l\u017cejszy od Gen.I o 150g<br \/>\n3. Zosta\u0142 wyposa\u017cony w wy\u015bci\u00f3\u0142k\u0119 Wendy style z dodatkowymi poduchami, lepsza amortyzacja<br \/>\npodczas uderzenia<br \/>\n4. Regulacja pokr\u0119t\u0142em BOA<br \/>\n5. Bardziej ergonomiczny kszta\u0142t<br \/>\n6. Ni\u017csza czasza i obrys he\u0142mu.<br \/>\nWaga: 1,4kg<br \/>\nRozmiar: M\/L\/XL, 52 \u2013 62cm<\/p>\n<p>Materia\u0142: HMPE<\/p>\n<p>Dost\u0119pne kolory: Black (czarny), Olive (zielony) i Coyote (piaskowy).<\/p>\n<p>He\u0142my przesz\u0142y rygorystyczne testy balistyczne oraz s\u0105 certyfikowane przez NIJ, wszystkie certyfikaty dost\u0119pne s\u0105 w zak\u0142adce &#8222;Certyfikaty&#8221;.<\/p>\n<p>Gwarancja: 15lat od z\u0142o\u017cenia zam\u00f3wienia<br \/>\nProducent: BulletProof PPE LLC, Wilmington Delaware USA<\/p>\n<p>Test na strzelnicy zosta\u0142 przeprowadzony na he\u0142mie typu: ACH Gen.I, jednak ka\u017cdy he\u0142m wykonany jest z<br \/>\ntego samego materia\u0142u i w tej samej technologii, r\u00f3\u017cni si\u0119 tylko wzorem.<\/p>\n<p><strong>W przypadku zakupu powy\u017cej 10szt, prosimy o kontakt mailowy do wyceny<\/strong><\/p>\n<p>*Prosimy o rozwa\u017cne zakupy, produkt na zam\u00f3wienie NIE podlega zwrotowi<\/p>\n<p>&nbsp;<\/p>\n<p><span style=\"font-size: 10px;\">*Produkt mo\u017ce r\u00f3\u017cni\u0107 si\u0119 nieznacznie od zdj\u0119cia, zdj\u0119cia maj\u0105 charakter pogl\u0105dowy<\/span><\/p>\n","protected":false},"featured_media":1439,"comment_status":"open","ping_status":"closed","template":"","meta":[],"product_cat":[36,19],"product_tag":[],"class_list":{"0":"post-357","1":"product","2":"type-product","3":"status-publish","4":"has-post-thumbnail","6":"product_cat-bestsellery-nowosci","7":"product_cat-helmy","9":"first","10":"instock","11":"shipping-taxable","12":"purchasable","13":"product-type-simple","14":"customify-col","15":"product-has-gallery"},"yoast_head":"<!-- This site is optimized with the Yoast SEO plugin v23.3 - https:\/\/yoast.com\/wordpress\/plugins\/seo\/ -->\n<title>Balistyczny he\u0142m ochronny | He\u0142m typu: ACH, model: ACH Gen.II, IIIA extended<\/title>\n<meta name=\"description\" content=\"Balistyczny he\u0142m ochronny typu ACH Gen.II Klasa IIIA zosta\u0142 wyposa\u017cony w wy\u015bci\u00f3\u0142k\u0119 z dodatkowymi poduchami, lepsza amortyzacja podczas uderzenia.\" \/>\n<meta name=\"robots\" content=\"index, follow, max-snippet:-1, max-image-preview:large, max-video-preview:-1\" \/>\n<link rel=\"canonical\" href=\"https:\/\/armyppe.com\/pl_pl\/sklep\/wendy-iiia-0106-01\/\" \/>\n<meta property=\"og:locale\" content=\"pl_PL\" \/>\n<meta property=\"og:type\" content=\"article\" \/>\n<meta property=\"og:title\" content=\"Balistyczny he\u0142m ochronny | He\u0142m typu: ACH, model: ACH Gen.II, IIIA extended\" \/>\n<meta property=\"og:description\" content=\"Balistyczny he\u0142m ochronny typu ACH Gen.II Klasa IIIA zosta\u0142 wyposa\u017cony w wy\u015bci\u00f3\u0142k\u0119 z dodatkowymi poduchami, lepsza amortyzacja podczas uderzenia.\" \/>\n<meta property=\"og:url\" content=\"https:\/\/armyppe.com\/pl_pl\/sklep\/wendy-iiia-0106-01\/\" \/>\n<meta property=\"og:site_name\" content=\"ArmyPPE\" \/>\n<meta property=\"article:modified_time\" content=\"2024-08-19T17:42:14+00:00\" \/>\n<meta property=\"og:image\" content=\"https:\/\/armyppe.com\/wp-content\/uploads\/2022\/10\/ARPP-124-scaled.jpg\" \/>\n\t<meta property=\"og:image:width\" content=\"2560\" \/>\n\t<meta property=\"og:image:height\" content=\"1707\" \/>\n\t<meta property=\"og:image:type\" content=\"image\/jpeg\" \/>\n<meta name=\"twitter:card\" content=\"summary_large_image\" \/>\n<meta name=\"twitter:label1\" content=\"Szacowany czas czytania\" \/>\n\t<meta name=\"twitter:data1\" content=\"1 minuta\" \/>\n<script type=\"application\/ld+json\" class=\"yoast-schema-graph\">{\"@context\":\"https:\/\/schema.org\",\"@graph\":[{\"@type\":\"WebPage\",\"@id\":\"https:\/\/armyppe.com\/pl_pl\/sklep\/wendy-iiia-0106-01\/\",\"url\":\"https:\/\/armyppe.com\/pl_pl\/sklep\/wendy-iiia-0106-01\/\",\"name\":\"Balistyczny he\u0142m ochronny | He\u0142m typu: ACH, model: ACH Gen.II, IIIA extended\",\"isPartOf\":{\"@id\":\"https:\/\/armyppe.com\/pl_pl\/#website\"},\"primaryImageOfPage\":{\"@id\":\"https:\/\/armyppe.com\/pl_pl\/sklep\/wendy-iiia-0106-01\/#primaryimage\"},\"image\":{\"@id\":\"https:\/\/armyppe.com\/pl_pl\/sklep\/wendy-iiia-0106-01\/#primaryimage\"},\"thumbnailUrl\":\"https:\/\/armyppe.com\/wp-content\/uploads\/2022\/10\/ARPP-124-scaled.jpg\",\"datePublished\":\"2022-10-31T22:44:23+00:00\",\"dateModified\":\"2024-08-19T17:42:14+00:00\",\"description\":\"Balistyczny he\u0142m ochronny typu ACH Gen.II Klasa IIIA zosta\u0142 wyposa\u017cony w wy\u015bci\u00f3\u0142k\u0119 z dodatkowymi poduchami, lepsza amortyzacja podczas uderzenia.\",\"breadcrumb\":{\"@id\":\"https:\/\/armyppe.com\/pl_pl\/sklep\/wendy-iiia-0106-01\/#breadcrumb\"},\"inLanguage\":\"pl-PL\",\"potentialAction\":[{\"@type\":\"ReadAction\",\"target\":[\"https:\/\/armyppe.com\/pl_pl\/sklep\/wendy-iiia-0106-01\/\"]}]},{\"@type\":\"ImageObject\",\"inLanguage\":\"pl-PL\",\"@id\":\"https:\/\/armyppe.com\/pl_pl\/sklep\/wendy-iiia-0106-01\/#primaryimage\",\"url\":\"https:\/\/armyppe.com\/wp-content\/uploads\/2022\/10\/ARPP-124-scaled.jpg\",\"contentUrl\":\"https:\/\/armyppe.com\/wp-content\/uploads\/2022\/10\/ARPP-124-scaled.jpg\",\"width\":2560,\"height\":1707},{\"@type\":\"BreadcrumbList\",\"@id\":\"https:\/\/armyppe.com\/pl_pl\/sklep\/wendy-iiia-0106-01\/#breadcrumb\",\"itemListElement\":[{\"@type\":\"ListItem\",\"position\":1,\"name\":\"Strona g\u0142\u00f3wna\",\"item\":\"https:\/\/armyppe.com\/pl_pl\/\"},{\"@type\":\"ListItem\",\"position\":2,\"name\":\"Sklep\",\"item\":\"https:\/\/armyppe.com\/pl_pl\/sklep\/\"},{\"@type\":\"ListItem\",\"position\":3,\"name\":\"He\u0142m typu: ACH, model: ACH Gen.II, IIIA extended\"}]},{\"@type\":\"WebSite\",\"@id\":\"https:\/\/armyppe.com\/pl_pl\/#website\",\"url\":\"https:\/\/armyppe.com\/pl_pl\/\",\"name\":\"ArmyPPE\",\"description\":\"\",\"publisher\":{\"@id\":\"https:\/\/armyppe.com\/pl_pl\/#organization\"},\"potentialAction\":[{\"@type\":\"SearchAction\",\"target\":{\"@type\":\"EntryPoint\",\"urlTemplate\":\"https:\/\/armyppe.com\/pl_pl\/?s={search_term_string}\"},\"query-input\":\"required name=search_term_string\"}],\"inLanguage\":\"pl-PL\"},{\"@type\":\"Organization\",\"@id\":\"https:\/\/armyppe.com\/pl_pl\/#organization\",\"name\":\"ArmyPPE\",\"url\":\"https:\/\/armyppe.com\/pl_pl\/\",\"logo\":{\"@type\":\"ImageObject\",\"inLanguage\":\"pl-PL\",\"@id\":\"https:\/\/armyppe.com\/pl_pl\/#\/schema\/logo\/image\/\",\"url\":\"https:\/\/armyppe.com\/wp-content\/uploads\/2022\/10\/Group-5.png\",\"contentUrl\":\"https:\/\/armyppe.com\/wp-content\/uploads\/2022\/10\/Group-5.png\",\"width\":262,\"height\":308,\"caption\":\"ArmyPPE\"},\"image\":{\"@id\":\"https:\/\/armyppe.com\/pl_pl\/#\/schema\/logo\/image\/\"}}]}<\/script>\n<!-- \/ Yoast SEO plugin. -->","yoast_head_json":{"title":"Balistyczny he\u0142m ochronny | He\u0142m typu: ACH, model: ACH Gen.II, IIIA extended","description":"Balistyczny he\u0142m ochronny typu ACH Gen.II Klasa IIIA zosta\u0142 wyposa\u017cony w wy\u015bci\u00f3\u0142k\u0119 z dodatkowymi poduchami, lepsza amortyzacja podczas uderzenia.","robots":{"index":"index","follow":"follow","max-snippet":"max-snippet:-1","max-image-preview":"max-image-preview:large","max-video-preview":"max-video-preview:-1"},"canonical":"https:\/\/armyppe.com\/pl_pl\/sklep\/wendy-iiia-0106-01\/","og_locale":"pl_PL","og_type":"article","og_title":"Balistyczny he\u0142m ochronny | He\u0142m typu: ACH, model: ACH Gen.II, IIIA extended","og_description":"Balistyczny he\u0142m ochronny typu ACH Gen.II Klasa IIIA zosta\u0142 wyposa\u017cony w wy\u015bci\u00f3\u0142k\u0119 z dodatkowymi poduchami, lepsza amortyzacja podczas uderzenia.","og_url":"https:\/\/armyppe.com\/pl_pl\/sklep\/wendy-iiia-0106-01\/","og_site_name":"ArmyPPE","article_modified_time":"2024-08-19T17:42:14+00:00","og_image":[{"width":2560,"height":1707,"url":"https:\/\/armyppe.com\/wp-content\/uploads\/2022\/10\/ARPP-124-scaled.jpg","type":"image\/jpeg"}],"twitter_card":"summary_large_image","twitter_misc":{"Szacowany czas czytania":"1 minuta"},"schema":{"@context":"https:\/\/schema.org","@graph":[{"@type":"WebPage","@id":"https:\/\/armyppe.com\/pl_pl\/sklep\/wendy-iiia-0106-01\/","url":"https:\/\/armyppe.com\/pl_pl\/sklep\/wendy-iiia-0106-01\/","name":"Balistyczny he\u0142m ochronny | He\u0142m typu: ACH, model: ACH Gen.II, IIIA extended","isPartOf":{"@id":"https:\/\/armyppe.com\/pl_pl\/#website"},"primaryImageOfPage":{"@id":"https:\/\/armyppe.com\/pl_pl\/sklep\/wendy-iiia-0106-01\/#primaryimage"},"image":{"@id":"https:\/\/armyppe.com\/pl_pl\/sklep\/wendy-iiia-0106-01\/#primaryimage"},"thumbnailUrl":"https:\/\/armyppe.com\/wp-content\/uploads\/2022\/10\/ARPP-124-scaled.jpg","datePublished":"2022-10-31T22:44:23+00:00","dateModified":"2024-08-19T17:42:14+00:00","description":"Balistyczny he\u0142m ochronny typu ACH Gen.II Klasa IIIA zosta\u0142 wyposa\u017cony w wy\u015bci\u00f3\u0142k\u0119 z dodatkowymi poduchami, lepsza amortyzacja podczas uderzenia.","breadcrumb":{"@id":"https:\/\/armyppe.com\/pl_pl\/sklep\/wendy-iiia-0106-01\/#breadcrumb"},"inLanguage":"pl-PL","potentialAction":[{"@type":"ReadAction","target":["https:\/\/armyppe.com\/pl_pl\/sklep\/wendy-iiia-0106-01\/"]}]},{"@type":"ImageObject","inLanguage":"pl-PL","@id":"https:\/\/armyppe.com\/pl_pl\/sklep\/wendy-iiia-0106-01\/#primaryimage","url":"https:\/\/armyppe.com\/wp-content\/uploads\/2022\/10\/ARPP-124-scaled.jpg","contentUrl":"https:\/\/armyppe.com\/wp-content\/uploads\/2022\/10\/ARPP-124-scaled.jpg","width":2560,"height":1707},{"@type":"BreadcrumbList","@id":"https:\/\/armyppe.com\/pl_pl\/sklep\/wendy-iiia-0106-01\/#breadcrumb","itemListElement":[{"@type":"ListItem","position":1,"name":"Strona g\u0142\u00f3wna","item":"https:\/\/armyppe.com\/pl_pl\/"},{"@type":"ListItem","position":2,"name":"Sklep","item":"https:\/\/armyppe.com\/pl_pl\/sklep\/"},{"@type":"ListItem","position":3,"name":"He\u0142m typu: ACH, model: ACH Gen.II, IIIA extended"}]},{"@type":"WebSite","@id":"https:\/\/armyppe.com\/pl_pl\/#website","url":"https:\/\/armyppe.com\/pl_pl\/","name":"ArmyPPE","description":"","publisher":{"@id":"https:\/\/armyppe.com\/pl_pl\/#organization"},"potentialAction":[{"@type":"SearchAction","target":{"@type":"EntryPoint","urlTemplate":"https:\/\/armyppe.com\/pl_pl\/?s={search_term_string}"},"query-input":"required name=search_term_string"}],"inLanguage":"pl-PL"},{"@type":"Organization","@id":"https:\/\/armyppe.com\/pl_pl\/#organization","name":"ArmyPPE","url":"https:\/\/armyppe.com\/pl_pl\/","logo":{"@type":"ImageObject","inLanguage":"pl-PL","@id":"https:\/\/armyppe.com\/pl_pl\/#\/schema\/logo\/image\/","url":"https:\/\/armyppe.com\/wp-content\/uploads\/2022\/10\/Group-5.png","contentUrl":"https:\/\/armyppe.com\/wp-content\/uploads\/2022\/10\/Group-5.png","width":262,"height":308,"caption":"ArmyPPE"},"image":{"@id":"https:\/\/armyppe.com\/pl_pl\/#\/schema\/logo\/image\/"}}]}},"_links":{"self":[{"href":"https:\/\/armyppe.com\/pl_pl\/wp-json\/wp\/v2\/product\/357","targetHints":{"allow":["GET"]}}],"collection":[{"href":"https:\/\/armyppe.com\/pl_pl\/wp-json\/wp\/v2\/product"}],"about":[{"href":"https:\/\/armyppe.com\/pl_pl\/wp-json\/wp\/v2\/types\/product"}],"replies":[{"embeddable":true,"href":"https:\/\/armyppe.com\/pl_pl\/wp-json\/wp\/v2\/comments?post=357"}],"wp:featuredmedia":[{"embeddable":true,"href":"https:\/\/armyppe.com\/pl_pl\/wp-json\/wp\/v2\/media\/1439"}],"wp:attachment":[{"href":"https:\/\/armyppe.com\/pl_pl\/wp-json\/wp\/v2\/media?parent=357"}],"wp:term":[{"taxonomy":"product_cat","embeddable":true,"href":"https:\/\/armyppe.com\/pl_pl\/wp-json\/wp\/v2\/product_cat?post=357"},{"taxonomy":"product_tag","embeddable":true,"href":"https:\/\/armyppe.com\/pl_pl\/wp-json\/wp\/v2\/product_tag?post=357"}],"curies":[{"name":"wp","href":"https:\/\/api.w.org\/{rel}","templated":true}]}}