{"id":1149,"date":"2024-05-18T10:34:06","date_gmt":"2024-05-18T08:34:06","guid":{"rendered":"https:\/\/armyppe.com\/?post_type=product&#038;p=1149"},"modified":"2024-08-19T19:37:24","modified_gmt":"2024-08-19T17:37:24","slug":"przylbica-balistyczna-do-helmu-bez-szyn-taktycznych","status":"publish","type":"product","link":"https:\/\/armyppe.com\/pl_pl\/sklep\/przylbica-balistyczna-do-helmu-bez-szyn-taktycznych\/","title":{"rendered":"Przy\u0142bica balistyczna do he\u0142mu bez szyn taktycznych"},"content":{"rendered":"<p>Przy\u0142bica balistyczna o klasie kuloodporno\u015bci IIIA zg. z norm\u0105 NIJ 0101.06.<\/p>\n<p>Wykonana z materia\u0142\u00f3w kompozytowych.<\/p>\n<p>Pasuje do he\u0142m\u00f3w nie posiadaj\u0105cych szyny taktyczne, np: PASGT czy MICH<\/p>\n<p><span id=\"tl_8\" data-spm-anchor-id=\"a2g0o.detail.1000023.i1.3a9261b4HE4wdt\">Waga: 1.50kgs(3.31lbs)<\/span><\/p>\n<p><span id=\"tl_9\">Rozmiar: 350mm(L)* 145mm(H)<\/span><\/p>\n<p><span id=\"tl_10\">\u015awietlisto\u015b\u0107: 83.9%<\/span><\/p>\n<p>Producent: BulletProof PPE LLC, USA<\/p>\n<p>*Prosimy o rozwa\u017cne zakupy, produkt na zam\u00f3wienie NIE podlega zwrotowi<\/p>\n<p>&nbsp;<\/p>\n<p><span style=\"font-size: 10px;\">*Produkt mo\u017ce r\u00f3\u017cni\u0107 si\u0119 nieznacznie od zdj\u0119cia, zdj\u0119cia maj\u0105 charakter pogl\u0105dowy<\/span><\/p>\n","protected":false},"excerpt":{"rendered":"<p>Przy\u0142bica balistyczna o klasie kuloodporno\u015bci IIIA zg. z norm\u0105 NIJ 0101.06. Wykonana z materia\u0142\u00f3w kompozytowych. Pasuje do he\u0142m\u00f3w nie posiadaj\u0105cych szyny taktyczne, np: PASGT czy&hellip;<\/p>\n","protected":false},"featured_media":1150,"comment_status":"open","ping_status":"closed","template":"","meta":[],"product_cat":[23,19],"product_tag":[],"class_list":{"0":"post-1149","1":"product","2":"type-product","3":"status-publish","4":"has-post-thumbnail","6":"product_cat-akcesoria-balistyczne","7":"product_cat-helmy","9":"first","10":"instock","11":"shipping-taxable","12":"purchasable","13":"product-type-simple","14":"customify-col","15":"product-has-gallery"},"yoast_head":"<!-- This site is optimized with the Yoast SEO plugin v23.3 - https:\/\/yoast.com\/wordpress\/plugins\/seo\/ -->\n<title>Przy\u0142bica balistyczna do he\u0142mu bez szyn taktycznych - ArmyPPE<\/title>\n<meta name=\"description\" content=\"Przy\u0142bica balistyczna o klasie kuloodporno\u015bci IIIA zg. z norm\u0105 NIJ 0101.06. Pasuje do he\u0142m\u00f3w nie posiadaj\u0105cych szyny taktyczne, np: PASGT czy MICH\" \/>\n<meta name=\"robots\" content=\"index, follow, max-snippet:-1, max-image-preview:large, max-video-preview:-1\" \/>\n<link rel=\"canonical\" href=\"https:\/\/armyppe.com\/pl_pl\/sklep\/przylbica-balistyczna-do-helmu-bez-szyn-taktycznych\/\" \/>\n<meta property=\"og:locale\" content=\"pl_PL\" \/>\n<meta property=\"og:type\" content=\"article\" \/>\n<meta property=\"og:title\" content=\"Przy\u0142bica balistyczna do he\u0142mu bez szyn taktycznych - ArmyPPE\" \/>\n<meta property=\"og:description\" content=\"Przy\u0142bica balistyczna o klasie kuloodporno\u015bci IIIA zg. z norm\u0105 NIJ 0101.06. Pasuje do he\u0142m\u00f3w nie posiadaj\u0105cych szyny taktyczne, np: PASGT czy MICH\" \/>\n<meta property=\"og:url\" content=\"https:\/\/armyppe.com\/pl_pl\/sklep\/przylbica-balistyczna-do-helmu-bez-szyn-taktycznych\/\" \/>\n<meta property=\"og:site_name\" content=\"ArmyPPE\" \/>\n<meta property=\"article:modified_time\" content=\"2024-08-19T17:37:24+00:00\" \/>\n<meta property=\"og:image\" content=\"https:\/\/armyppe.com\/wp-content\/uploads\/2024\/05\/1-4.jpg\" \/>\n\t<meta property=\"og:image:width\" content=\"613\" \/>\n\t<meta property=\"og:image:height\" content=\"416\" \/>\n\t<meta property=\"og:image:type\" content=\"image\/jpeg\" \/>\n<meta name=\"twitter:card\" content=\"summary_large_image\" \/>\n<meta name=\"twitter:label1\" content=\"Szacowany czas czytania\" \/>\n\t<meta name=\"twitter:data1\" content=\"1 minuta\" \/>\n<script type=\"application\/ld+json\" class=\"yoast-schema-graph\">{\"@context\":\"https:\/\/schema.org\",\"@graph\":[{\"@type\":\"WebPage\",\"@id\":\"https:\/\/armyppe.com\/sklep\/przylbica-balistyczna-do-helmu-bez-szyn-taktycznych\/\",\"url\":\"https:\/\/armyppe.com\/sklep\/przylbica-balistyczna-do-helmu-bez-szyn-taktycznych\/\",\"name\":\"Przy\u0142bica balistyczna do he\u0142mu bez szyn taktycznych - ArmyPPE\",\"isPartOf\":{\"@id\":\"https:\/\/armyppe.com\/pl_pl\/#website\"},\"primaryImageOfPage\":{\"@id\":\"https:\/\/armyppe.com\/sklep\/przylbica-balistyczna-do-helmu-bez-szyn-taktycznych\/#primaryimage\"},\"image\":{\"@id\":\"https:\/\/armyppe.com\/sklep\/przylbica-balistyczna-do-helmu-bez-szyn-taktycznych\/#primaryimage\"},\"thumbnailUrl\":\"https:\/\/armyppe.com\/wp-content\/uploads\/2024\/05\/1-4.jpg\",\"datePublished\":\"2024-05-18T08:34:06+00:00\",\"dateModified\":\"2024-08-19T17:37:24+00:00\",\"description\":\"Przy\u0142bica balistyczna o klasie kuloodporno\u015bci IIIA zg. z norm\u0105 NIJ 0101.06. Pasuje do he\u0142m\u00f3w nie posiadaj\u0105cych szyny taktyczne, np: PASGT czy MICH\",\"breadcrumb\":{\"@id\":\"https:\/\/armyppe.com\/sklep\/przylbica-balistyczna-do-helmu-bez-szyn-taktycznych\/#breadcrumb\"},\"inLanguage\":\"pl-PL\",\"potentialAction\":[{\"@type\":\"ReadAction\",\"target\":[\"https:\/\/armyppe.com\/sklep\/przylbica-balistyczna-do-helmu-bez-szyn-taktycznych\/\"]}]},{\"@type\":\"ImageObject\",\"inLanguage\":\"pl-PL\",\"@id\":\"https:\/\/armyppe.com\/sklep\/przylbica-balistyczna-do-helmu-bez-szyn-taktycznych\/#primaryimage\",\"url\":\"https:\/\/armyppe.com\/wp-content\/uploads\/2024\/05\/1-4.jpg\",\"contentUrl\":\"https:\/\/armyppe.com\/wp-content\/uploads\/2024\/05\/1-4.jpg\",\"width\":613,\"height\":416},{\"@type\":\"BreadcrumbList\",\"@id\":\"https:\/\/armyppe.com\/sklep\/przylbica-balistyczna-do-helmu-bez-szyn-taktycznych\/#breadcrumb\",\"itemListElement\":[{\"@type\":\"ListItem\",\"position\":1,\"name\":\"Strona g\u0142\u00f3wna\",\"item\":\"https:\/\/armyppe.com\/pl_pl\/\"},{\"@type\":\"ListItem\",\"position\":2,\"name\":\"Sklep\",\"item\":\"https:\/\/armyppe.com\/pl_pl\/sklep\/\"},{\"@type\":\"ListItem\",\"position\":3,\"name\":\"Przy\u0142bica balistyczna do he\u0142mu bez szyn taktycznych\"}]},{\"@type\":\"WebSite\",\"@id\":\"https:\/\/armyppe.com\/pl_pl\/#website\",\"url\":\"https:\/\/armyppe.com\/pl_pl\/\",\"name\":\"ArmyPPE\",\"description\":\"\",\"publisher\":{\"@id\":\"https:\/\/armyppe.com\/pl_pl\/#organization\"},\"potentialAction\":[{\"@type\":\"SearchAction\",\"target\":{\"@type\":\"EntryPoint\",\"urlTemplate\":\"https:\/\/armyppe.com\/pl_pl\/?s={search_term_string}\"},\"query-input\":\"required name=search_term_string\"}],\"inLanguage\":\"pl-PL\"},{\"@type\":\"Organization\",\"@id\":\"https:\/\/armyppe.com\/pl_pl\/#organization\",\"name\":\"ArmyPPE\",\"url\":\"https:\/\/armyppe.com\/pl_pl\/\",\"logo\":{\"@type\":\"ImageObject\",\"inLanguage\":\"pl-PL\",\"@id\":\"https:\/\/armyppe.com\/pl_pl\/#\/schema\/logo\/image\/\",\"url\":\"https:\/\/armyppe.com\/wp-content\/uploads\/2022\/10\/Group-5.png\",\"contentUrl\":\"https:\/\/armyppe.com\/wp-content\/uploads\/2022\/10\/Group-5.png\",\"width\":262,\"height\":308,\"caption\":\"ArmyPPE\"},\"image\":{\"@id\":\"https:\/\/armyppe.com\/pl_pl\/#\/schema\/logo\/image\/\"}}]}<\/script>\n<!-- \/ Yoast SEO plugin. -->","yoast_head_json":{"title":"Przy\u0142bica balistyczna do he\u0142mu bez szyn taktycznych - ArmyPPE","description":"Przy\u0142bica balistyczna o klasie kuloodporno\u015bci IIIA zg. z norm\u0105 NIJ 0101.06. Pasuje do he\u0142m\u00f3w nie posiadaj\u0105cych szyny taktyczne, np: PASGT czy MICH","robots":{"index":"index","follow":"follow","max-snippet":"max-snippet:-1","max-image-preview":"max-image-preview:large","max-video-preview":"max-video-preview:-1"},"canonical":"https:\/\/armyppe.com\/pl_pl\/sklep\/przylbica-balistyczna-do-helmu-bez-szyn-taktycznych\/","og_locale":"pl_PL","og_type":"article","og_title":"Przy\u0142bica balistyczna do he\u0142mu bez szyn taktycznych - ArmyPPE","og_description":"Przy\u0142bica balistyczna o klasie kuloodporno\u015bci IIIA zg. z norm\u0105 NIJ 0101.06. Pasuje do he\u0142m\u00f3w nie posiadaj\u0105cych szyny taktyczne, np: PASGT czy MICH","og_url":"https:\/\/armyppe.com\/pl_pl\/sklep\/przylbica-balistyczna-do-helmu-bez-szyn-taktycznych\/","og_site_name":"ArmyPPE","article_modified_time":"2024-08-19T17:37:24+00:00","og_image":[{"width":613,"height":416,"url":"https:\/\/armyppe.com\/wp-content\/uploads\/2024\/05\/1-4.jpg","type":"image\/jpeg"}],"twitter_card":"summary_large_image","twitter_misc":{"Szacowany czas czytania":"1 minuta"},"schema":{"@context":"https:\/\/schema.org","@graph":[{"@type":"WebPage","@id":"https:\/\/armyppe.com\/sklep\/przylbica-balistyczna-do-helmu-bez-szyn-taktycznych\/","url":"https:\/\/armyppe.com\/sklep\/przylbica-balistyczna-do-helmu-bez-szyn-taktycznych\/","name":"Przy\u0142bica balistyczna do he\u0142mu bez szyn taktycznych - ArmyPPE","isPartOf":{"@id":"https:\/\/armyppe.com\/pl_pl\/#website"},"primaryImageOfPage":{"@id":"https:\/\/armyppe.com\/sklep\/przylbica-balistyczna-do-helmu-bez-szyn-taktycznych\/#primaryimage"},"image":{"@id":"https:\/\/armyppe.com\/sklep\/przylbica-balistyczna-do-helmu-bez-szyn-taktycznych\/#primaryimage"},"thumbnailUrl":"https:\/\/armyppe.com\/wp-content\/uploads\/2024\/05\/1-4.jpg","datePublished":"2024-05-18T08:34:06+00:00","dateModified":"2024-08-19T17:37:24+00:00","description":"Przy\u0142bica balistyczna o klasie kuloodporno\u015bci IIIA zg. z norm\u0105 NIJ 0101.06. Pasuje do he\u0142m\u00f3w nie posiadaj\u0105cych szyny taktyczne, np: PASGT czy MICH","breadcrumb":{"@id":"https:\/\/armyppe.com\/sklep\/przylbica-balistyczna-do-helmu-bez-szyn-taktycznych\/#breadcrumb"},"inLanguage":"pl-PL","potentialAction":[{"@type":"ReadAction","target":["https:\/\/armyppe.com\/sklep\/przylbica-balistyczna-do-helmu-bez-szyn-taktycznych\/"]}]},{"@type":"ImageObject","inLanguage":"pl-PL","@id":"https:\/\/armyppe.com\/sklep\/przylbica-balistyczna-do-helmu-bez-szyn-taktycznych\/#primaryimage","url":"https:\/\/armyppe.com\/wp-content\/uploads\/2024\/05\/1-4.jpg","contentUrl":"https:\/\/armyppe.com\/wp-content\/uploads\/2024\/05\/1-4.jpg","width":613,"height":416},{"@type":"BreadcrumbList","@id":"https:\/\/armyppe.com\/sklep\/przylbica-balistyczna-do-helmu-bez-szyn-taktycznych\/#breadcrumb","itemListElement":[{"@type":"ListItem","position":1,"name":"Strona g\u0142\u00f3wna","item":"https:\/\/armyppe.com\/pl_pl\/"},{"@type":"ListItem","position":2,"name":"Sklep","item":"https:\/\/armyppe.com\/pl_pl\/sklep\/"},{"@type":"ListItem","position":3,"name":"Przy\u0142bica balistyczna do he\u0142mu bez szyn taktycznych"}]},{"@type":"WebSite","@id":"https:\/\/armyppe.com\/pl_pl\/#website","url":"https:\/\/armyppe.com\/pl_pl\/","name":"ArmyPPE","description":"","publisher":{"@id":"https:\/\/armyppe.com\/pl_pl\/#organization"},"potentialAction":[{"@type":"SearchAction","target":{"@type":"EntryPoint","urlTemplate":"https:\/\/armyppe.com\/pl_pl\/?s={search_term_string}"},"query-input":"required name=search_term_string"}],"inLanguage":"pl-PL"},{"@type":"Organization","@id":"https:\/\/armyppe.com\/pl_pl\/#organization","name":"ArmyPPE","url":"https:\/\/armyppe.com\/pl_pl\/","logo":{"@type":"ImageObject","inLanguage":"pl-PL","@id":"https:\/\/armyppe.com\/pl_pl\/#\/schema\/logo\/image\/","url":"https:\/\/armyppe.com\/wp-content\/uploads\/2022\/10\/Group-5.png","contentUrl":"https:\/\/armyppe.com\/wp-content\/uploads\/2022\/10\/Group-5.png","width":262,"height":308,"caption":"ArmyPPE"},"image":{"@id":"https:\/\/armyppe.com\/pl_pl\/#\/schema\/logo\/image\/"}}]}},"_links":{"self":[{"href":"https:\/\/armyppe.com\/pl_pl\/wp-json\/wp\/v2\/product\/1149","targetHints":{"allow":["GET"]}}],"collection":[{"href":"https:\/\/armyppe.com\/pl_pl\/wp-json\/wp\/v2\/product"}],"about":[{"href":"https:\/\/armyppe.com\/pl_pl\/wp-json\/wp\/v2\/types\/product"}],"replies":[{"embeddable":true,"href":"https:\/\/armyppe.com\/pl_pl\/wp-json\/wp\/v2\/comments?post=1149"}],"wp:featuredmedia":[{"embeddable":true,"href":"https:\/\/armyppe.com\/pl_pl\/wp-json\/wp\/v2\/media\/1150"}],"wp:attachment":[{"href":"https:\/\/armyppe.com\/pl_pl\/wp-json\/wp\/v2\/media?parent=1149"}],"wp:term":[{"taxonomy":"product_cat","embeddable":true,"href":"https:\/\/armyppe.com\/pl_pl\/wp-json\/wp\/v2\/product_cat?post=1149"},{"taxonomy":"product_tag","embeddable":true,"href":"https:\/\/armyppe.com\/pl_pl\/wp-json\/wp\/v2\/product_tag?post=1149"}],"curies":[{"name":"wp","href":"https:\/\/api.w.org\/{rel}","templated":true}]}}