{"id":1131,"date":"2024-05-18T09:45:52","date_gmt":"2024-05-18T07:45:52","guid":{"rendered":"https:\/\/armyppe.com\/?post_type=product&#038;p=1131"},"modified":"2024-08-19T19:37:48","modified_gmt":"2024-08-19T17:37:48","slug":"kombinezon-udaroodporny-8-czesciowy","status":"publish","type":"product","link":"https:\/\/armyppe.com\/pl_pl\/sklep\/kombinezon-udaroodporny-8-czesciowy\/","title":{"rendered":"Kombinezon udaroodporny 8 cz\u0119\u015bciowy"},"content":{"rendered":"<p>Kombinezon udaroodporny do kontroli t\u0142umu tzw Antyriot suit. Model: AR8FP\/024<br \/>\nSk\u0142adaj\u0105cy si\u0119 z 8 cz\u0119\u015bci:\u00a0 os\u0142ona torsu z os\u0142on\u0105 ramion, os\u0142ona przedramion (2szt.), r\u0119kawice (2szt.), os\u0142ona krocza<br \/>\nz os\u0142on\u0105 ud, os\u0142ona goleni (2szt.)<\/p>\n<p>Dzi\u0119ki temu \u017ce sk\u0142ada si\u0119 z 8 cz\u0119\u015bci mo\u017cna go szybciej ubra\u0107.<\/p>\n<p>Kombinezon ochrania przed urazami od: Uderze\u0144, d\u017agni\u0119\u0107, ci\u0119\u0107, a tak\u017ce w pewnym stopniu od ognia.<br \/>\nWykonany z trudnopalnych materia\u0142\u00f3w w tym: PP, PA, EVA, nylon itd.<br \/>\nDost\u0119pne kolory: czarny, bia\u0142y, niebieski, czerwony, \u017c\u00f3\u0142ty i inne (na zam\u00f3wienie)<br \/>\nKombinezon wykonany jest tak, aby nie utrudnia\u0107 poruszania si\u0119 mo\u017cna w nim bez problemu: biega\u0107, skaka\u0107, p\u0142ywa\u0107, je\u017adzi\u0107 pojazdem mechanicznym czy konno.<br \/>\nWaga ca\u0142o\u015bci zestawu: 5,6kg<\/p>\n<p>W zestawie torba do kombinezonu<\/p>\n<p>Producent: BulletProof PPE LLC, USA<\/p>\n<p>*Kask nie wchodzi do kompletu zestawu, mo\u017cna go u nas naby\u0107 osobno.<\/p>\n<p>**Prosimy o rozwa\u017cne zakupy, produkt na zam\u00f3wienie NIE podlega zwrotowi<\/p>\n<p>&nbsp;<\/p>\n<p><span style=\"font-size: 10px;\">*Produkt mo\u017ce r\u00f3\u017cni\u0107 si\u0119 nieznacznie od zdj\u0119cia, zdj\u0119cia maj\u0105 charakter pogl\u0105dowy<\/span><\/p>\n","protected":false},"excerpt":{"rendered":"<p>Kombinezon udaroodporny do kontroli t\u0142umu tzw Antyriot suit. Model: AR8FP\/024 Sk\u0142adaj\u0105cy si\u0119 z 8 cz\u0119\u015bci:\u00a0 os\u0142ona torsu z os\u0142on\u0105 ramion, os\u0142ona przedramion (2szt.), r\u0119kawice (2szt.),&hellip;<\/p>\n","protected":false},"featured_media":1132,"comment_status":"open","ping_status":"closed","template":"","meta":[],"product_cat":[24,36],"product_tag":[],"class_list":{"0":"post-1131","1":"product","2":"type-product","3":"status-publish","4":"has-post-thumbnail","6":"product_cat-antyriot","7":"product_cat-bestsellery-nowosci","9":"first","10":"instock","11":"shipping-taxable","12":"purchasable","13":"product-type-simple","14":"customify-col","15":"product-has-gallery"},"yoast_head":"<!-- This site is optimized with the Yoast SEO plugin v23.3 - https:\/\/yoast.com\/wordpress\/plugins\/seo\/ -->\n<title>Kombinezon udaroodporny 8 cz\u0119\u015bciowy - ArmyPPE<\/title>\n<meta name=\"description\" content=\"Kombinezon udaroodporny do kontroli t\u0142umu tzw Antyriot suit. Model: AR8FP\/024 Sk\u0142adaj\u0105cy si\u0119 z 8 cz\u0119\u015bci. Wersja lekka do szybkiego ubrania.\" \/>\n<meta name=\"robots\" content=\"index, follow, max-snippet:-1, max-image-preview:large, max-video-preview:-1\" \/>\n<link rel=\"canonical\" href=\"https:\/\/armyppe.com\/pl_pl\/sklep\/kombinezon-udaroodporny-8-czesciowy\/\" \/>\n<meta property=\"og:locale\" content=\"pl_PL\" \/>\n<meta property=\"og:type\" content=\"article\" \/>\n<meta property=\"og:title\" content=\"Kombinezon udaroodporny 8 cz\u0119\u015bciowy - ArmyPPE\" \/>\n<meta property=\"og:description\" content=\"Kombinezon udaroodporny do kontroli t\u0142umu tzw Antyriot suit. Model: AR8FP\/024 Sk\u0142adaj\u0105cy si\u0119 z 8 cz\u0119\u015bci. Wersja lekka do szybkiego ubrania.\" \/>\n<meta property=\"og:url\" content=\"https:\/\/armyppe.com\/pl_pl\/sklep\/kombinezon-udaroodporny-8-czesciowy\/\" \/>\n<meta property=\"og:site_name\" content=\"ArmyPPE\" \/>\n<meta property=\"article:modified_time\" content=\"2024-08-19T17:37:48+00:00\" \/>\n<meta property=\"og:image\" content=\"https:\/\/armyppe.com\/wp-content\/uploads\/2024\/05\/1.jpg\" \/>\n\t<meta property=\"og:image:width\" content=\"278\" \/>\n\t<meta property=\"og:image:height\" content=\"455\" \/>\n\t<meta property=\"og:image:type\" content=\"image\/jpeg\" \/>\n<meta name=\"twitter:card\" content=\"summary_large_image\" \/>\n<meta name=\"twitter:label1\" content=\"Szacowany czas czytania\" \/>\n\t<meta name=\"twitter:data1\" content=\"2 minuty\" \/>\n<script type=\"application\/ld+json\" class=\"yoast-schema-graph\">{\"@context\":\"https:\/\/schema.org\",\"@graph\":[{\"@type\":\"WebPage\",\"@id\":\"https:\/\/armyppe.com\/pl_pl\/sklep\/kombinezon-udaroodporny-8-czesciowy\/\",\"url\":\"https:\/\/armyppe.com\/pl_pl\/sklep\/kombinezon-udaroodporny-8-czesciowy\/\",\"name\":\"Kombinezon udaroodporny 8 cz\u0119\u015bciowy - ArmyPPE\",\"isPartOf\":{\"@id\":\"https:\/\/armyppe.com\/pl_pl\/#website\"},\"primaryImageOfPage\":{\"@id\":\"https:\/\/armyppe.com\/pl_pl\/sklep\/kombinezon-udaroodporny-8-czesciowy\/#primaryimage\"},\"image\":{\"@id\":\"https:\/\/armyppe.com\/pl_pl\/sklep\/kombinezon-udaroodporny-8-czesciowy\/#primaryimage\"},\"thumbnailUrl\":\"https:\/\/armyppe.com\/wp-content\/uploads\/2024\/05\/1.jpg\",\"datePublished\":\"2024-05-18T07:45:52+00:00\",\"dateModified\":\"2024-08-19T17:37:48+00:00\",\"description\":\"Kombinezon udaroodporny do kontroli t\u0142umu tzw Antyriot suit. Model: AR8FP\/024 Sk\u0142adaj\u0105cy si\u0119 z 8 cz\u0119\u015bci. Wersja lekka do szybkiego ubrania.\",\"breadcrumb\":{\"@id\":\"https:\/\/armyppe.com\/pl_pl\/sklep\/kombinezon-udaroodporny-8-czesciowy\/#breadcrumb\"},\"inLanguage\":\"pl-PL\",\"potentialAction\":[{\"@type\":\"ReadAction\",\"target\":[\"https:\/\/armyppe.com\/pl_pl\/sklep\/kombinezon-udaroodporny-8-czesciowy\/\"]}]},{\"@type\":\"ImageObject\",\"inLanguage\":\"pl-PL\",\"@id\":\"https:\/\/armyppe.com\/pl_pl\/sklep\/kombinezon-udaroodporny-8-czesciowy\/#primaryimage\",\"url\":\"https:\/\/armyppe.com\/wp-content\/uploads\/2024\/05\/1.jpg\",\"contentUrl\":\"https:\/\/armyppe.com\/wp-content\/uploads\/2024\/05\/1.jpg\",\"width\":278,\"height\":455},{\"@type\":\"BreadcrumbList\",\"@id\":\"https:\/\/armyppe.com\/pl_pl\/sklep\/kombinezon-udaroodporny-8-czesciowy\/#breadcrumb\",\"itemListElement\":[{\"@type\":\"ListItem\",\"position\":1,\"name\":\"Strona g\u0142\u00f3wna\",\"item\":\"https:\/\/armyppe.com\/pl_pl\/\"},{\"@type\":\"ListItem\",\"position\":2,\"name\":\"Sklep\",\"item\":\"https:\/\/armyppe.com\/pl_pl\/sklep\/\"},{\"@type\":\"ListItem\",\"position\":3,\"name\":\"Kombinezon udaroodporny 8 cz\u0119\u015bciowy\"}]},{\"@type\":\"WebSite\",\"@id\":\"https:\/\/armyppe.com\/pl_pl\/#website\",\"url\":\"https:\/\/armyppe.com\/pl_pl\/\",\"name\":\"ArmyPPE\",\"description\":\"\",\"publisher\":{\"@id\":\"https:\/\/armyppe.com\/pl_pl\/#organization\"},\"potentialAction\":[{\"@type\":\"SearchAction\",\"target\":{\"@type\":\"EntryPoint\",\"urlTemplate\":\"https:\/\/armyppe.com\/pl_pl\/?s={search_term_string}\"},\"query-input\":\"required name=search_term_string\"}],\"inLanguage\":\"pl-PL\"},{\"@type\":\"Organization\",\"@id\":\"https:\/\/armyppe.com\/pl_pl\/#organization\",\"name\":\"ArmyPPE\",\"url\":\"https:\/\/armyppe.com\/pl_pl\/\",\"logo\":{\"@type\":\"ImageObject\",\"inLanguage\":\"pl-PL\",\"@id\":\"https:\/\/armyppe.com\/pl_pl\/#\/schema\/logo\/image\/\",\"url\":\"https:\/\/armyppe.com\/wp-content\/uploads\/2022\/10\/Group-5.png\",\"contentUrl\":\"https:\/\/armyppe.com\/wp-content\/uploads\/2022\/10\/Group-5.png\",\"width\":262,\"height\":308,\"caption\":\"ArmyPPE\"},\"image\":{\"@id\":\"https:\/\/armyppe.com\/pl_pl\/#\/schema\/logo\/image\/\"}}]}<\/script>\n<!-- \/ Yoast SEO plugin. -->","yoast_head_json":{"title":"Kombinezon udaroodporny 8 cz\u0119\u015bciowy - ArmyPPE","description":"Kombinezon udaroodporny do kontroli t\u0142umu tzw Antyriot suit. Model: AR8FP\/024 Sk\u0142adaj\u0105cy si\u0119 z 8 cz\u0119\u015bci. Wersja lekka do szybkiego ubrania.","robots":{"index":"index","follow":"follow","max-snippet":"max-snippet:-1","max-image-preview":"max-image-preview:large","max-video-preview":"max-video-preview:-1"},"canonical":"https:\/\/armyppe.com\/pl_pl\/sklep\/kombinezon-udaroodporny-8-czesciowy\/","og_locale":"pl_PL","og_type":"article","og_title":"Kombinezon udaroodporny 8 cz\u0119\u015bciowy - ArmyPPE","og_description":"Kombinezon udaroodporny do kontroli t\u0142umu tzw Antyriot suit. Model: AR8FP\/024 Sk\u0142adaj\u0105cy si\u0119 z 8 cz\u0119\u015bci. Wersja lekka do szybkiego ubrania.","og_url":"https:\/\/armyppe.com\/pl_pl\/sklep\/kombinezon-udaroodporny-8-czesciowy\/","og_site_name":"ArmyPPE","article_modified_time":"2024-08-19T17:37:48+00:00","og_image":[{"width":278,"height":455,"url":"https:\/\/armyppe.com\/wp-content\/uploads\/2024\/05\/1.jpg","type":"image\/jpeg"}],"twitter_card":"summary_large_image","twitter_misc":{"Szacowany czas czytania":"2 minuty"},"schema":{"@context":"https:\/\/schema.org","@graph":[{"@type":"WebPage","@id":"https:\/\/armyppe.com\/pl_pl\/sklep\/kombinezon-udaroodporny-8-czesciowy\/","url":"https:\/\/armyppe.com\/pl_pl\/sklep\/kombinezon-udaroodporny-8-czesciowy\/","name":"Kombinezon udaroodporny 8 cz\u0119\u015bciowy - ArmyPPE","isPartOf":{"@id":"https:\/\/armyppe.com\/pl_pl\/#website"},"primaryImageOfPage":{"@id":"https:\/\/armyppe.com\/pl_pl\/sklep\/kombinezon-udaroodporny-8-czesciowy\/#primaryimage"},"image":{"@id":"https:\/\/armyppe.com\/pl_pl\/sklep\/kombinezon-udaroodporny-8-czesciowy\/#primaryimage"},"thumbnailUrl":"https:\/\/armyppe.com\/wp-content\/uploads\/2024\/05\/1.jpg","datePublished":"2024-05-18T07:45:52+00:00","dateModified":"2024-08-19T17:37:48+00:00","description":"Kombinezon udaroodporny do kontroli t\u0142umu tzw Antyriot suit. Model: AR8FP\/024 Sk\u0142adaj\u0105cy si\u0119 z 8 cz\u0119\u015bci. Wersja lekka do szybkiego ubrania.","breadcrumb":{"@id":"https:\/\/armyppe.com\/pl_pl\/sklep\/kombinezon-udaroodporny-8-czesciowy\/#breadcrumb"},"inLanguage":"pl-PL","potentialAction":[{"@type":"ReadAction","target":["https:\/\/armyppe.com\/pl_pl\/sklep\/kombinezon-udaroodporny-8-czesciowy\/"]}]},{"@type":"ImageObject","inLanguage":"pl-PL","@id":"https:\/\/armyppe.com\/pl_pl\/sklep\/kombinezon-udaroodporny-8-czesciowy\/#primaryimage","url":"https:\/\/armyppe.com\/wp-content\/uploads\/2024\/05\/1.jpg","contentUrl":"https:\/\/armyppe.com\/wp-content\/uploads\/2024\/05\/1.jpg","width":278,"height":455},{"@type":"BreadcrumbList","@id":"https:\/\/armyppe.com\/pl_pl\/sklep\/kombinezon-udaroodporny-8-czesciowy\/#breadcrumb","itemListElement":[{"@type":"ListItem","position":1,"name":"Strona g\u0142\u00f3wna","item":"https:\/\/armyppe.com\/pl_pl\/"},{"@type":"ListItem","position":2,"name":"Sklep","item":"https:\/\/armyppe.com\/pl_pl\/sklep\/"},{"@type":"ListItem","position":3,"name":"Kombinezon udaroodporny 8 cz\u0119\u015bciowy"}]},{"@type":"WebSite","@id":"https:\/\/armyppe.com\/pl_pl\/#website","url":"https:\/\/armyppe.com\/pl_pl\/","name":"ArmyPPE","description":"","publisher":{"@id":"https:\/\/armyppe.com\/pl_pl\/#organization"},"potentialAction":[{"@type":"SearchAction","target":{"@type":"EntryPoint","urlTemplate":"https:\/\/armyppe.com\/pl_pl\/?s={search_term_string}"},"query-input":"required name=search_term_string"}],"inLanguage":"pl-PL"},{"@type":"Organization","@id":"https:\/\/armyppe.com\/pl_pl\/#organization","name":"ArmyPPE","url":"https:\/\/armyppe.com\/pl_pl\/","logo":{"@type":"ImageObject","inLanguage":"pl-PL","@id":"https:\/\/armyppe.com\/pl_pl\/#\/schema\/logo\/image\/","url":"https:\/\/armyppe.com\/wp-content\/uploads\/2022\/10\/Group-5.png","contentUrl":"https:\/\/armyppe.com\/wp-content\/uploads\/2022\/10\/Group-5.png","width":262,"height":308,"caption":"ArmyPPE"},"image":{"@id":"https:\/\/armyppe.com\/pl_pl\/#\/schema\/logo\/image\/"}}]}},"_links":{"self":[{"href":"https:\/\/armyppe.com\/pl_pl\/wp-json\/wp\/v2\/product\/1131","targetHints":{"allow":["GET"]}}],"collection":[{"href":"https:\/\/armyppe.com\/pl_pl\/wp-json\/wp\/v2\/product"}],"about":[{"href":"https:\/\/armyppe.com\/pl_pl\/wp-json\/wp\/v2\/types\/product"}],"replies":[{"embeddable":true,"href":"https:\/\/armyppe.com\/pl_pl\/wp-json\/wp\/v2\/comments?post=1131"}],"wp:featuredmedia":[{"embeddable":true,"href":"https:\/\/armyppe.com\/pl_pl\/wp-json\/wp\/v2\/media\/1132"}],"wp:attachment":[{"href":"https:\/\/armyppe.com\/pl_pl\/wp-json\/wp\/v2\/media?parent=1131"}],"wp:term":[{"taxonomy":"product_cat","embeddable":true,"href":"https:\/\/armyppe.com\/pl_pl\/wp-json\/wp\/v2\/product_cat?post=1131"},{"taxonomy":"product_tag","embeddable":true,"href":"https:\/\/armyppe.com\/pl_pl\/wp-json\/wp\/v2\/product_tag?post=1131"}],"curies":[{"name":"wp","href":"https:\/\/api.w.org\/{rel}","templated":true}]}}